{"id":24707,"date":"2025-01-21T13:26:04","date_gmt":"2025-01-21T12:26:04","guid":{"rendered":"https:\/\/blue-dreams-nfo.com\/?page_id=24707"},"modified":"2025-03-26T00:13:31","modified_gmt":"2025-03-25T23:13:31","slug":"gin-von-blue-dreams-ch","status":"publish","type":"page","link":"https:\/\/blue-dreams-nfo.com\/de\/unsere-kastraten\/gin-von-blue-dreams-ch\/","title":{"rendered":"Gin von Blue Dreams *CH"},"content":{"rendered":"<p>[et_pb_section fb_built=&#187;1&#8243; admin_label=&#187;Header&#187; _builder_version=&#187;4.24.1&#8243; _module_preset=&#187;default&#187; custom_padding=&#187;||0px||false|false&#187; locked=&#187;off&#187; collapsed=&#187;on&#187; global_colors_info=&#187;{}&#187;][et_pb_row _builder_version=&#187;4.24.1&#8243; _module_preset=&#187;default&#187; global_colors_info=&#187;{}&#187;][et_pb_column type=&#187;4_4&#8243; _builder_version=&#187;4.24.1&#8243; _module_preset=&#187;default&#187; global_colors_info=&#187;{}&#187;][et_pb_text _builder_version=&#187;4.27.4&#8243; _module_preset=&#187;_initial&#187; header_font=&#187;|||on|||||&#187; header_font_size=&#187;80px&#187; header_line_height=&#187;1.3em&#187; text_orientation=&#187;center&#187; header_font_size_tablet=&#187;40px&#187; header_font_size_phone=&#187;24px&#187; header_font_size_last_edited=&#187;on|desktop&#187; global_colors_info=&#187;{}&#187;]<\/p>\n<h1>IC Gin von Blue Dreams *CH<\/h1>\n<p>[\/et_pb_text][\/et_pb_column][\/et_pb_row][\/et_pb_section][et_pb_section fb_built=&#187;1&#8243; admin_label=&#187;Contact Info&#187; _builder_version=&#187;4.24.2&#8243; _module_preset=&#187;default&#187; locked=&#187;off&#187; collapsed=&#187;on&#187; global_colors_info=&#187;{}&#187;][et_pb_row column_structure=&#187;1_2,1_2&#8243; make_equal=&#187;on&#187; _builder_version=&#187;4.27.4&#8243; _module_preset=&#187;default&#187; width=&#187;90%&#187; max_width=&#187;2000px&#187; global_colors_info=&#187;{}&#187;][et_pb_column type=&#187;1_2&#8243; _builder_version=&#187;4.27.4&#8243; _module_preset=&#187;default&#187; custom_padding=&#187;||||false|false&#187; custom_padding_tablet=&#187;0px||0px||true|false&#187; custom_padding_phone=&#187;0px||0px||true|false&#187; custom_padding_last_edited=&#187;on|desktop&#187; global_colors_info=&#187;{}&#187;][et_pb_text _builder_version=&#187;4.27.4&#8243; _module_preset=&#187;_initial&#187; header_4_font=&#187;||||||||&#187; header_4_font_size=&#187;36px&#187; header_4_line_height=&#187;1.4em&#187; text_orientation=&#187;center&#187; custom_margin=&#187;||0px||false|false&#187; header_4_font_size_tablet=&#187;18px&#187; header_4_font_size_phone=&#187;15px&#187; header_4_font_size_last_edited=&#187;on|desktop&#187; content_en_us=&#187;<\/p>\n<h4>Date of birth<\/h4>\n<p>&#187; content_pt_pt=&#187;<\/p>\n<h4>Data de nascimento<\/h4>\n<p>&#187; content_fr_fr=&#187;<\/p>\n<h4>Date de naissance<\/h4>\n<p>&#187; global_colors_info=&#187;{}&#187;]<\/p>\n<h4>Geburtsdatum<\/h4>\n<p>[\/et_pb_text][et_pb_text quote_border_color=&#187;#000000&#8243; _builder_version=&#187;4.27.4&#8243; _module_preset=&#187;_initial&#187; text_font=&#187;||||||||&#187; text_font_size=&#187;16px&#187; text_line_height=&#187;1.65em&#187; link_font=&#187;||||on||||&#187; link_text_color=&#187;#000000&#8243; quote_text_color=&#187;#000000&#8243; quote_font_size=&#187;20px&#187; text_orientation=&#187;center&#187; text_font_size_tablet=&#187;15px&#187; text_font_size_phone=&#187;14px&#187; text_font_size_last_edited=&#187;on|desktop&#187; quote_font_size_tablet=&#187;16px&#187; quote_font_size_phone=&#187;14px&#187; quote_font_size_last_edited=&#187;on|desktop&#187; global_colors_info=&#187;{}&#187;]<\/p>\n<p><span>30.04.2021<\/span><\/p>\n<p>[\/et_pb_text][et_pb_text _builder_version=&#187;4.27.4&#8243; _module_preset=&#187;_initial&#187; header_4_font=&#187;||||||||&#187; header_4_font_size=&#187;36px&#187; header_4_line_height=&#187;1.4em&#187; text_orientation=&#187;center&#187; custom_margin=&#187;||0px||false|false&#187; header_4_font_size_tablet=&#187;18px&#187; header_4_font_size_phone=&#187;15px&#187; header_4_font_size_last_edited=&#187;on|desktop&#187; content_en_us=&#187;<\/p>\n<h4>Color<\/h4>\n<p>&#187; content_pt_pt=&#187;<\/p>\n<h4>Cor<\/h4>\n<p>&#187; content_fr_fr=&#187;<\/p>\n<h4>Couleur<\/h4>\n<p>&#187; global_colors_info=&#187;{}&#187;]<\/p>\n<h4>Farbe<\/h4>\n<p>[\/et_pb_text][et_pb_text quote_border_color=&#187;#000000&#8243; _builder_version=&#187;4.27.4&#8243; _module_preset=&#187;_initial&#187; text_font=&#187;||||||||&#187; text_font_size=&#187;16px&#187; text_line_height=&#187;1.65em&#187; link_font=&#187;||||on||||&#187; link_text_color=&#187;#000000&#8243; quote_text_color=&#187;#000000&#8243; quote_font_size=&#187;20px&#187; text_orientation=&#187;center&#187; text_font_size_tablet=&#187;15px&#187; text_font_size_phone=&#187;14px&#187; text_font_size_last_edited=&#187;on|desktop&#187; quote_font_size_tablet=&#187;16px&#187; quote_font_size_phone=&#187;14px&#187; quote_font_size_last_edited=&#187;on|desktop&#187; global_colors_info=&#187;{}&#187;]<\/p>\n<div>NFO ns 09<\/div>\n<p>[\/et_pb_text][et_pb_text _builder_version=&#187;4.27.4&#8243; _module_preset=&#187;_initial&#187; header_4_font=&#187;||||||||&#187; header_4_font_size=&#187;36px&#187; header_4_line_height=&#187;1.4em&#187; text_orientation=&#187;center&#187; custom_margin=&#187;||0px||false|false&#187; header_4_font_size_tablet=&#187;18px&#187; header_4_font_size_phone=&#187;15px&#187; header_4_font_size_last_edited=&#187;on|desktop&#187; content_en_us=&#187;<\/p>\n<h4>Sex<\/h4>\n<p>&#187; content_pt_pt=&#187;<\/p>\n<h4>G\u00eanero<\/h4>\n<p>&#187; content_fr_fr=&#187;<\/p>\n<h4>Sexe<\/h4>\n<p>&#187; global_colors_info=&#187;{}&#187;]<\/p>\n<h4>Geschlecht<\/h4>\n<p>[\/et_pb_text][et_pb_text quote_border_color=&#187;#000000&#8243; _builder_version=&#187;4.27.4&#8243; _module_preset=&#187;_initial&#187; text_font=&#187;||||||||&#187; text_font_size=&#187;16px&#187; text_line_height=&#187;1.65em&#187; link_font=&#187;||||on||||&#187; link_text_color=&#187;#000000&#8243; quote_text_color=&#187;#000000&#8243; quote_font_size=&#187;20px&#187; text_orientation=&#187;center&#187; text_font_size_tablet=&#187;15px&#187; text_font_size_phone=&#187;14px&#187; text_font_size_last_edited=&#187;on|desktop&#187; quote_font_size_tablet=&#187;16px&#187; quote_font_size_phone=&#187;14px&#187; quote_font_size_last_edited=&#187;on|desktop&#187; content_en_us=&#187;<\/p>\n<p>Neuter male<\/p>\n<p>&#187; content_pt_pt=&#187;<\/p>\n<p>Macho neutro<\/p>\n<p>&#187; content_fr_fr=&#187;<\/p>\n<p>M\u00e2le neutre<\/p>\n<p>&#187; locked=&#187;off&#187; global_colors_info=&#187;{}&#187;]<\/p>\n<p>Kastraten mannlich<\/p>\n<p>[\/et_pb_text][et_pb_text _builder_version=&#187;4.27.4&#8243; _module_preset=&#187;_initial&#187; header_4_font=&#187;||||||||&#187; header_4_font_size=&#187;36px&#187; header_4_line_height=&#187;1.4em&#187; text_orientation=&#187;center&#187; custom_margin=&#187;||0px||false|false&#187; header_4_font_size_tablet=&#187;18px&#187; header_4_font_size_phone=&#187;15px&#187; header_4_font_size_last_edited=&#187;on|desktop&#187; content_en_us=&#187;<\/p>\n<h4>Pedigree<\/h4>\n<p>&#187; content_pt_pt=&#187;<\/p>\n<h4>Genealogia<\/h4>\n<p>&#187; content_fr_fr=&#187;<\/p>\n<h4>P\u00e9digr\u00e9e<\/h4>\n<p>&#187; global_colors_info=&#187;{}&#187;]<\/p>\n<h4>Stammbaum<\/h4>\n<p>[\/et_pb_text][et_pb_text quote_border_color=&#187;#000000&#8243; _builder_version=&#187;4.27.4&#8243; _dynamic_attributes=&#187;link_option_url&#187; _module_preset=&#187;_initial&#187; text_font=&#187;||||||||&#187; text_font_size=&#187;16px&#187; text_line_height=&#187;1.65em&#187; link_font=&#187;||||on||||&#187; link_text_color=&#187;#000000&#8243; quote_text_color=&#187;#000000&#8243; quote_font_size=&#187;20px&#187; text_orientation=&#187;center&#187; link_option_url=&#187;@ET-DC@eyJkeW5hbWljIjp0cnVlLCJjb250ZW50IjoicG9zdF9saW5rX3VybF9hdHRhY2htZW50Iiwic2V0dGluZ3MiOnsicG9zdF9pZCI6IjI0NzUzIn19@&#187; link_option_url_new_window=&#187;on&#187; text_font_size_tablet=&#187;15px&#187; text_font_size_phone=&#187;14px&#187; text_font_size_last_edited=&#187;on|desktop&#187; quote_font_size_tablet=&#187;16px&#187; quote_font_size_phone=&#187;14px&#187; quote_font_size_last_edited=&#187;on|desktop&#187; content_en_us=&#187;see the pedigree&#187; content_pt_pt=&#187;ver o pedigree<br \/>\n&#187; content_fr_fr=&#187;Voir son p\u00e9digr\u00e9e&#187; global_colors_info=&#187;{}&#187;]<\/p>\n<p>Stammbaum ansehen<\/p>\n<p>[\/et_pb_text][et_pb_text quote_border_color=&#187;#000000&#8243; _builder_version=&#187;4.27.4&#8243; _module_preset=&#187;_initial&#187; text_font=&#187;||||||||&#187; text_font_size=&#187;16px&#187; text_line_height=&#187;1.65em&#187; link_font=&#187;||||on||||&#187; link_text_color=&#187;#000000&#8243; quote_text_color=&#187;#000000&#8243; quote_font_size=&#187;20px&#187; text_orientation=&#187;center&#187; hover_enabled=&#187;0&#8243; text_font_size_tablet=&#187;15px&#187; text_font_size_phone=&#187;14px&#187; text_font_size_last_edited=&#187;on|desktop&#187; quote_font_size_tablet=&#187;16px&#187; quote_font_size_phone=&#187;14px&#187; quote_font_size_last_edited=&#187;on|desktop&#187; content_en_us=&#187;<\/p>\n<p>see the pedigree on Pawpeds<\/p>\n<p>&#187; content_pt_pt=&#187;<\/p>\n<p>ver o pedigree no Pawpeds<\/p>\n<p>&#187; content_fr_fr=&#187;<\/p>\n<p>Voir son p\u00e9digr\u00e9e sur Pawpeds<\/p>\n<p>&#187; global_colors_info=&#187;{}&#187; link_option_url=&#187;https:\/\/www.pawpeds.com\/db\/?a=p&#038;id=1657482&#038;g=4&#038;p=nfo&#038;o=elastic&#187; link_option_url_new_window=&#187;on&#187; sticky_enabled=&#187;0&#8243; locked=&#187;off&#187;]<\/p>\n<p>Stammbaum auf Pawpeds<\/p>\n<p>[\/et_pb_text][et_pb_text _builder_version=&#187;4.27.4&#8243; _module_preset=&#187;_initial&#187; header_4_font=&#187;||||||||&#187; header_4_font_size=&#187;36px&#187; header_4_line_height=&#187;1.4em&#187; text_orientation=&#187;center&#187; custom_margin=&#187;||0px||false|false&#187; header_4_font_size_tablet=&#187;18px&#187; header_4_font_size_phone=&#187;15px&#187; header_4_font_size_last_edited=&#187;on|desktop&#187; content_en_us=&#187;<\/p>\n<h4>Medical tests<\/h4>\n<p>&#187; content_pt_pt=&#187;<\/p>\n<h4>Testes m\u00e9dicos<\/h4>\n<p>&#187; content_fr_fr=&#187;<\/p>\n<h4>Tests m\u00e9dicaux<\/h4>\n<p>&#187; global_colors_info=&#187;{}&#187;]<\/p>\n<h4>Medizinische Tests<\/h4>\n<p>[\/et_pb_text][et_pb_text quote_border_color=&#187;#000000&#8243; _builder_version=&#187;4.27.4&#8243; _module_preset=&#187;_initial&#187; text_font=&#187;||||||||&#187; text_font_size=&#187;16px&#187; text_line_height=&#187;1.65em&#187; link_font=&#187;||||on||||&#187; link_text_color=&#187;#000000&#8243; quote_text_color=&#187;#000000&#8243; quote_font_size=&#187;20px&#187; text_orientation=&#187;center&#187; text_font_size_tablet=&#187;15px&#187; text_font_size_phone=&#187;14px&#187; text_font_size_last_edited=&#187;on|desktop&#187; quote_font_size_tablet=&#187;16px&#187; quote_font_size_phone=&#187;14px&#187; quote_font_size_last_edited=&#187;on|desktop&#187; global_colors_info=&#187;{}&#187;]<\/p>\n<div>GSD IV, (Glykogenspeicherkrankeit) : Genotyp N\/N,\u00a0<\/div>\n<div><span> <\/span>PKD (Pyruvatkinase-Defizienz: Genotyp N\/N,\u00a0<\/div>\n<div><span> <\/span>Amber: EE (kein Ambertr\u00e4ger)<\/div>\n<div><span> <\/span>HCM Screening 12. 01.2023 : Normal<\/div>\n<p>[\/et_pb_text][\/et_pb_column][et_pb_column type=&#187;1_2&#8243; _builder_version=&#187;4.27.4&#8243; _module_preset=&#187;default&#187; background_enable_image=&#187;off&#187; parallax=&#187;on&#187; global_colors_info=&#187;{}&#187;][et_pb_image src=&#187;https:\/\/blue-dreams-nfo.com\/wp-content\/uploads\/2025\/01\/IMG_7782-rotated.jpeg&#187; title_text=&#187;IMG_7782&#8243; align=&#187;center&#187; force_fullwidth=&#187;on&#187; _builder_version=&#187;4.27.4&#8243; _module_preset=&#187;default&#187; border_radii=&#187;on|20px|20px|20px|20px&#187; box_shadow_style=&#187;preset2&#8243; global_colors_info=&#187;{}&#187;][\/et_pb_image][\/et_pb_column][\/et_pb_row][\/et_pb_section][et_pb_section fb_built=&#187;1&#8243; admin_label=&#187;Contact Form&#187; _builder_version=&#187;4.24.2&#8243; _module_preset=&#187;default&#187; locked=&#187;off&#187; collapsed=&#187;on&#187; global_colors_info=&#187;{}&#187;][et_pb_row _builder_version=&#187;4.24.1&#8243; _module_preset=&#187;default&#187; max_width=&#187;900px&#187; global_colors_info=&#187;{}&#187;][et_pb_column type=&#187;4_4&#8243; _builder_version=&#187;4.24.1&#8243; _module_preset=&#187;default&#187; global_colors_info=&#187;{}&#187;][et_pb_text _builder_version=&#187;4.27.4&#8243; _module_preset=&#187;_initial&#187; header_2_font=&#187;||||||||&#187; header_2_font_size=&#187;62px&#187; header_2_line_height=&#187;1.3em&#187; text_orientation=&#187;center&#187; header_2_font_size_tablet=&#187;32px&#187; header_2_font_size_phone=&#187;20px&#187; header_2_font_size_last_edited=&#187;on|desktop&#187; content_en_us=&#187;<\/p>\n<h2>Presentation<\/h2>\n<p>&#187; content_pt_pt=&#187;<\/p>\n<h2>Apresenta\u00e7\u00e3o<\/h2>\n<p>&#187; content_fr_fr=&#187;<\/p>\n<h2>Pr\u00e9sentation<\/h2>\n<p>&#187; global_colors_info=&#187;{}&#187;]<\/p>\n<h2>Vorstellung<\/h2>\n<p>[\/et_pb_text][et_pb_text quote_border_color=&#187;#000000&#8243; _builder_version=&#187;4.27.4&#8243; _module_preset=&#187;_initial&#187; text_font=&#187;||||||||&#187; text_font_size=&#187;16px&#187; text_line_height=&#187;1.65em&#187; link_font=&#187;||||on||||&#187; link_text_color=&#187;#000000&#8243; quote_text_color=&#187;#000000&#8243; quote_font_size=&#187;20px&#187; text_orientation=&#187;center&#187; text_font_size_tablet=&#187;15px&#187; text_font_size_phone=&#187;14px&#187; text_font_size_last_edited=&#187;on|desktop&#187; quote_font_size_tablet=&#187;16px&#187; quote_font_size_phone=&#187;14px&#187; quote_font_size_last_edited=&#187;on|desktop&#187; content_en_us=&#187;<\/p>\n<p>Neutered since October 2024, he is the father of 5 great litters and is now enjoying his retirement<\/p>\n<p>&#187; content_pt_pt=&#187;<\/p>\n<p>Castrado desde outubro de 2024, \u00e9 pai de 5 grandes ninhadas e est\u00e1 agora a gozar a sua reforma<\/p>\n<p>&#187; content_fr_fr=&#187;<\/p>\n<p>St\u00e9rilis\u00e9 depuis octobre 2024, il est le p\u00e8re de 5 superbes port\u00e9es et profite maintenant de sa retraite.<\/p>\n<p>&#187; global_colors_info=&#187;{}&#187;]<\/p>\n<p><span>Kastriert seit Oktober 2024, er ist der Vater von 5 tollen W\u00fcrfen und geniesst nun seinen Ruhestand<\/span><\/p>\n<p>[\/et_pb_text][\/et_pb_column][\/et_pb_row][\/et_pb_section][et_pb_section fb_built=&#187;1&#8243; admin_label=&#187;Contact Form&#187; _builder_version=&#187;4.24.2&#8243; _module_preset=&#187;default&#187; locked=&#187;off&#187; collapsed=&#187;on&#187; global_colors_info=&#187;{}&#187;][et_pb_row _builder_version=&#187;4.27.4&#8243; _module_preset=&#187;default&#187; max_width=&#187;900px&#187; global_colors_info=&#187;{}&#187;][et_pb_column type=&#187;4_4&#8243; _builder_version=&#187;4.24.1&#8243; _module_preset=&#187;default&#187; global_colors_info=&#187;{}&#187;][et_pb_text _builder_version=&#187;4.27.4&#8243; _module_preset=&#187;_initial&#187; header_2_font=&#187;||||||||&#187; header_2_font_size=&#187;62px&#187; header_2_line_height=&#187;1.3em&#187; text_orientation=&#187;center&#187; header_2_font_size_tablet=&#187;32px&#187; header_2_font_size_phone=&#187;20px&#187; header_2_font_size_last_edited=&#187;on|desktop&#187; content_en_us=&#187;<\/p>\n<h2>Gallery<\/h2>\n<p>&#187; content_pt_pt=&#187;<\/p>\n<h2>Galeria de fotos<\/h2>\n<p>&#187; content_fr_fr=&#187;<\/p>\n<h2>Galerie photo<\/h2>\n<p>&#187; global_colors_info=&#187;{}&#187;]<\/p>\n<h2>Fotogalerie<\/h2>\n<p>[\/et_pb_text][et_pb_gallery gallery_ids=&#187;24713,24714,24715,24716,24717,24718,24719,24720,24721&#8243; posts_number=&#187;20&#8243; show_title_and_caption=&#187;off&#187; _builder_version=&#187;4.27.4&#8243; _module_preset=&#187;default&#187; border_radii_image=&#187;on|10px|10px|10px|10px&#187; box_shadow_style_image=&#187;preset2&#8243; global_colors_info=&#187;{}&#187;][\/et_pb_gallery][\/et_pb_column][\/et_pb_row][\/et_pb_section][et_pb_section fb_built=&#187;1&#8243; admin_label=&#187;Contact Form&#187; _builder_version=&#187;4.24.2&#8243; _module_preset=&#187;default&#187; locked=&#187;off&#187; collapsed=&#187;on&#187; global_colors_info=&#187;{}&#187;][et_pb_row _builder_version=&#187;4.24.1&#8243; _module_preset=&#187;default&#187; max_width=&#187;900px&#187; global_colors_info=&#187;{}&#187;][et_pb_column type=&#187;4_4&#8243; _builder_version=&#187;4.24.1&#8243; _module_preset=&#187;default&#187; global_colors_info=&#187;{}&#187;][et_pb_text _builder_version=&#187;4.27.4&#8243; _module_preset=&#187;_initial&#187; header_2_font=&#187;||||||||&#187; header_2_font_size=&#187;62px&#187; header_2_line_height=&#187;1.3em&#187; text_orientation=&#187;center&#187; header_2_font_size_tablet=&#187;32px&#187; header_2_font_size_phone=&#187;20px&#187; header_2_font_size_last_edited=&#187;on|desktop&#187; content_en_us=&#187;<\/p>\n<h2>Show results<\/h2>\n<p>&#187; content_pt_pt=&#187;<\/p>\n<h2>resultados da exposi\u00e7\u00e3o<\/h2>\n<p>&#187; content_fr_fr=&#187;<\/p>\n<h2>R\u00e9sultats d&#8217;expositions<\/h2>\n<p>&#187; global_colors_info=&#187;{}&#187;]<\/p>\n<h2>Ausstellungsresultate<\/h2>\n<p>[\/et_pb_text][et_pb_text _builder_version=&#187;4.27.4&#8243; _module_preset=&#187;default&#187; global_colors_info=&#187;{}&#187;]<\/p>\n<div style=\"text-align: center;\">Champion 2022,<\/div>\n<div style=\"text-align: center;\">Internationaler Champion 2023<\/div>\n<div class=\"yj6qo\"><\/div>\n<div class=\"adL\"><\/div>\n<p>[\/et_pb_text][et_pb_text quote_border_color=&#187;#000000&#8243; _builder_version=&#187;4.27.4&#8243; _module_preset=&#187;_initial&#187; text_font=&#187;||||||||&#187; text_font_size=&#187;16px&#187; text_line_height=&#187;1.65em&#187; link_font=&#187;||||on||||&#187; link_text_color=&#187;#000000&#8243; quote_text_color=&#187;#000000&#8243; quote_font_size=&#187;20px&#187; text_orientation=&#187;center&#187; text_font_size_tablet=&#187;15px&#187; text_font_size_phone=&#187;14px&#187; text_font_size_last_edited=&#187;on|desktop&#187; quote_font_size_tablet=&#187;16px&#187; quote_font_size_phone=&#187;14px&#187; quote_font_size_last_edited=&#187;on|desktop&#187; global_colors_info=&#187;{}&#187;]<\/p>\n<table border=\"0\" style=\"width: 100%; border-collapse: collapse; float: left;\">\n<tbody>\n<tr style=\"height: 24px;\">\n<td style=\"width: 25%; height: 24px;\"><strong>Datum<\/strong><\/td>\n<td style=\"width: 25%; height: 24px;\"><strong>Ort<\/strong><\/td>\n<td style=\"width: 25%; height: 24px;\"><strong>Richter<\/strong><\/td>\n<td style=\"width: 25%; height: 24px;\"><strong>Reslultat<\/strong><\/td>\n<\/tr>\n<tr style=\"height: 24px;\">\n<td style=\"width: 25%; height: 24px;\">&#8230;<\/td>\n<td style=\"width: 25%; height: 24px;\">&#8230;<\/td>\n<td style=\"width: 25%; height: 24px;\">&#8230;<\/td>\n<td style=\"width: 25%; height: 24px;\">&#8230;<\/td>\n<\/tr>\n<\/tbody>\n<\/table>\n<p>[\/et_pb_text][\/et_pb_column][\/et_pb_row][\/et_pb_section]<\/p>\n","protected":false},"excerpt":{"rendered":"<p>IC Gin von Blue Dreams *CHGeburtsdatum30.04.2021FarbeNFO ns 09GeschlechtKastraten mannlichStammbaumStammbaum ansehenStammbaum auf PawpedsMedizinische TestsGSD IV, (Glykogenspeicherkrankeit) : Genotyp N\/N,\u00a0 PKD (Pyruvatkinase-Defizienz: Genotyp N\/N,\u00a0 Amber: EE (kein Ambertr\u00e4ger) HCM Screening 12. 01.2023 : NormalVorstellungKastriert seit Oktober 2024, er ist der Vater von 5 tollen W\u00fcrfen und geniesst nun seinen RuhestandFotogalerieAusstellungsresultateChampion 2022, Internationaler Champion 2023 Datum Ort Richter [&hellip;]<\/p>\n","protected":false},"author":1,"featured_media":0,"parent":24628,"menu_order":0,"comment_status":"closed","ping_status":"closed","template":"","meta":{"_et_pb_use_builder":"on","_et_pb_old_content":"","_et_gb_content_width":"","footnotes":""},"class_list":["post-24707","page","type-page","status-publish","hentry"],"_links":{"self":[{"href":"https:\/\/blue-dreams-nfo.com\/de\/wp-json\/wp\/v2\/pages\/24707","targetHints":{"allow":["GET"]}}],"collection":[{"href":"https:\/\/blue-dreams-nfo.com\/de\/wp-json\/wp\/v2\/pages"}],"about":[{"href":"https:\/\/blue-dreams-nfo.com\/de\/wp-json\/wp\/v2\/types\/page"}],"author":[{"embeddable":true,"href":"https:\/\/blue-dreams-nfo.com\/de\/wp-json\/wp\/v2\/users\/1"}],"replies":[{"embeddable":true,"href":"https:\/\/blue-dreams-nfo.com\/de\/wp-json\/wp\/v2\/comments?post=24707"}],"version-history":[{"count":9,"href":"https:\/\/blue-dreams-nfo.com\/de\/wp-json\/wp\/v2\/pages\/24707\/revisions"}],"predecessor-version":[{"id":25244,"href":"https:\/\/blue-dreams-nfo.com\/de\/wp-json\/wp\/v2\/pages\/24707\/revisions\/25244"}],"up":[{"embeddable":true,"href":"https:\/\/blue-dreams-nfo.com\/de\/wp-json\/wp\/v2\/pages\/24628"}],"wp:attachment":[{"href":"https:\/\/blue-dreams-nfo.com\/de\/wp-json\/wp\/v2\/media?parent=24707"}],"curies":[{"name":"wp","href":"https:\/\/api.w.org\/{rel}","templated":true}]}}