{"id":26504,"date":"2025-12-04T13:15:11","date_gmt":"2025-12-04T12:15:11","guid":{"rendered":"https:\/\/blue-dreams-nfo.com\/de\/?page_id=26504"},"modified":"2026-04-13T11:17:16","modified_gmt":"2026-04-13T09:17:16","slug":"love-of-my-life-von-blue-dreams-2","status":"publish","type":"page","link":"https:\/\/blue-dreams-nfo.com\/de\/unsere-katzen\/love-of-my-life-von-blue-dreams-2\/","title":{"rendered":"Love of my Life von Blue Dreams*CH"},"content":{"rendered":"<p>[et_pb_section fb_built=&#187;1&#8243; admin_label=&#187;Header&#187; _builder_version=&#187;4.24.1&#8243; _module_preset=&#187;default&#187; custom_padding=&#187;||0px||false|false&#187; hover_enabled=&#187;0&#8243; locked=&#187;off&#187; collapsed=&#187;on&#187; global_colors_info=&#187;{}&#187; sticky_enabled=&#187;0&#8243;][et_pb_row _builder_version=&#187;4.24.1&#8243; _module_preset=&#187;default&#187; global_colors_info=&#187;{}&#187;][et_pb_column type=&#187;4_4&#8243; _builder_version=&#187;4.24.1&#8243; _module_preset=&#187;default&#187; global_colors_info=&#187;{}&#187;][et_pb_text _builder_version=&#187;4.27.4&#8243; _module_preset=&#187;_initial&#187; header_font=&#187;|||on|||||&#187; header_font_size=&#187;80px&#187; header_line_height=&#187;1.3em&#187; text_orientation=&#187;center&#187; hover_enabled=&#187;0&#8243; header_font_size_tablet=&#187;40px&#187; header_font_size_phone=&#187;24px&#187; header_font_size_last_edited=&#187;on|desktop&#187; global_colors_info=&#187;{}&#187; sticky_enabled=&#187;0&#8243;]<\/p>\n<h1>KCH JCH Love of my Life von Blue Dreams*CH<\/h1>\n<p>[\/et_pb_text][\/et_pb_column][\/et_pb_row][\/et_pb_section][et_pb_section fb_built=&#187;1&#8243; admin_label=&#187;Contact Info&#187; _builder_version=&#187;4.24.2&#8243; _module_preset=&#187;default&#187; locked=&#187;off&#187; collapsed=&#187;on&#187; global_colors_info=&#187;{}&#187;][et_pb_row column_structure=&#187;1_2,1_2&#8243; make_equal=&#187;on&#187; _builder_version=&#187;4.27.4&#8243; _module_preset=&#187;default&#187; width=&#187;90%&#187; max_width=&#187;2000px&#187; global_colors_info=&#187;{}&#187;][et_pb_column type=&#187;1_2&#8243; _builder_version=&#187;4.27.4&#8243; _module_preset=&#187;default&#187; custom_padding=&#187;||||false|false&#187; custom_padding_tablet=&#187;0px||0px||true|false&#187; custom_padding_phone=&#187;0px||0px||true|false&#187; custom_padding_last_edited=&#187;on|desktop&#187; global_colors_info=&#187;{}&#187;][et_pb_text _builder_version=&#187;4.27.4&#8243; _module_preset=&#187;_initial&#187; header_4_font=&#187;||||||||&#187; header_4_font_size=&#187;36px&#187; header_4_line_height=&#187;1.4em&#187; text_orientation=&#187;center&#187; custom_margin=&#187;||0px||false|false&#187; header_4_font_size_tablet=&#187;18px&#187; header_4_font_size_phone=&#187;15px&#187; header_4_font_size_last_edited=&#187;on|desktop&#187; content_en_us=&#187;<\/p>\n<h4>Date of birth<\/h4>\n<p>&#187; content_pt_pt=&#187;<\/p>\n<h4>Data de nascimento<\/h4>\n<p>&#187; content_fr_fr=&#187;<\/p>\n<h4>Date de naissance<\/h4>\n<p>&#187; global_colors_info=&#187;{}&#187;]<\/p>\n<h4>Geburtsdatum<\/h4>\n<p>[\/et_pb_text][et_pb_text quote_border_color=&#187;#000000&#8243; _builder_version=&#187;4.27.4&#8243; _module_preset=&#187;_initial&#187; text_font=&#187;||||||||&#187; text_font_size=&#187;16px&#187; text_line_height=&#187;1.65em&#187; link_font=&#187;||||on||||&#187; link_text_color=&#187;#000000&#8243; quote_text_color=&#187;#000000&#8243; quote_font_size=&#187;20px&#187; text_orientation=&#187;center&#187; text_font_size_tablet=&#187;15px&#187; text_font_size_phone=&#187;14px&#187; text_font_size_last_edited=&#187;on|desktop&#187; quote_font_size_tablet=&#187;16px&#187; quote_font_size_phone=&#187;14px&#187; quote_font_size_last_edited=&#187;on|desktop&#187; global_colors_info=&#187;{}&#187;]<\/p>\n<p>16.06.2025<\/p>\n<p>[\/et_pb_text][et_pb_text _builder_version=&#187;4.27.4&#8243; _module_preset=&#187;_initial&#187; header_4_font=&#187;||||||||&#187; header_4_font_size=&#187;36px&#187; header_4_line_height=&#187;1.4em&#187; text_orientation=&#187;center&#187; custom_margin=&#187;||0px||false|false&#187; header_4_font_size_tablet=&#187;18px&#187; header_4_font_size_phone=&#187;15px&#187; header_4_font_size_last_edited=&#187;on|desktop&#187; content_en_us=&#187;<\/p>\n<h4>Color<\/h4>\n<p>&#187; content_pt_pt=&#187;<\/p>\n<h4>Cor<\/h4>\n<p>&#187; content_fr_fr=&#187;<\/p>\n<h4>Couleur<\/h4>\n<p>&#187; global_colors_info=&#187;{}&#187;]<\/p>\n<h4>Farbe<\/h4>\n<p>[\/et_pb_text][et_pb_text quote_border_color=&#187;#000000&#8243; _builder_version=&#187;4.27.4&#8243; _module_preset=&#187;_initial&#187; text_font=&#187;||||||||&#187; text_font_size=&#187;16px&#187; text_line_height=&#187;1.65em&#187; link_font=&#187;||||on||||&#187; link_text_color=&#187;#000000&#8243; quote_text_color=&#187;#000000&#8243; quote_font_size=&#187;20px&#187; text_orientation=&#187;center&#187; text_font_size_tablet=&#187;15px&#187; text_font_size_phone=&#187;14px&#187; text_font_size_last_edited=&#187;on|desktop&#187; quote_font_size_tablet=&#187;16px&#187; quote_font_size_phone=&#187;14px&#187; quote_font_size_last_edited=&#187;on|desktop&#187; global_colors_info=&#187;{}&#187;]<\/p>\n<p>NFO n 09 24<\/p>\n<p>schwarz mit weiss getupft<\/p>\n<p>Amber Tr\u00e4ger<\/p>\n<p>[\/et_pb_text][et_pb_text _builder_version=&#187;4.27.4&#8243; _module_preset=&#187;_initial&#187; header_4_font=&#187;||||||||&#187; header_4_font_size=&#187;36px&#187; header_4_line_height=&#187;1.4em&#187; text_orientation=&#187;center&#187; custom_margin=&#187;||0px||false|false&#187; header_4_font_size_tablet=&#187;18px&#187; header_4_font_size_phone=&#187;15px&#187; header_4_font_size_last_edited=&#187;on|desktop&#187; content_en_us=&#187;<\/p>\n<h4>Sex<\/h4>\n<p>&#187; content_pt_pt=&#187;<\/p>\n<h4>G\u00eanero<\/h4>\n<p>&#187; content_fr_fr=&#187;<\/p>\n<h4>Sexe<\/h4>\n<p>&#187; global_colors_info=&#187;{}&#187;]<\/p>\n<h4>Geschlecht<\/h4>\n<p>[\/et_pb_text][et_pb_text quote_border_color=&#187;#000000&#8243; _builder_version=&#187;4.27.4&#8243; _module_preset=&#187;_initial&#187; text_font=&#187;||||||||&#187; text_font_size=&#187;16px&#187; text_line_height=&#187;1.65em&#187; link_font=&#187;||||on||||&#187; link_text_color=&#187;#000000&#8243; quote_text_color=&#187;#000000&#8243; quote_font_size=&#187;20px&#187; text_orientation=&#187;center&#187; text_font_size_tablet=&#187;15px&#187; text_font_size_phone=&#187;14px&#187; text_font_size_last_edited=&#187;on|desktop&#187; quote_font_size_tablet=&#187;16px&#187; quote_font_size_phone=&#187;14px&#187; quote_font_size_last_edited=&#187;on|desktop&#187; content_en_us=&#187;<\/p>\n<p>female<\/p>\n<p>&#187; content_pt_pt=&#187;<\/p>\n<p>F\u00eamea<\/p>\n<p>&#187; content_fr_fr=&#187;<\/p>\n<p>Femelle<\/p>\n<p>&#187; global_colors_info=&#187;{}&#187;]<\/p>\n<p>Weiblich<\/p>\n<p>[\/et_pb_text][et_pb_text _builder_version=&#187;4.27.4&#8243; _module_preset=&#187;_initial&#187; header_4_font=&#187;||||||||&#187; header_4_font_size=&#187;36px&#187; header_4_line_height=&#187;1.4em&#187; text_orientation=&#187;center&#187; custom_margin=&#187;||0px||false|false&#187; header_4_font_size_tablet=&#187;18px&#187; header_4_font_size_phone=&#187;15px&#187; header_4_font_size_last_edited=&#187;on|desktop&#187; content_en_us=&#187;<\/p>\n<h4>Pedigree<\/h4>\n<p>&#187; content_pt_pt=&#187;<\/p>\n<h4>Genealogia<\/h4>\n<p>&#187; content_fr_fr=&#187;<\/p>\n<h4>P\u00e9digr\u00e9e<\/h4>\n<p>&#187; global_colors_info=&#187;{}&#187;]<\/p>\n<h4>Stammbaum<\/h4>\n<p>[\/et_pb_text][et_pb_text quote_border_color=&#187;#000000&#8243; _builder_version=&#187;4.27.4&#8243; _dynamic_attributes=&#187;link_option_url&#187; _module_preset=&#187;_initial&#187; text_font=&#187;||||||||&#187; text_font_size=&#187;16px&#187; text_line_height=&#187;1.65em&#187; link_font=&#187;||||on||||&#187; link_text_color=&#187;#000000&#8243; quote_text_color=&#187;#000000&#8243; quote_font_size=&#187;20px&#187; text_orientation=&#187;center&#187; link_option_url=&#187;@ET-DC@eyJkeW5hbWljIjp0cnVlLCJjb250ZW50IjoicG9zdF9saW5rX3VybF9hdHRhY2htZW50Iiwic2V0dGluZ3MiOnsicG9zdF9pZCI6IjI2NTExIn19@&#187; link_option_url_new_window=&#187;on&#187; text_font_size_tablet=&#187;15px&#187; text_font_size_phone=&#187;14px&#187; text_font_size_last_edited=&#187;on|desktop&#187; quote_font_size_tablet=&#187;16px&#187; quote_font_size_phone=&#187;14px&#187; quote_font_size_last_edited=&#187;on|desktop&#187; content_en_us=&#187;see the pedigree&#187; content_pt_pt=&#187;ver o pedigree<br \/>\n&#187; content_fr_fr=&#187;Voir son p\u00e9digr\u00e9e&#187; global_colors_info=&#187;{}&#187;]<\/p>\n<p>Stammbaum ansehen<\/p>\n<p>[\/et_pb_text][et_pb_text quote_border_color=&#187;#000000&#8243; _builder_version=&#187;4.27.4&#8243; _module_preset=&#187;_initial&#187; text_font=&#187;||||||||&#187; text_font_size=&#187;16px&#187; text_line_height=&#187;1.65em&#187; link_font=&#187;||||on||||&#187; link_text_color=&#187;#000000&#8243; quote_text_color=&#187;#000000&#8243; quote_font_size=&#187;20px&#187; text_orientation=&#187;center&#187; link_option_url=&#187;https:\/\/www.pawpeds.com\/db\/?a=p&#038;id=1819127&#038;g=4&#038;p=nfo&#038;o=elastic&#187; link_option_url_new_window=&#187;on&#187; text_font_size_tablet=&#187;15px&#187; text_font_size_phone=&#187;14px&#187; text_font_size_last_edited=&#187;on|desktop&#187; quote_font_size_tablet=&#187;16px&#187; quote_font_size_phone=&#187;14px&#187; quote_font_size_last_edited=&#187;on|desktop&#187; content_en_us=&#187;<\/p>\n<p>see the pedigree on Pawpeds<\/p>\n<p>&#187; content_pt_pt=&#187;<\/p>\n<p>ver o pedigree no Pawpeds<\/p>\n<p>&#187; content_fr_fr=&#187;<\/p>\n<p>Voir son p\u00e9digr\u00e9e sur Pawpeds<\/p>\n<p>&#187; locked=&#187;off&#187; global_colors_info=&#187;{}&#187;]<\/p>\n<p>Stammbaum auf Pawpeds<\/p>\n<p>[\/et_pb_text][et_pb_text _builder_version=&#187;4.27.4&#8243; _module_preset=&#187;_initial&#187; header_4_font=&#187;||||||||&#187; header_4_font_size=&#187;36px&#187; header_4_line_height=&#187;1.4em&#187; text_orientation=&#187;center&#187; custom_margin=&#187;||0px||false|false&#187; header_4_font_size_tablet=&#187;18px&#187; header_4_font_size_phone=&#187;15px&#187; header_4_font_size_last_edited=&#187;on|desktop&#187; content_en_us=&#187;<\/p>\n<h4>Medical tests<\/h4>\n<p>&#187; content_pt_pt=&#187;<\/p>\n<h4>Testes m\u00e9dicos<\/h4>\n<p>&#187; content_fr_fr=&#187;<\/p>\n<h4>Tests m\u00e9dicaux<\/h4>\n<p>&#187; global_colors_info=&#187;{}&#187;]<\/p>\n<h4>Medizinische Tests<\/h4>\n<p>[\/et_pb_text][et_pb_text quote_border_color=&#187;#000000&#8243; _builder_version=&#187;4.27.4&#8243; _module_preset=&#187;_initial&#187; text_font=&#187;||||||||&#187; text_font_size=&#187;16px&#187; text_line_height=&#187;1.65em&#187; link_font=&#187;||||on||||&#187; link_text_color=&#187;#000000&#8243; quote_text_color=&#187;#000000&#8243; quote_font_size=&#187;20px&#187; text_orientation=&#187;center&#187; text_font_size_tablet=&#187;15px&#187; text_font_size_phone=&#187;14px&#187; text_font_size_last_edited=&#187;on|desktop&#187; quote_font_size_tablet=&#187;16px&#187; quote_font_size_phone=&#187;14px&#187; quote_font_size_last_edited=&#187;on|desktop&#187; global_colors_info=&#187;{}&#187;]<\/p>\n<p>GSD IV, (Glykogenspeicherkrankeit) : Genotyp N\/N<br \/>PKD (Pyruvatkinase-Defizienz: Genotyp N\/N<br \/>Amber: Genotyp E\/e (Ambertr\u00e4ger)<\/p>\n<p>[\/et_pb_text][\/et_pb_column][et_pb_column type=&#187;1_2&#8243; _builder_version=&#187;4.27.4&#8243; _module_preset=&#187;default&#187; background_enable_image=&#187;off&#187; parallax=&#187;on&#187; global_colors_info=&#187;{}&#187;][et_pb_image src=&#187;https:\/\/blue-dreams-nfo.com\/wp-content\/uploads\/2026\/01\/IMG_2105-scaled.jpeg&#187; title_text=&#187;IMG_2105&#8243; align=&#187;center&#187; force_fullwidth=&#187;on&#187; _builder_version=&#187;4.27.4&#8243; _module_preset=&#187;default&#187; border_radii=&#187;on|20px|20px|20px|20px&#187; box_shadow_style=&#187;preset2&#8243; global_colors_info=&#187;{}&#187;][\/et_pb_image][\/et_pb_column][\/et_pb_row][\/et_pb_section][et_pb_section fb_built=&#187;1&#8243; disabled_on=&#187;off|off|off&#187; admin_label=&#187;Contact Form&#187; _builder_version=&#187;4.24.2&#8243; _module_preset=&#187;default&#187; locked=&#187;off&#187; collapsed=&#187;on&#187; global_colors_info=&#187;{}&#187;][et_pb_row _builder_version=&#187;4.24.1&#8243; _module_preset=&#187;default&#187; max_width=&#187;900px&#187; global_colors_info=&#187;{}&#187;][et_pb_column type=&#187;4_4&#8243; _builder_version=&#187;4.24.1&#8243; _module_preset=&#187;default&#187; global_colors_info=&#187;{}&#187;][et_pb_text _builder_version=&#187;4.27.4&#8243; _module_preset=&#187;_initial&#187; header_2_font=&#187;||||||||&#187; header_2_font_size=&#187;62px&#187; header_2_line_height=&#187;1.3em&#187; text_orientation=&#187;center&#187; header_2_font_size_tablet=&#187;32px&#187; header_2_font_size_phone=&#187;20px&#187; header_2_font_size_last_edited=&#187;on|desktop&#187; content_en_us=&#187;<\/p>\n<h2>Presentation<\/h2>\n<p>&#187; content_pt_pt=&#187;<\/p>\n<h2>Apresenta\u00e7\u00e3o<\/h2>\n<p>&#187; content_fr_fr=&#187;<\/p>\n<h2>Pr\u00e9sentation<\/h2>\n<p>&#187; global_colors_info=&#187;{}&#187;]<\/p>\n<h2>Vorstellung<\/h2>\n<p>[\/et_pb_text][et_pb_text quote_border_color=&#187;#000000&#8243; _builder_version=&#187;4.27.4&#8243; _module_preset=&#187;_initial&#187; text_font=&#187;||||||||&#187; text_font_size=&#187;16px&#187; text_line_height=&#187;1.65em&#187; link_font=&#187;||||on||||&#187; link_text_color=&#187;#000000&#8243; quote_text_color=&#187;#000000&#8243; quote_font_size=&#187;20px&#187; text_orientation=&#187;center&#187; text_font_size_tablet=&#187;15px&#187; text_font_size_phone=&#187;14px&#187; text_font_size_last_edited=&#187;on|desktop&#187; quote_font_size_tablet=&#187;16px&#187; quote_font_size_phone=&#187;14px&#187; quote_font_size_last_edited=&#187;on|desktop&#187; content_en_us=&#187;<\/p>\n<p>From the very beginning, it was clear to me that I would keep a female from the first mating between Dracula and Xanny.<\/p>\n<p>With Love of my Life, Xanny has given me an exceptional kitten who has exceeded all my expectations in every way. She impresses with her perfect profile, here beautiful Ears with amazing lynx tips, expressive eyes and a very strng, well-balanced body structure.<\/p>\n<p>Equally remarkable is her open, friendly and extremely people-oriented character. She is always close to me, very affectinate and even gives kisse on command.<\/p>\n<p>I am very much looking forward to accompanying her further development and I am excited about her first litter (2027) from whisch I expect a great deal from a breeding perspective.<\/p>\n<p>&#187; content_pt_pt=&#187;<\/p>\n<p>Com Love of my life, a Xanny presenteou-me com uma gatinha excecional que superou todas as minhas expectativas em todos os aspetos. Ela impressiona pelo seu perfil perfeito, pelas belas pontas lynx, pelos olhos expressivos e por uma estrutura comporal miuto forte e harmoniosa.<\/p>\n<p>Igualmente not\u00e1vel \u00e9 o seu car\u00e1ter aberto, amig\u00e1vel e extremamente afetuoso com as pessoas. Est\u00e1 sempre ao meu lado \u00e9 muito carinhosa e at\u00e9 d\u00e1 beijinhos a pedido.<\/p>\n<p>Aguardo com grande entusiamo o seu desenvolvimento futuro e o seu primeiro ninhada da qual espero muito do pnto de vista da criac\u00e3o.<\/p>\n<\/p>\n<p>&#187; content_fr_fr=&#187;<\/p>\n<p>Avec Love of my Life, Xanny m&#8217;a offert un chaton exceptionnel qui a d\u00e9pass\u00e9 toutes mes attentes \u00e0 tous niveaux. Elle se distingue par son profil parfait, ses magnifiques larges oreilles avec des lynx tips hors norme, ses yeux amandes tr\u00e8s expressifs et sa structure corporelle tr\u00e8s forte et hamonieuse.<\/p>\n<p>Son caract\u00e8re ouvert, affectueux et tr\u00e8s proche de l&#8217;humain est tout aussi remarquable. Elle est toujours \u00e0 mes c\u00f4t\u00e9s, tr\u00e8s c\u00e2line et donne m\u00eame des petits bisous sur commande.<\/p>\n<p>Je me r\u00e9jouis beaucoup de suivre son \u00e9volution et j&#8217;attends avec impatience sa premi\u00e8re port\u00e9e (2027), dont j&#8217;\u00e9sp\u00e8re beaucoup d&#8217;un point de vue d&#8217;\u00e9l\u00e9vage.<\/p>\n<p>&#187; global_colors_info=&#187;{}&#187;]<\/p>\n<p>&nbsp;<\/p>\n<p>Mit Love of my Life hat mir Xanny ein aussergewhnliches K\u00e4tzchen geschenkt, das meine Erwartungen in jeder Hinsicht \u00fcbertroffen hat. sie \u00fcberzeugt duch ihr perfektes Profil, ihre wundersch\u00f6nen Lynx Tips, ausdrucksstarke Mandelaugen und einen sehr starken, harmonischen K\u00f6rperbau.<\/p>\n<p>Ebenso bemerkenswert ist ihr offener, freundlicher uns sehr menschenbezogener Charakter. Sie ist stets in meiner N\u00e4he, zeigt sich ausgesprochen verschmust und gibt sogar auf Kommando K\u00fcsschen.<\/p>\n<p>Ich freue mich sehr darauf, ihre weitere Entwicklung zu begleiten und bin gespannt auf ihren ersten Wurf (2027) von dem ich mir z\u00fcchterisch viel verspreche.<\/p>\n<p>[\/et_pb_text][\/et_pb_column][\/et_pb_row][\/et_pb_section][et_pb_section fb_built=&#187;1&#8243; admin_label=&#187;Contact Form&#187; _builder_version=&#187;4.24.2&#8243; _module_preset=&#187;default&#187; locked=&#187;off&#187; collapsed=&#187;on&#187; global_colors_info=&#187;{}&#187;][et_pb_row _builder_version=&#187;4.27.4&#8243; _module_preset=&#187;default&#187; max_width=&#187;900px&#187; global_colors_info=&#187;{}&#187;][et_pb_column type=&#187;4_4&#8243; _builder_version=&#187;4.24.1&#8243; _module_preset=&#187;default&#187; global_colors_info=&#187;{}&#187;][et_pb_text _builder_version=&#187;4.27.4&#8243; _module_preset=&#187;_initial&#187; header_2_font=&#187;||||||||&#187; header_2_font_size=&#187;62px&#187; header_2_line_height=&#187;1.3em&#187; text_orientation=&#187;center&#187; header_2_font_size_tablet=&#187;32px&#187; header_2_font_size_phone=&#187;20px&#187; header_2_font_size_last_edited=&#187;on|desktop&#187; content_en_us=&#187;<\/p>\n<h2>Gallery<\/h2>\n<p>&#187; content_pt_pt=&#187;<\/p>\n<h2>Galeria de fotos<\/h2>\n<p>&#187; content_fr_fr=&#187;<\/p>\n<h2>Galerie photo<\/h2>\n<p>&#187; global_colors_info=&#187;{}&#187;]<\/p>\n<h2>Fotogalerie<\/h2>\n<p>[\/et_pb_text][et_pb_gallery gallery_ids=&#187;26599,26475,26474,26604,26473,26601,26472,26471,26470,26469,26468,26602,26605,26466,26600,26465,26464,26463,26462,26461,26460,26458,26459,26457,26606,26456,26455,26454,26453,26452,26451,26450,26449,26447,26445,25869,26598&#8243; posts_number=&#187;20&#8243; show_title_and_caption=&#187;off&#187; _builder_version=&#187;4.27.4&#8243; _module_preset=&#187;default&#187; border_radii_image=&#187;on|10px|10px|10px|10px&#187; box_shadow_style_image=&#187;preset2&#8243; global_colors_info=&#187;{}&#187;][\/et_pb_gallery][\/et_pb_column][\/et_pb_row][\/et_pb_section][et_pb_section fb_built=&#187;1&#8243; admin_label=&#187;Contact Form&#187; _builder_version=&#187;4.24.2&#8243; _module_preset=&#187;default&#187; locked=&#187;off&#187; collapsed=&#187;on&#187; global_colors_info=&#187;{}&#187;][et_pb_row _builder_version=&#187;4.24.1&#8243; _module_preset=&#187;default&#187; max_width=&#187;900px&#187; global_colors_info=&#187;{}&#187;][et_pb_column type=&#187;4_4&#8243; _builder_version=&#187;4.24.1&#8243; _module_preset=&#187;default&#187; global_colors_info=&#187;{}&#187;][et_pb_text _builder_version=&#187;4.27.4&#8243; _module_preset=&#187;_initial&#187; header_2_font=&#187;||||||||&#187; header_2_font_size=&#187;62px&#187; header_2_line_height=&#187;1.3em&#187; text_orientation=&#187;center&#187; header_2_font_size_tablet=&#187;32px&#187; header_2_font_size_phone=&#187;20px&#187; header_2_font_size_last_edited=&#187;on|desktop&#187; content_en_us=&#187;<\/p>\n<h2>Show results<\/h2>\n<p>&#187; content_pt_pt=&#187;<\/p>\n<h2>resultados da exposi\u00e7\u00e3o<\/h2>\n<p>&#187; content_fr_fr=&#187;<\/p>\n<h2>R\u00e9sultats d&#8217;expositions<\/h2>\n<p>&#187; global_colors_info=&#187;{}&#187;]<\/p>\n<h2>Ausstellungsresultate<\/h2>\n<p>[\/et_pb_text][et_pb_text _builder_version=&#187;4.27.4&#8243; _module_preset=&#187;default&#187; locked=&#187;off&#187; global_colors_info=&#187;{}&#187;]<\/p>\n<p style=\"text-align: center;\"><strong>Kitten Champion February 2026<\/strong><\/p>\n<p>[\/et_pb_text][et_pb_text quote_border_color=&#187;#000000&#8243; _builder_version=&#187;4.27.4&#8243; _module_preset=&#187;_initial&#187; text_font=&#187;||||||||&#187; text_font_size=&#187;16px&#187; text_line_height=&#187;1.65em&#187; link_font=&#187;||||on||||&#187; link_text_color=&#187;#000000&#8243; quote_text_color=&#187;#000000&#8243; quote_font_size=&#187;20px&#187; text_orientation=&#187;center&#187; hover_enabled=&#187;0&#8243; text_font_size_tablet=&#187;15px&#187; text_font_size_phone=&#187;14px&#187; text_font_size_last_edited=&#187;on|desktop&#187; quote_font_size_tablet=&#187;16px&#187; quote_font_size_phone=&#187;14px&#187; quote_font_size_last_edited=&#187;on|desktop&#187; global_colors_info=&#187;{}&#187; sticky_enabled=&#187;0&#8243;]<\/p>\n<table border=\"0\" style=\"width: 100%; border-collapse: collapse; float: left; height: 192px;\">\n<tbody>\n<tr style=\"height: 24px;\">\n<td style=\"width: 25%; height: 24px;\"><strong>Datum<\/strong><\/td>\n<td style=\"width: 25%; height: 24px;\"><strong>Ort<\/strong><strong><\/strong><strong><\/strong><strong><\/strong><\/td>\n<td style=\"width: 25%; height: 24px;\"><strong>Richter<\/strong><strong><\/strong><\/td>\n<td style=\"width: 25%; height: 24px;\"><strong>Resultat<\/strong><strong><\/strong><\/td>\n<\/tr>\n<tr style=\"height: 56px;\">\n<td style=\"width: 25%; height: 56px;\">01.11.2025<\/td>\n<td style=\"width: 25%; height: 56px;\">Aesch<\/td>\n<td style=\"width: 25%; height: 56px;\">Laura Scholten<\/td>\n<td style=\"width: 25%; height: 56px;\">EX1, CACC, NOM<\/td>\n<\/tr>\n<tr style=\"height: 56px;\">\n<td style=\"width: 25%; height: 56px;\">02.11.2025<\/td>\n<td style=\"width: 25%; height: 56px;\">Aesch<\/td>\n<td style=\"width: 25%; height: 56px;\">Isabelle Maillard<\/td>\n<td style=\"width: 25%; height: 56px;\">EX1, CACC, NOM<\/td>\n<\/tr>\n<tr style=\"height: 56px;\">\n<td style=\"width: 25%; height: 56px;\">07.02.2026<\/td>\n<td style=\"width: 25%; height: 56px;\">Lissabon<\/td>\n<td style=\"width: 25%; height: 56px;\">Anne Veland<\/td>\n<td style=\"width: 25%; height: 56px;\">EX1, CACC, BIV Totale, NOM<\/td>\n<\/tr>\n<tr>\n<td style=\"width: 25%;\">28.02.2026<\/td>\n<td style=\"width: 25%;\">Gondomar (PT)<\/td>\n<td style=\"width: 25%;\">Laura Scholten<\/td>\n<td style=\"width: 25%;\">EX1, CACJ<\/td>\n<\/tr>\n<tr>\n<td style=\"width: 25%;\">01.03.2026<\/td>\n<td style=\"width: 25%;\">Gondomar (PT)<\/td>\n<td style=\"width: 25%;\">Isabelle Maillard Chiavuzzo<\/td>\n<td style=\"width: 25%;\">EX1, CACJ, NOM, BIS<\/td>\n<\/tr>\n<tr>\n<td style=\"width: 25%;\">11.04.2026<\/td>\n<td style=\"width: 25%;\">Torres Vedras (PT)<\/td>\n<td style=\"width: 25%;\">Jurgita Gustatitiene<\/td>\n<td style=\"width: 25%;\">CACJ<\/td>\n<\/tr>\n<\/tbody>\n<\/table>\n<p>[\/et_pb_text][\/et_pb_column][\/et_pb_row][\/et_pb_section]<\/p>\n","protected":false},"excerpt":{"rendered":"<p>KCH JCH Love of my Life von Blue Dreams*CHGeburtsdatum16.06.2025FarbeNFO n 09 24 schwarz mit weiss getupft Amber Tr\u00e4gerGeschlechtWeiblichStammbaumStammbaum ansehenStammbaum auf PawpedsMedizinische TestsGSD IV, (Glykogenspeicherkrankeit) : Genotyp N\/NPKD (Pyruvatkinase-Defizienz: Genotyp N\/NAmber: Genotyp E\/e (Ambertr\u00e4ger)Vorstellung&nbsp; Mit Love of my Life hat mir Xanny ein aussergewhnliches K\u00e4tzchen geschenkt, das meine Erwartungen in jeder Hinsicht \u00fcbertroffen hat. sie \u00fcberzeugt [&hellip;]<\/p>\n","protected":false},"author":1,"featured_media":0,"parent":24730,"menu_order":0,"comment_status":"closed","ping_status":"closed","template":"","meta":{"_et_pb_use_builder":"on","_et_pb_old_content":"","_et_gb_content_width":"","footnotes":""},"class_list":["post-26504","page","type-page","status-publish","hentry"],"_links":{"self":[{"href":"https:\/\/blue-dreams-nfo.com\/de\/wp-json\/wp\/v2\/pages\/26504","targetHints":{"allow":["GET"]}}],"collection":[{"href":"https:\/\/blue-dreams-nfo.com\/de\/wp-json\/wp\/v2\/pages"}],"about":[{"href":"https:\/\/blue-dreams-nfo.com\/de\/wp-json\/wp\/v2\/types\/page"}],"author":[{"embeddable":true,"href":"https:\/\/blue-dreams-nfo.com\/de\/wp-json\/wp\/v2\/users\/1"}],"replies":[{"embeddable":true,"href":"https:\/\/blue-dreams-nfo.com\/de\/wp-json\/wp\/v2\/comments?post=26504"}],"version-history":[{"count":12,"href":"https:\/\/blue-dreams-nfo.com\/de\/wp-json\/wp\/v2\/pages\/26504\/revisions"}],"predecessor-version":[{"id":26847,"href":"https:\/\/blue-dreams-nfo.com\/de\/wp-json\/wp\/v2\/pages\/26504\/revisions\/26847"}],"up":[{"embeddable":true,"href":"https:\/\/blue-dreams-nfo.com\/de\/wp-json\/wp\/v2\/pages\/24730"}],"wp:attachment":[{"href":"https:\/\/blue-dreams-nfo.com\/de\/wp-json\/wp\/v2\/media?parent=26504"}],"curies":[{"name":"wp","href":"https:\/\/api.w.org\/{rel}","templated":true}]}}