{"id":26506,"date":"2025-12-04T13:11:57","date_gmt":"2025-12-04T12:11:57","guid":{"rendered":"https:\/\/blue-dreams-nfo.com\/de\/?page_id=26506"},"modified":"2026-02-10T17:30:11","modified_gmt":"2026-02-10T16:30:11","slug":"xeydra-av-jostedalsbreen","status":"publish","type":"page","link":"https:\/\/blue-dreams-nfo.com\/de\/unsere-katzen\/xeydra-av-jostedalsbreen\/","title":{"rendered":"Xeydra av Jostedalsbreen*DE"},"content":{"rendered":"<p>[et_pb_section fb_built=&#187;1&#8243; admin_label=&#187;Header&#187; _builder_version=&#187;4.24.1&#8243; _module_preset=&#187;default&#187; custom_padding=&#187;||0px||false|false&#187; locked=&#187;off&#187; collapsed=&#187;on&#187; global_colors_info=&#187;{}&#187;][et_pb_row _builder_version=&#187;4.24.1&#8243; _module_preset=&#187;default&#187; global_colors_info=&#187;{}&#187;][et_pb_column type=&#187;4_4&#8243; _builder_version=&#187;4.24.1&#8243; _module_preset=&#187;default&#187; global_colors_info=&#187;{}&#187;][et_pb_text _builder_version=&#187;4.27.4&#8243; _module_preset=&#187;_initial&#187; header_font=&#187;|||on|||||&#187; header_font_size=&#187;80px&#187; header_line_height=&#187;1.3em&#187; text_orientation=&#187;center&#187; header_font_size_tablet=&#187;40px&#187; header_font_size_phone=&#187;24px&#187; header_font_size_last_edited=&#187;on|desktop&#187; global_colors_info=&#187;{}&#187;]<\/p>\n<h1>Xeydra av Jostedalsbreen*DE<\/h1>\n<p>[\/et_pb_text][\/et_pb_column][\/et_pb_row][\/et_pb_section][et_pb_section fb_built=&#187;1&#8243; admin_label=&#187;Contact Info&#187; _builder_version=&#187;4.24.2&#8243; _module_preset=&#187;default&#187; locked=&#187;off&#187; collapsed=&#187;on&#187; global_colors_info=&#187;{}&#187;][et_pb_row column_structure=&#187;1_2,1_2&#8243; make_equal=&#187;on&#187; _builder_version=&#187;4.27.4&#8243; _module_preset=&#187;default&#187; width=&#187;90%&#187; max_width=&#187;2000px&#187; global_colors_info=&#187;{}&#187;][et_pb_column type=&#187;1_2&#8243; _builder_version=&#187;4.27.4&#8243; _module_preset=&#187;default&#187; custom_padding=&#187;||||false|false&#187; custom_padding_tablet=&#187;0px||0px||true|false&#187; custom_padding_phone=&#187;0px||0px||true|false&#187; custom_padding_last_edited=&#187;on|desktop&#187; global_colors_info=&#187;{}&#187;][et_pb_text _builder_version=&#187;4.27.4&#8243; _module_preset=&#187;_initial&#187; header_4_font=&#187;||||||||&#187; header_4_font_size=&#187;36px&#187; header_4_line_height=&#187;1.4em&#187; text_orientation=&#187;center&#187; custom_margin=&#187;||0px||false|false&#187; header_4_font_size_tablet=&#187;18px&#187; header_4_font_size_phone=&#187;15px&#187; header_4_font_size_last_edited=&#187;on|desktop&#187; content_en_us=&#187;<\/p>\n<h4>Date of birth<\/h4>\n<p>&#187; content_pt_pt=&#187;<\/p>\n<h4>Data de nascimento<\/h4>\n<p>&#187; content_fr_fr=&#187;<\/p>\n<h4>Date de naissance<\/h4>\n<p>&#187; global_colors_info=&#187;{}&#187;]<\/p>\n<h4>Geburtsdatum<\/h4>\n<p>[\/et_pb_text][et_pb_text quote_border_color=&#187;#000000&#8243; _builder_version=&#187;4.27.4&#8243; _module_preset=&#187;_initial&#187; text_font=&#187;||||||||&#187; text_font_size=&#187;16px&#187; text_line_height=&#187;1.65em&#187; link_font=&#187;||||on||||&#187; link_text_color=&#187;#000000&#8243; quote_text_color=&#187;#000000&#8243; quote_font_size=&#187;20px&#187; text_orientation=&#187;center&#187; text_font_size_tablet=&#187;15px&#187; text_font_size_phone=&#187;14px&#187; text_font_size_last_edited=&#187;on|desktop&#187; quote_font_size_tablet=&#187;16px&#187; quote_font_size_phone=&#187;14px&#187; quote_font_size_last_edited=&#187;on|desktop&#187; global_colors_info=&#187;{}&#187;]<\/p>\n<p>22.03.2025<\/p>\n<p>[\/et_pb_text][et_pb_text _builder_version=&#187;4.27.4&#8243; _module_preset=&#187;_initial&#187; header_4_font=&#187;||||||||&#187; header_4_font_size=&#187;36px&#187; header_4_line_height=&#187;1.4em&#187; text_orientation=&#187;center&#187; custom_margin=&#187;||0px||false|false&#187; header_4_font_size_tablet=&#187;18px&#187; header_4_font_size_phone=&#187;15px&#187; header_4_font_size_last_edited=&#187;on|desktop&#187; content_en_us=&#187;<\/p>\n<h4>Color<\/h4>\n<p>&#187; content_pt_pt=&#187;<\/p>\n<h4>Cor<\/h4>\n<p>&#187; content_fr_fr=&#187;<\/p>\n<h4>Couleur<\/h4>\n<p>&#187; global_colors_info=&#187;{}&#187;]<\/p>\n<h4>Farbe<\/h4>\n<p>[\/et_pb_text][et_pb_text quote_border_color=&#187;#000000&#8243; _builder_version=&#187;4.27.4&#8243; _module_preset=&#187;_initial&#187; text_font=&#187;||||||||&#187; text_font_size=&#187;16px&#187; text_line_height=&#187;1.65em&#187; link_font=&#187;||||on||||&#187; link_text_color=&#187;#000000&#8243; quote_text_color=&#187;#000000&#8243; quote_font_size=&#187;20px&#187; text_orientation=&#187;center&#187; text_font_size_tablet=&#187;15px&#187; text_font_size_phone=&#187;14px&#187; text_font_size_last_edited=&#187;on|desktop&#187; quote_font_size_tablet=&#187;16px&#187; quote_font_size_phone=&#187;14px&#187; quote_font_size_last_edited=&#187;on|desktop&#187; global_colors_info=&#187;{}&#187;]<\/p>\n<p>NFO ns 24<\/p>\n<p>schwarz silber getupft<\/p>\n<p>[\/et_pb_text][et_pb_text _builder_version=&#187;4.27.4&#8243; _module_preset=&#187;_initial&#187; header_4_font=&#187;||||||||&#187; header_4_font_size=&#187;36px&#187; header_4_line_height=&#187;1.4em&#187; text_orientation=&#187;center&#187; custom_margin=&#187;||0px||false|false&#187; header_4_font_size_tablet=&#187;18px&#187; header_4_font_size_phone=&#187;15px&#187; header_4_font_size_last_edited=&#187;on|desktop&#187; content_en_us=&#187;<\/p>\n<h4>Sex<\/h4>\n<p>&#187; content_pt_pt=&#187;<\/p>\n<h4>G\u00eanero<\/h4>\n<p>&#187; content_fr_fr=&#187;<\/p>\n<h4>Sexe<\/h4>\n<p>&#187; global_colors_info=&#187;{}&#187;]<\/p>\n<h4>Geschlecht<\/h4>\n<p>[\/et_pb_text][et_pb_text quote_border_color=&#187;#000000&#8243; _builder_version=&#187;4.27.4&#8243; _module_preset=&#187;_initial&#187; text_font=&#187;||||||||&#187; text_font_size=&#187;16px&#187; text_line_height=&#187;1.65em&#187; link_font=&#187;||||on||||&#187; link_text_color=&#187;#000000&#8243; quote_text_color=&#187;#000000&#8243; quote_font_size=&#187;20px&#187; text_orientation=&#187;center&#187; text_font_size_tablet=&#187;15px&#187; text_font_size_phone=&#187;14px&#187; text_font_size_last_edited=&#187;on|desktop&#187; quote_font_size_tablet=&#187;16px&#187; quote_font_size_phone=&#187;14px&#187; quote_font_size_last_edited=&#187;on|desktop&#187; content_en_us=&#187;<\/p>\n<p>female<\/p>\n<p>&#187; content_pt_pt=&#187;<\/p>\n<p>F\u00eamea<\/p>\n<p>&#187; content_fr_fr=&#187;<\/p>\n<p>Femelle<\/p>\n<p>&#187; global_colors_info=&#187;{}&#187;]<\/p>\n<p>Weiblich<\/p>\n<p>[\/et_pb_text][et_pb_text _builder_version=&#187;4.27.4&#8243; _module_preset=&#187;_initial&#187; header_4_font=&#187;||||||||&#187; header_4_font_size=&#187;36px&#187; header_4_line_height=&#187;1.4em&#187; text_orientation=&#187;center&#187; custom_margin=&#187;||0px||false|false&#187; header_4_font_size_tablet=&#187;18px&#187; header_4_font_size_phone=&#187;15px&#187; header_4_font_size_last_edited=&#187;on|desktop&#187; content_en_us=&#187;<\/p>\n<h4>Pedigree<\/h4>\n<p>&#187; content_pt_pt=&#187;<\/p>\n<h4>Genealogia<\/h4>\n<p>&#187; content_fr_fr=&#187;<\/p>\n<h4>P\u00e9digr\u00e9e<\/h4>\n<p>&#187; global_colors_info=&#187;{}&#187;]<\/p>\n<h4>Stammbaum<\/h4>\n<p>[\/et_pb_text][et_pb_text quote_border_color=&#187;#000000&#8243; _builder_version=&#187;4.27.4&#8243; _module_preset=&#187;_initial&#187; text_font=&#187;||||||||&#187; text_font_size=&#187;16px&#187; text_line_height=&#187;1.65em&#187; link_font=&#187;||||on||||&#187; link_text_color=&#187;#000000&#8243; quote_text_color=&#187;#000000&#8243; quote_font_size=&#187;20px&#187; text_orientation=&#187;center&#187; link_option_url=&#187;https:\/\/www.pawpeds.com\/db\/?a=p&#038;id=1802686&#038;g=4&#038;p=nfo&#038;o=elastic&#187; link_option_url_new_window=&#187;on&#187; text_font_size_tablet=&#187;15px&#187; text_font_size_phone=&#187;14px&#187; text_font_size_last_edited=&#187;on|desktop&#187; quote_font_size_tablet=&#187;16px&#187; quote_font_size_phone=&#187;14px&#187; quote_font_size_last_edited=&#187;on|desktop&#187; content_en_us=&#187;<\/p>\n<p>see the pedigree on Pawpeds<\/p>\n<p>&#187; content_pt_pt=&#187;<\/p>\n<p>ver o pedigree no Pawpeds<\/p>\n<p>&#187; content_fr_fr=&#187;<\/p>\n<p>Voir son p\u00e9digr\u00e9e sur Pawpeds<\/p>\n<p>&#187; locked=&#187;off&#187; global_colors_info=&#187;{}&#187;]<\/p>\n<p>Stammbaum auf Pawpeds<\/p>\n<p>[\/et_pb_text][et_pb_text _builder_version=&#187;4.27.4&#8243; _module_preset=&#187;_initial&#187; header_4_font=&#187;||||||||&#187; header_4_font_size=&#187;36px&#187; header_4_line_height=&#187;1.4em&#187; text_orientation=&#187;center&#187; custom_margin=&#187;||0px||false|false&#187; header_4_font_size_tablet=&#187;18px&#187; header_4_font_size_phone=&#187;15px&#187; header_4_font_size_last_edited=&#187;on|desktop&#187; content_en_us=&#187;<\/p>\n<h4>Medical tests<\/h4>\n<p>&#187; content_pt_pt=&#187;<\/p>\n<h4>Testes m\u00e9dicos<\/h4>\n<p>&#187; content_fr_fr=&#187;<\/p>\n<h4>Tests m\u00e9dicaux<\/h4>\n<p>&#187; global_colors_info=&#187;{}&#187;]<\/p>\n<h4>Medizinische Tests<\/h4>\n<p>[\/et_pb_text][et_pb_text quote_border_color=&#187;#000000&#8243; _builder_version=&#187;4.27.4&#8243; _module_preset=&#187;_initial&#187; text_font=&#187;||||||||&#187; text_font_size=&#187;16px&#187; text_line_height=&#187;1.65em&#187; link_font=&#187;||||on||||&#187; link_text_color=&#187;#000000&#8243; quote_text_color=&#187;#000000&#8243; quote_font_size=&#187;20px&#187; text_orientation=&#187;center&#187; text_font_size_tablet=&#187;15px&#187; text_font_size_phone=&#187;14px&#187; text_font_size_last_edited=&#187;on|desktop&#187; quote_font_size_tablet=&#187;16px&#187; quote_font_size_phone=&#187;14px&#187; quote_font_size_last_edited=&#187;on|desktop&#187; global_colors_info=&#187;{}&#187;]<\/p>\n<p>GSD IV, (Glykogenspeicherkrankeit) : Genotyp N\/N<br \/>PKD (Pyruvatkinase-Defizienz: Genotyp N\/N<br \/>Amber: Genotyp E\/E<\/p>\n<p>[\/et_pb_text][\/et_pb_column][et_pb_column type=&#187;1_2&#8243; _builder_version=&#187;4.27.4&#8243; _module_preset=&#187;default&#187; background_enable_image=&#187;off&#187; parallax=&#187;on&#187; global_colors_info=&#187;{}&#187;][et_pb_image src=&#187;https:\/\/blue-dreams-nfo.com\/wp-content\/uploads\/2025\/12\/Xeydra01-1.jpg&#187; title_text=&#187;Xeydra01&#8243; align=&#187;center&#187; force_fullwidth=&#187;on&#187; _builder_version=&#187;4.27.4&#8243; _module_preset=&#187;default&#187; border_radii=&#187;on|20px|20px|20px|20px&#187; box_shadow_style=&#187;preset2&#8243; global_colors_info=&#187;{}&#187;][\/et_pb_image][\/et_pb_column][\/et_pb_row][\/et_pb_section][et_pb_section fb_built=&#187;1&#8243; disabled_on=&#187;on|on|on&#187; admin_label=&#187;Contact Form&#187; _builder_version=&#187;4.24.2&#8243; _module_preset=&#187;default&#187; disabled=&#187;on&#187; locked=&#187;off&#187; collapsed=&#187;on&#187; global_colors_info=&#187;{}&#187;][et_pb_row _builder_version=&#187;4.24.1&#8243; _module_preset=&#187;default&#187; max_width=&#187;900px&#187; global_colors_info=&#187;{}&#187;][et_pb_column type=&#187;4_4&#8243; _builder_version=&#187;4.24.1&#8243; _module_preset=&#187;default&#187; global_colors_info=&#187;{}&#187;][et_pb_text _builder_version=&#187;4.27.4&#8243; _module_preset=&#187;_initial&#187; header_2_font=&#187;||||||||&#187; header_2_font_size=&#187;62px&#187; header_2_line_height=&#187;1.3em&#187; text_orientation=&#187;center&#187; header_2_font_size_tablet=&#187;32px&#187; header_2_font_size_phone=&#187;20px&#187; header_2_font_size_last_edited=&#187;on|desktop&#187; content_en_us=&#187;<\/p>\n<h2>Presentation<\/h2>\n<p>&#187; content_pt_pt=&#187;<\/p>\n<h2>Apresenta\u00e7\u00e3o<\/h2>\n<p>&#187; content_fr_fr=&#187;<\/p>\n<h2>Pr\u00e9sentation<\/h2>\n<p>&#187; global_colors_info=&#187;{}&#187;]<\/p>\n<h2>Vorstellung<\/h2>\n<p>[\/et_pb_text][et_pb_text quote_border_color=&#187;#000000&#8243; _builder_version=&#187;4.27.4&#8243; _module_preset=&#187;_initial&#187; text_font=&#187;||||||||&#187; text_font_size=&#187;16px&#187; text_line_height=&#187;1.65em&#187; link_font=&#187;||||on||||&#187; link_text_color=&#187;#000000&#8243; quote_text_color=&#187;#000000&#8243; quote_font_size=&#187;20px&#187; text_orientation=&#187;center&#187; text_font_size_tablet=&#187;15px&#187; text_font_size_phone=&#187;14px&#187; text_font_size_last_edited=&#187;on|desktop&#187; quote_font_size_tablet=&#187;16px&#187; quote_font_size_phone=&#187;14px&#187; quote_font_size_last_edited=&#187;on|desktop&#187; content_en_us=&#187;<\/p>\n<p>The first time I saw Xanny as a little kitten, I knew immediately: this cat belongs to me. With her, another dream of mine came true. She is loving, incredibly affectionate, a little bit reserved to strangers, simply a wonderful companion. At shows, she brings me nothing but joy, her profile is perfect, her coat of incredible quality and her long, beautiful tail makes her truly unique.<\/p>\n<p>As a mother, Xanny is equally remarkabe. She handled her first birth entirely on her own and raises her kitttens with endless care and love. In combination with Dracula, she produces absolute dream kittens, both in appearance and character.<\/p>\n<p>I am overjoyed to have Xanny as my companion and the mother of my kittens &#8211; a true blessing that enriches my live.<\/p>\n<p>&#187; content_pt_pt=&#187;<\/p>\n<p>Na primeria vez que vi Xanny como um pequeno filhote, soube imediatemete: este gato pertence a mim. Com ela, mais um sonho meu se realizou. Ela \u00e9 carinhosa e incrivelmente apegade. Simplesmente uma companheira maravilhosa. Nas exposi\u00e7\u00f4es, ela me traz apenas alegria: seu perfil \u00e9 perfeito, seu pelo de qualidade incr\u00edvel, e sua longa e linda cauda a torna verdadeiramente unica.<\/p>\n<p>Como m\u00e3e, Xanny \u00e9 igualemete not\u00e1vel. Ela conduziu seu primeiro parto sozinha e cria seus filhotes com cuidado e amor infinitos. Em combina\u00e7\u00e3o com Dracula, ela produz filhotes absolutamente dos sonhos, tanto na apar\u00eancia quanto no car\u00e1ter.<\/p>\n<p>Wstou imensamente felizpor ter Xanny como minha comparheira e m\u00e3dos meus filhotes &#8211; uma verdadeira b\u00ean\u00e7\u00e3o que enriquece minha vida.<\/p>\n<p>&#187; content_fr_fr=&#187;<\/p>\n<p>La premi\u00e8re fois que j&#8217;ai vu Xanny en tant que petit chaton, j&#8217;ai su imm\u00e9dietement: ce chat m&#8217;appartient. Avec elle, un autre de mes r\u00eaves s&#8217;est r\u00e9alis\u00e9. Xanny est affectueuse, incroyablemetn attachant, un peu r\u00e9serv\u00e9e vers des gens elle ne connais pas, tout simplement une merveilleuse compagne. Lors des expssitions, elle ne me procure que de la joie, son profil est parfait, son pelage d&#8217;une quali\u00e9 incroyable et sa longue et magnifique queue la rend vraiment unique.<\/p>\n<p>Ent tant que m\u00e8re, Xanny est tout aussi remarquable. Elle a farfaitement g\u00e9r\u00e9 sa premi\u00e8re mise bas et \u00e9l\u00e8ve ses chatons avec un soin et un amour infinis. En association avec Dracula, elle donne naissance \u00e0 de v\u00e9ritables chatons de r\u00eave, tant par leur apparence que par leur caract\u00e8re.<\/p>\n<p>Je suis extr\u00eamement heureuse d&#8217;avoir Xanny comme ma compagne et m\u00e8re de mes chatons, une v\u00e9ritable b\u00e9n\u00e9diction qui enriche ma vie.<\/p>\n<p>&#187; global_colors_info=&#187;{}&#187;]<\/p>\n<p>Alsi ich Xanny als kleines K\u00e4tzchen zum ersten Mal auf Sabrina&#8217;s FB sah, wusste ich, diese Katze geh\u00f6rt zu mir. Mit Xanny ging f\u00fcr mich ein weiterer Traum in Erf\u00fcllung. Xanny ist sehr liebevoll, unglaublich anh\u00e4nglich etwas zur\u00fcckhaltend zu Fremden, einfach eine wunderbare Gef\u00e4hrtin. Auf Ausstellungen bereitet sie mir nur Freude. Ihr Profil ist perfekt, sie ist eine grosse Katze mit starkem Knochenbau, ihr Fell von unglaublicher Qualit\u00e4t und ihr langer, wundersch\u00f6ner Schwanz macht sie einfach einzigartig.<\/p>\n<p>Als Mutter ist Xanny ebenso bemerkenswert. Ihre erste Geburt meistere sie suver\u00e4n und sie zieht ihre K\u00e4tzchen mit unendlicher F\u00fcrsorge und Liebe gross. In Verbindung mit Dracula entstehen absolute Traumkitten, sowohl im Aussehen als auch im Charakter.<\/p>\n<p>Ich bin \u00fcbergl\u00fccklich, Xanny als meine Gef\u00e4rtin und Mutter meiner Katzenkinder bei mir zu haben &#8211; ein wahrer Gl\u00fccksfall, der mein Leben enorm bereichert.<\/p>\n<p>[\/et_pb_text][\/et_pb_column][\/et_pb_row][\/et_pb_section][et_pb_section fb_built=&#187;1&#8243; admin_label=&#187;Contact Form&#187; _builder_version=&#187;4.24.2&#8243; _module_preset=&#187;default&#187; locked=&#187;off&#187; collapsed=&#187;on&#187; global_colors_info=&#187;{}&#187;][et_pb_row _builder_version=&#187;4.27.4&#8243; _module_preset=&#187;default&#187; max_width=&#187;900px&#187; global_colors_info=&#187;{}&#187;][et_pb_column type=&#187;4_4&#8243; _builder_version=&#187;4.24.1&#8243; _module_preset=&#187;default&#187; global_colors_info=&#187;{}&#187;][et_pb_text _builder_version=&#187;4.27.4&#8243; _module_preset=&#187;_initial&#187; header_2_font=&#187;||||||||&#187; header_2_font_size=&#187;62px&#187; header_2_line_height=&#187;1.3em&#187; text_orientation=&#187;center&#187; header_2_font_size_tablet=&#187;32px&#187; header_2_font_size_phone=&#187;20px&#187; header_2_font_size_last_edited=&#187;on|desktop&#187; content_en_us=&#187;<\/p>\n<h2>Gallery<\/h2>\n<p>&#187; content_pt_pt=&#187;<\/p>\n<h2>Galeria de fotos<\/h2>\n<p>&#187; content_fr_fr=&#187;<\/p>\n<h2>Galerie photo<\/h2>\n<p>&#187; global_colors_info=&#187;{}&#187;]<\/p>\n<h2>Fotogalerie<\/h2>\n<p>[\/et_pb_text][et_pb_gallery gallery_ids=&#187;26489,26488,26487,26486,26485,26484,26483,26482,26481,26480,26479,26478,26477,26476,26422&#8243; posts_number=&#187;20&#8243; show_title_and_caption=&#187;off&#187; _builder_version=&#187;4.27.4&#8243; _module_preset=&#187;default&#187; border_radii_image=&#187;on|10px|10px|10px|10px&#187; box_shadow_style_image=&#187;preset2&#8243; global_colors_info=&#187;{}&#187;][\/et_pb_gallery][\/et_pb_column][\/et_pb_row][\/et_pb_section][et_pb_section fb_built=&#187;1&#8243; admin_label=&#187;Contact Form&#187; _builder_version=&#187;4.24.2&#8243; _module_preset=&#187;default&#187; locked=&#187;off&#187; collapsed=&#187;on&#187; global_colors_info=&#187;{}&#187;][et_pb_row _builder_version=&#187;4.24.1&#8243; _module_preset=&#187;default&#187; max_width=&#187;900px&#187; global_colors_info=&#187;{}&#187;][et_pb_column type=&#187;4_4&#8243; _builder_version=&#187;4.24.1&#8243; _module_preset=&#187;default&#187; global_colors_info=&#187;{}&#187;][et_pb_text _builder_version=&#187;4.27.4&#8243; _module_preset=&#187;_initial&#187; header_2_font=&#187;||||||||&#187; header_2_font_size=&#187;62px&#187; header_2_line_height=&#187;1.3em&#187; text_orientation=&#187;center&#187; header_2_font_size_tablet=&#187;32px&#187; header_2_font_size_phone=&#187;20px&#187; header_2_font_size_last_edited=&#187;on|desktop&#187; content_en_us=&#187;<\/p>\n<h2>Show results<\/h2>\n<p>&#187; content_pt_pt=&#187;<\/p>\n<h2>resultados da exposi\u00e7\u00e3o<\/h2>\n<p>&#187; content_fr_fr=&#187;<\/p>\n<h2>R\u00e9sultats d&#8217;expositions<\/h2>\n<p>&#187; global_colors_info=&#187;{}&#187;]<\/p>\n<h2>Ausstellungsresultate<\/h2>\n<p>[\/et_pb_text][et_pb_text _builder_version=&#187;4.27.4&#8243; _module_preset=&#187;default&#187; locked=&#187;off&#187; global_colors_info=&#187;{}&#187;][\/et_pb_text][et_pb_text quote_border_color=&#187;#000000&#8243; _builder_version=&#187;4.27.4&#8243; _module_preset=&#187;_initial&#187; text_font=&#187;||||||||&#187; text_font_size=&#187;16px&#187; text_line_height=&#187;1.65em&#187; link_font=&#187;||||on||||&#187; link_text_color=&#187;#000000&#8243; quote_text_color=&#187;#000000&#8243; quote_font_size=&#187;20px&#187; text_orientation=&#187;center&#187; hover_enabled=&#187;0&#8243; text_font_size_tablet=&#187;15px&#187; text_font_size_phone=&#187;14px&#187; text_font_size_last_edited=&#187;on|desktop&#187; quote_font_size_tablet=&#187;16px&#187; quote_font_size_phone=&#187;14px&#187; quote_font_size_last_edited=&#187;on|desktop&#187; global_colors_info=&#187;{}&#187; sticky_enabled=&#187;0&#8243;]<\/p>\n<table border=\"0\" style=\"width: 100%; border-collapse: collapse; float: left; height: 48px;\">\n<tbody>\n<tr style=\"height: 24px;\">\n<td style=\"width: 25%; height: 24px;\"><strong>Datum<\/strong><\/td>\n<td style=\"width: 25%; height: 24px;\"><strong>Ort<\/strong><\/td>\n<td style=\"width: 25%; height: 24px;\"><strong>Richter<\/strong><\/td>\n<td style=\"width: 25%; height: 24px;\"><strong>Resultat<\/strong><\/td>\n<\/tr>\n<tr style=\"height: 24px;\">\n<td style=\"width: 25%; height: 24px;\"><strong>\u00a0<\/strong><\/td>\n<td style=\"width: 25%; height: 24px;\"><strong>\u00a0<\/strong><\/td>\n<td style=\"width: 25%; height: 24px;\"><strong>\u00a0<\/strong><\/td>\n<td style=\"width: 25%; height: 24px;\"><strong>\u00a0<\/strong><\/td>\n<\/tr>\n<tr>\n<td style=\"width: 25%;\"><strong>\u00a0<\/strong><\/td>\n<td style=\"width: 25%;\"><strong>\u00a0<\/strong><\/td>\n<td style=\"width: 25%;\"><strong>\u00a0<\/strong><\/td>\n<td style=\"width: 25%;\"><strong>\u00a0<\/strong><\/td>\n<\/tr>\n<\/tbody>\n<\/table>\n<p>[\/et_pb_text][\/et_pb_column][\/et_pb_row][\/et_pb_section]<\/p>\n","protected":false},"excerpt":{"rendered":"<p>Xeydra av Jostedalsbreen*DEGeburtsdatum22.03.2025FarbeNFO ns 24 schwarz silber getupftGeschlechtWeiblichStammbaumStammbaum auf PawpedsMedizinische TestsGSD IV, (Glykogenspeicherkrankeit) : Genotyp N\/NPKD (Pyruvatkinase-Defizienz: Genotyp N\/NAmber: Genotyp E\/EVorstellungAlsi ich Xanny als kleines K\u00e4tzchen zum ersten Mal auf Sabrina&#8217;s FB sah, wusste ich, diese Katze geh\u00f6rt zu mir. Mit Xanny ging f\u00fcr mich ein weiterer Traum in Erf\u00fcllung. Xanny ist sehr liebevoll, unglaublich [&hellip;]<\/p>\n","protected":false},"author":1,"featured_media":0,"parent":24730,"menu_order":0,"comment_status":"closed","ping_status":"closed","template":"","meta":{"_et_pb_use_builder":"on","_et_pb_old_content":"","_et_gb_content_width":"","footnotes":""},"class_list":["post-26506","page","type-page","status-publish","hentry"],"_links":{"self":[{"href":"https:\/\/blue-dreams-nfo.com\/de\/wp-json\/wp\/v2\/pages\/26506","targetHints":{"allow":["GET"]}}],"collection":[{"href":"https:\/\/blue-dreams-nfo.com\/de\/wp-json\/wp\/v2\/pages"}],"about":[{"href":"https:\/\/blue-dreams-nfo.com\/de\/wp-json\/wp\/v2\/types\/page"}],"author":[{"embeddable":true,"href":"https:\/\/blue-dreams-nfo.com\/de\/wp-json\/wp\/v2\/users\/1"}],"replies":[{"embeddable":true,"href":"https:\/\/blue-dreams-nfo.com\/de\/wp-json\/wp\/v2\/comments?post=26506"}],"version-history":[{"count":4,"href":"https:\/\/blue-dreams-nfo.com\/de\/wp-json\/wp\/v2\/pages\/26506\/revisions"}],"predecessor-version":[{"id":26734,"href":"https:\/\/blue-dreams-nfo.com\/de\/wp-json\/wp\/v2\/pages\/26506\/revisions\/26734"}],"up":[{"embeddable":true,"href":"https:\/\/blue-dreams-nfo.com\/de\/wp-json\/wp\/v2\/pages\/24730"}],"wp:attachment":[{"href":"https:\/\/blue-dreams-nfo.com\/de\/wp-json\/wp\/v2\/media?parent=26506"}],"curies":[{"name":"wp","href":"https:\/\/api.w.org\/{rel}","templated":true}]}}