{"id":1300,"date":"2025-01-02T16:57:00","date_gmt":"2025-01-02T15:57:00","guid":{"rendered":"https:\/\/blue-dreams-nfo.com\/?page_id=1300"},"modified":"2026-03-18T00:23:46","modified_gmt":"2026-03-17T23:23:46","slug":"willkommen","status":"publish","type":"page","link":"https:\/\/blue-dreams-nfo.com\/en\/","title":{"rendered":"Willkommen"},"content":{"rendered":"<p>[et_pb_section fb_built=&#8221;1&#8243; admin_label=&#8221;Header&#8221; _builder_version=&#8221;4.27.4&#8243; _module_preset=&#8221;default&#8221; background_color=&#8221;rgba(226,242,254,0.5)&#8221; locked=&#8221;off&#8221; collapsed=&#8221;on&#8221; global_colors_info=&#8221;{}&#8221;][et_pb_row _builder_version=&#8221;4.23.1&#8243; _module_preset=&#8221;default&#8221; global_colors_info=&#8221;{}&#8221;][et_pb_column type=&#8221;4_4&#8243; _builder_version=&#8221;4.23.1&#8243; _module_preset=&#8221;default&#8221; global_colors_info=&#8221;{}&#8221;][et_pb_text _builder_version=&#8221;4.27.4&#8243; _module_preset=&#8221;_initial&#8221; header_font=&#8221;|700|||||||&#8221; header_font_size=&#8221;72px&#8221; header_line_height=&#8221;1.2em&#8221; header_2_font_size=&#8221;40px&#8221; text_orientation=&#8221;center&#8221; header_font_size_tablet=&#8221;40px&#8221; header_font_size_phone=&#8221;24px&#8221; header_font_size_last_edited=&#8221;on|desktop&#8221; content_en_us=&#8221;<\/p>\n<h2>Welcome to Blue Dreams<\/h2>\n<p>&#8221; content_pt_pt=&#8221;<\/p>\n<h2>Bem-vindo \u00e0 Blue Dreams<\/h2>\n<p>&#8221; content_fr_fr=&#8221;<\/p>\n<h2>Bienvenue chez Blue Dreams<\/h2>\n<p>&#8221; global_colors_info=&#8221;{}&#8221;]<\/p>\n<h2>Willkommen bei Blue Dreams<\/h2>\n<p>[\/et_pb_text][et_pb_text _builder_version=&#8221;4.27.4&#8243; _module_preset=&#8221;_initial&#8221; text_font_size=&#8221;20px&#8221; header_font=&#8221;|700|||||||&#8221; header_font_size=&#8221;72px&#8221; header_line_height=&#8221;1.2em&#8221; text_orientation=&#8221;center&#8221; header_font_size_tablet=&#8221;40px&#8221; header_font_size_phone=&#8221;24px&#8221; header_font_size_last_edited=&#8221;on|desktop&#8221; content_en_us=&#8221;<\/p>\n<p><span data-tt=%22{%22 paragraphstyle=%22%22 :=%22%22 alignment=%22%22 :4=%22%22>Norwegian Forest Cat Breeding<\/span><\/p>\n<p>&#8221; content_pt_pt=&#8221;<\/p>\n<p><span data-tt=%22{%22 paragraphstyle=%22%22 :=%22%22 alignment=%22%22 :4=%22%22>Cria\u00e7\u00e3o de Gatos Bosque da Noruega <\/span><\/p>\n<p>&#8221; content_fr_fr=&#8221;<\/p>\n<p><span data-tt=%22{%22 paragraphstyle=%22%22 :=%22%22 alignment=%22%22 :4=%22%22>\u00c9levage de Chats des For\u00eats Norv\u00e9giennes<\/span><\/p>\n<p>&#8221; global_colors_info=&#8221;{}&#8221;]<\/p>\n<p>Zucht f\u00fcr Norwegische Waldkatzen<\/p>\n<p>[\/et_pb_text][et_pb_image src=&#8221;https:\/\/blue-dreams-nfo.com\/wp-content\/uploads\/2026\/01\/DSC_0043-1-scaled.jpeg&#8221; title_text=&#8221;DSC_0043&#8243; _builder_version=&#8221;4.27.4&#8243; _module_preset=&#8221;default&#8221; hover_enabled=&#8221;0&#8243; border_radii=&#8221;on|20px|20px|20px|20px&#8221; global_colors_info=&#8221;{}&#8221; sticky_enabled=&#8221;0&#8243;][\/et_pb_image][\/et_pb_column][\/et_pb_row][\/et_pb_section][et_pb_section fb_built=&#8221;1&#8243; admin_label=&#8221;About&#8221; _builder_version=&#8221;4.27.4&#8243; _module_preset=&#8221;default&#8221; background_color=&#8221;rgba(226,242,254,0.5)&#8221; locked=&#8221;off&#8221; collapsed=&#8221;on&#8221; global_colors_info=&#8221;{}&#8221;][et_pb_row column_structure=&#8221;1_2,1_2&#8243; _builder_version=&#8221;4.23.1&#8243; _module_preset=&#8221;default&#8221; global_colors_info=&#8221;{}&#8221;][et_pb_column type=&#8221;1_2&#8243; _builder_version=&#8221;4.23.1&#8243; _module_preset=&#8221;default&#8221; global_colors_info=&#8221;{}&#8221;][et_pb_image src=&#8221;https:\/\/blue-dreams-nfo.com\/wp-content\/uploads\/2026\/03\/IMG_1505-scaled.jpeg&#8221; title_text=&#8221;IMG_1505&#8243; _builder_version=&#8221;4.27.4&#8243; _module_preset=&#8221;default&#8221; hover_enabled=&#8221;0&#8243; border_radii=&#8221;on|20px|20px|20px|20px&#8221; global_colors_info=&#8221;{}&#8221; sticky_enabled=&#8221;0&#8243;][\/et_pb_image][\/et_pb_column][et_pb_column type=&#8221;1_2&#8243; _builder_version=&#8221;4.23.1&#8243; _module_preset=&#8221;default&#8221; global_colors_info=&#8221;{}&#8221;][et_pb_text _builder_version=&#8221;4.27.4&#8243; _module_preset=&#8221;_initial&#8221; header_2_font=&#8221;|700|||||||&#8221; header_2_font_size=&#8221;40px&#8221; header_2_line_height=&#8221;1.2em&#8221; custom_margin=&#8221;||10px||false|false&#8221; header_2_font_size_tablet=&#8221;32px&#8221; header_2_font_size_phone=&#8221;20px&#8221; header_2_font_size_last_edited=&#8221;on|desktop&#8221; content_en_us=&#8221;<\/p>\n<p>Our History<\/p>\n<p>&#8221; content_pt_pt=&#8221;<\/p>\n<p>A nossa hist\u00f3ria<\/p>\n<p>&#8221; content_fr_fr=&#8221;<\/p>\n<p>Notre histoire<\/p>\n<p>&#8221; global_colors_info=&#8221;{}&#8221;]<\/p>\n<h2>Unsere Geschichte<\/h2>\n<p>[\/et_pb_text][et_pb_text _builder_version=&#8221;4.27.4&#8243; _module_preset=&#8221;_initial&#8221; text_font_size=&#8221;16px&#8221; text_line_height=&#8221;1.8em&#8221; text_font_size_tablet=&#8221;15px&#8221; text_font_size_phone=&#8221;14px&#8221; text_font_size_last_edited=&#8221;on|desktop&#8221; content_en_us=&#8221;<\/p>\n<p style=%22text-align: justify;%22><span data-tt=%22{%22 paragraphstyle=%22%22 :=%22%22 alignment=%22%22 :4=%22%22>Since 2015, I have been passionately breeding Norwegian Forest Cats under the name Blue Dreams. This unique breed fascinates me with its beauty, charming personality, and loving nature. Cats have been a part of my life since childhood, and they are indispensable to me. <\/span><\/p>\n<p style=%22text-align: justify;%22><span data-tt=%22{%22 paragraphstyle=%22%22 :=%22%22 alignment=%22%22 :4=%22%22> <\/span><\/p>\n<p style=%22text-align: justify;%22><span data-tt=%22{%22 paragraphstyle=%22%22 :=%22%22 alignment=%22%22 :4=%22%22>In my breeding, I place great importance on health, temperament, and the well-being of my cats. Each cat is raised in a loving environment to ensure optimal socialization, growing into friendly and confident companions. I strive to promote the typical traits of this breed. <\/span><\/p>\n<p style=%22text-align: justify;%22><span data-tt=%22{%22 paragraphstyle=%22%22 :=%22%22 alignment=%22%22 :4=%22%22> <\/span><\/p>\n<p style=%22text-align: justify;%22><span data-tt=%22{%22 paragraphstyle=%22%22 :=%22%22 alignment=%22%22 :4=%22%22>I am excited to share my passion with other cat lovers and offer future cat owners the opportunity to adopt a loyal companion from my breeding. If you have any questions or are interested in my kittens, please feel free to reach out. <\/span><\/p>\n<p style=%22text-align: justify;%22><span data-tt=%22{%22 paragraphstyle=%22%22 :=%22%22 alignment=%22%22 :4=%22%22> <\/span><\/p>\n<p style=%22text-align: justify;%22><span data-tt=%22{%22 paragraphstyle=%22%22 :=%22%22 alignment=%22%22 :4=%22%22>Discover the world of Norwegian Forest Cats and let their unique nature enchant you!<\/span><\/p>\n<p>&#8221; content_pt_pt=&#8221;<\/p>\n<p>Desde 2015, crio com grande paix\u00e3o gatos da ra\u00e7a Bosque da Noruega com o nome de gatil %22 Blue Dreams%22.<br \/>Esta ra\u00e7a \u00fanica fascina-me pela sua beleza, charme e sua natureza afetuosa. Os gatos fazem parte da minha vida desde a minha inf\u00e2ncia, o que faz com que eles sejam seres indispens\u00e1veis para mim.<\/p>\n<p>Na minha cria\u00e7\u00e3o eu considero de grande import\u00e2ncia a sa\u00fade, temperamento e bem-estar dos meus gatos. Cada gato \u00e9 criado num ambiente de muito afeto e tranquilidade para garantir uma \u00f3tima socializa\u00e7\u00e3o tornando-se assim companheiros amigos e confiantes. Esfor\u00e7o-me por promover as caracter\u00edsticas t\u00edpicas desta bela ra\u00e7a.<\/p>\n<p>Entusiasmada por poder partilhar a minha paix\u00e3o com outros amantes de gatos e de oferecer aos futuros propriet\u00e1rios a oportunidade de adotar um companheiro fiel do meu gatil. Se estiver interessado nos meus gatinhos ou tiver alguma d\u00favida n\u00e3o hesite em contatar-me.<\/p>\n<p>Descubra o mundo dos gatos Bosque da Noruega e deixe-se encantar pela sua natureza \u00fanica.<\/p>\n<p>&#8221; content_fr_fr=&#8221;<\/p>\n<p style=%22text-align: justify;%22><span data-tt=%22{%22 paragraphstyle=%22%22 :=%22%22 alignment=%22%22 :4=%22%22>Depuis 2015, j&#8217;\u00e9l\u00e8ve passionn\u00e9ment des Chats des For\u00eats Norv\u00e9giennes sous le nom de Blue Dreams. Cette race unique me fascine par sa beaut\u00e9, son charme et sa nature affectueuse. Les chats font partie de ma vie depuis mon enfance, et ils sont indispensables pour moi. <\/span><\/p>\n<p style=%22text-align: justify;%22><span data-tt=%22{%22 paragraphstyle=%22%22 :=%22%22 alignment=%22%22 :4=%22%22> <\/span><\/p>\n<p style=%22text-align: justify;%22><span data-tt=%22{%22 paragraphstyle=%22%22 :=%22%22 alignment=%22%22 :4=%22%22>Dans mon \u00e9levage, j&#8217;accorde une grande importance \u00e0 la sant\u00e9, au temp\u00e9rament et au bien-\u00eatre de mes chats. Chaque chat est \u00e9lev\u00e9 dans un environnement aimant pour garantir une socialisation optimale, devenant ainsi des compagnons amicaux et confiants. Je m&#8217;efforce de promouvoir les caract\u00e9ristiques typiques de cette race. <\/span><\/p>\n<p style=%22text-align: justify;%22><span data-tt=%22{%22 paragraphstyle=%22%22 :=%22%22 alignment=%22%22 :4=%22%22> <\/span><\/p>\n<p style=%22text-align: justify;%22><span data-tt=%22{%22 paragraphstyle=%22%22 :=%22%22 alignment=%22%22 :4=%22%22>Je suis ravie de partager ma passion avec d&#8217;autres amoureux des chats et d&#8217;offrir aux futurs propri\u00e9taires la possibilit\u00e9 d&#8217;adopter un compagnon fid\u00e8le de mon \u00e9levage. Si vous avez des questions ou si vous \u00eates int\u00e9ress\u00e9 par mes chatons, n&#8217;h\u00e9sitez pas \u00e0 me contacter. <\/span><\/p>\n<p style=%22text-align: justify;%22><span data-tt=%22{%22 paragraphstyle=%22%22 :=%22%22 alignment=%22%22 :4=%22%22> <\/span><\/p>\n<p style=%22text-align: justify;%22><span data-tt=%22{%22 paragraphstyle=%22%22 :=%22%22 alignment=%22%22 :4=%22%22>D\u00e9couvrez le monde des Chats des For\u00eats Norv\u00e9giennes et laissez-vous envo\u00fbter par leur nature unique !<\/span><\/p>\n<p>&#8221; global_colors_info=&#8221;{}&#8221;]<\/p>\n<p style=\"text-align: justify;\">Seit 2015 z\u00fcchte ich unter dem Zuchtnamen Blue Dreams mit gro\u00dfer Leidenschaft Norwegische Waldkatzen. Diese einzigartige Rasse fasziniert mich durch ihre Sch\u00f6nheit, ihren charakterlichen Charme und ihre liebevolle Natur. Katzen begleiten mich seit meiner Kindheit, und sie sind aus meinem Leben nicht wegzudenken.<\/p>\n<p style=\"text-align: justify;\">In meiner Zucht lege ich gro\u00dfen Wert auf Gesundheit, Wesen und das Wohlbefinden meiner Katzen. Jede Katze wird in einer liebevollen Umgebung aufgezogen, damit sie optimal sozialisiert wird und sich zu einem freundlichen, selbstbewussten Gef\u00e4hrten entwickelt. Ich strebe danach, die typischen Merkmale dieser Rasse zu f\u00f6rdern:<\/p>\n<p style=\"text-align: justify;\">Ich freue mich, meine Leidenschaft mit anderen Katzenliebhabern zu teilen und biete zuk\u00fcnftigen Katzenbesitzern die M\u00f6glichkeit, einen treuen Begleiter aus meiner Zucht zu adoptieren. Bei Fragen oder Interesse an meinen K\u00e4tzchen stehe ich gerne zur Verf\u00fcgung.<\/p>\n<p style=\"text-align: justify;\">Entdecke die Welt der Norwegischen Waldkatzen und lass dich von ihrem einzigartigen Wesen verzaubern!<\/p>\n<p>[\/et_pb_text][\/et_pb_column][\/et_pb_row][\/et_pb_section][et_pb_section fb_built=&#8221;1&#8243; disabled_on=&#8221;on|on|on&#8221; admin_label=&#8221;Call to Action&#8221; _builder_version=&#8221;4.27.4&#8243; _module_preset=&#8221;default&#8221; background_color=&#8221;#E2F2FE&#8221; disabled=&#8221;on&#8221; locked=&#8221;off&#8221; collapsed=&#8221;off&#8221; global_colors_info=&#8221;{}&#8221;][et_pb_row custom_padding_last_edited=&#8221;on|desktop&#8221; _builder_version=&#8221;4.27.4&#8243; _module_preset=&#8221;default&#8221; background_color=&#8221;#A1CEF1&#8243; custom_padding=&#8221;60px|120px|60px|120px|true|true&#8221; custom_padding_tablet=&#8221;30px|30px|30px|30px|true|true&#8221; custom_padding_phone=&#8221;20px|20px|20px|20px|true|true&#8221; border_radii=&#8221;on|20px|20px|20px|20px&#8221; global_colors_info=&#8221;{}&#8221;][et_pb_column type=&#8221;4_4&#8243; _builder_version=&#8221;4.23.1&#8243; _module_preset=&#8221;default&#8221; global_colors_info=&#8221;{}&#8221;][et_pb_text _builder_version=&#8221;4.27.4&#8243; _module_preset=&#8221;_initial&#8221; header_5_font=&#8221;|700|||||||&#8221; header_5_font_size=&#8221;20px&#8221; header_5_line_height=&#8221;1.4em&#8221; text_orientation=&#8221;center&#8221; custom_margin=&#8221;||10px||false|false&#8221; header_5_font_size_tablet=&#8221;16px&#8221; header_5_font_size_phone=&#8221;14px&#8221; header_5_font_size_last_edited=&#8221;on|desktop&#8221; content_en_us=&#8221;<\/p>\n<h5>We have kittens<\/h5>\n<p>&#8221; content_pt_pt=&#8221;<\/p>\n<h5>Temos gatinhos<\/h5>\n<p>&#8221; content_fr_fr=&#8221;<\/p>\n<h5>Nous avons des chatons<\/h5>\n<p>&#8221; global_colors_info=&#8221;{}&#8221;]<\/p>\n<h5>Wir haben K\u00e4tzchen<\/h5>\n<p>[\/et_pb_text][et_pb_text _builder_version=&#8221;4.27.4&#8243; _module_preset=&#8221;_initial&#8221; text_text_color=&#8221;#000000&#8243; text_font_size=&#8221;16px&#8221; text_line_height=&#8221;1.8em&#8221; text_orientation=&#8221;center&#8221; text_font_size_tablet=&#8221;15px&#8221; text_font_size_phone=&#8221;14px&#8221; text_font_size_last_edited=&#8221;on|desktop&#8221; content_en_us=&#8221;<\/p>\n<p style=%22text-align: center;%22>A litter was born on&#8230; find all the information on the kittens page<\/p>\n<p>&#8221; content_pt_pt=&#8221;<\/p>\n<p style=%22text-align: center;%22>Nasceu uma ninhada em&#8230; encontrar todas as informa\u00e7\u00f5es na p\u00e1gina dos gatinhos<\/p>\n<p>&#8221; content_fr_fr=&#8221;<\/p>\n<p style=%22text-align: center;%22>Une port\u00e9e est n\u00e9e le&#8230; retrouvez toutes les informations sur la pages des chatons<\/p>\n<p>&#8221; global_colors_info=&#8221;{}&#8221;]<\/p>\n<p style=\"text-align: center;\">Ein Wurf wurde am geboren&#8230; Finden Sie alle Informationen auf den Seiten der K\u00e4tzchen.<\/p>\n<p>[\/et_pb_text][et_pb_button button_url=&#8221;@ET-DC@eyJkeW5hbWljIjp0cnVlLCJjb250ZW50IjoicG9zdF9saW5rX3VybF9wYWdlIiwic2V0dGluZ3MiOnsicG9zdF9pZCI6IjI0ODg2In19@&#8221; button_text=&#8221;Mehr lesen&#8221; button_alignment=&#8221;center&#8221; _builder_version=&#8221;4.27.4&#8243; _dynamic_attributes=&#8221;button_url&#8221; _module_preset=&#8221;_initial&#8221; custom_button=&#8221;on&#8221; button_text_size=&#8221;14px&#8221; button_text_color=&#8221;#FFFFFF&#8221; button_bg_color=&#8221;#26476c&#8221; button_border_width=&#8221;0px&#8221; button_border_radius=&#8221;100px&#8221; button_letter_spacing=&#8221;0.16em&#8221; button_font=&#8221;|700||on|||||&#8221; custom_padding=&#8221;16px|24px|16px|24px|true|true&#8221; button_text_en_us=&#8221;Learn more&#8221; button_text_pt_pt=&#8221;Mais informa\u00e7\u00f5es&#8221; button_text_fr_fr=&#8221;En savoir plus&#8221; global_colors_info=&#8221;{}&#8221;][\/et_pb_button][\/et_pb_column][\/et_pb_row][\/et_pb_section]<\/p>\n","protected":false},"excerpt":{"rendered":"<p>Willkommen bei Blue DreamsZucht f\u00fcr Norwegische WaldkatzenUnsere GeschichteSeit 2015 z\u00fcchte ich unter dem Zuchtnamen Blue Dreams mit gro\u00dfer Leidenschaft Norwegische Waldkatzen. Diese einzigartige Rasse fasziniert mich durch ihre Sch\u00f6nheit, ihren charakterlichen Charme und ihre liebevolle Natur. Katzen begleiten mich seit meiner Kindheit, und sie sind aus meinem Leben nicht wegzudenken. In meiner Zucht lege ich [&hellip;]<\/p>\n","protected":false},"author":1,"featured_media":0,"parent":0,"menu_order":0,"comment_status":"closed","ping_status":"closed","template":"","meta":{"_et_pb_use_builder":"on","_et_pb_old_content":"","_et_gb_content_width":"","footnotes":""},"class_list":["post-1300","page","type-page","status-publish","hentry"],"_links":{"self":[{"href":"https:\/\/blue-dreams-nfo.com\/en\/wp-json\/wp\/v2\/pages\/1300","targetHints":{"allow":["GET"]}}],"collection":[{"href":"https:\/\/blue-dreams-nfo.com\/en\/wp-json\/wp\/v2\/pages"}],"about":[{"href":"https:\/\/blue-dreams-nfo.com\/en\/wp-json\/wp\/v2\/types\/page"}],"author":[{"embeddable":true,"href":"https:\/\/blue-dreams-nfo.com\/en\/wp-json\/wp\/v2\/users\/1"}],"replies":[{"embeddable":true,"href":"https:\/\/blue-dreams-nfo.com\/en\/wp-json\/wp\/v2\/comments?post=1300"}],"version-history":[{"count":17,"href":"https:\/\/blue-dreams-nfo.com\/en\/wp-json\/wp\/v2\/pages\/1300\/revisions"}],"predecessor-version":[{"id":26820,"href":"https:\/\/blue-dreams-nfo.com\/en\/wp-json\/wp\/v2\/pages\/1300\/revisions\/26820"}],"wp:attachment":[{"href":"https:\/\/blue-dreams-nfo.com\/en\/wp-json\/wp\/v2\/media?parent=1300"}],"curies":[{"name":"wp","href":"https:\/\/api.w.org\/{rel}","templated":true}]}}