{"id":24707,"date":"2025-01-21T13:26:04","date_gmt":"2025-01-21T12:26:04","guid":{"rendered":"https:\/\/blue-dreams-nfo.com\/?page_id=24707"},"modified":"2025-03-26T00:13:31","modified_gmt":"2025-03-25T23:13:31","slug":"gin-von-blue-dreams-ch","status":"publish","type":"page","link":"https:\/\/blue-dreams-nfo.com\/en\/unsere-kastraten\/gin-von-blue-dreams-ch\/","title":{"rendered":"Gin von Blue Dreams *CH"},"content":{"rendered":"<p>[et_pb_section fb_built=&#8221;1&#8243; admin_label=&#8221;Header&#8221; _builder_version=&#8221;4.24.1&#8243; _module_preset=&#8221;default&#8221; custom_padding=&#8221;||0px||false|false&#8221; locked=&#8221;off&#8221; collapsed=&#8221;on&#8221; global_colors_info=&#8221;{}&#8221;][et_pb_row _builder_version=&#8221;4.24.1&#8243; _module_preset=&#8221;default&#8221; global_colors_info=&#8221;{}&#8221;][et_pb_column type=&#8221;4_4&#8243; _builder_version=&#8221;4.24.1&#8243; _module_preset=&#8221;default&#8221; global_colors_info=&#8221;{}&#8221;][et_pb_text _builder_version=&#8221;4.27.4&#8243; _module_preset=&#8221;_initial&#8221; header_font=&#8221;|||on|||||&#8221; header_font_size=&#8221;80px&#8221; header_line_height=&#8221;1.3em&#8221; text_orientation=&#8221;center&#8221; header_font_size_tablet=&#8221;40px&#8221; header_font_size_phone=&#8221;24px&#8221; header_font_size_last_edited=&#8221;on|desktop&#8221; global_colors_info=&#8221;{}&#8221;]<\/p>\n<h1>IC Gin von Blue Dreams *CH<\/h1>\n<p>[\/et_pb_text][\/et_pb_column][\/et_pb_row][\/et_pb_section][et_pb_section fb_built=&#8221;1&#8243; admin_label=&#8221;Contact Info&#8221; _builder_version=&#8221;4.24.2&#8243; _module_preset=&#8221;default&#8221; locked=&#8221;off&#8221; collapsed=&#8221;on&#8221; global_colors_info=&#8221;{}&#8221;][et_pb_row column_structure=&#8221;1_2,1_2&#8243; make_equal=&#8221;on&#8221; _builder_version=&#8221;4.27.4&#8243; _module_preset=&#8221;default&#8221; width=&#8221;90%&#8221; max_width=&#8221;2000px&#8221; global_colors_info=&#8221;{}&#8221;][et_pb_column type=&#8221;1_2&#8243; _builder_version=&#8221;4.27.4&#8243; _module_preset=&#8221;default&#8221; custom_padding=&#8221;||||false|false&#8221; custom_padding_tablet=&#8221;0px||0px||true|false&#8221; custom_padding_phone=&#8221;0px||0px||true|false&#8221; custom_padding_last_edited=&#8221;on|desktop&#8221; global_colors_info=&#8221;{}&#8221;][et_pb_text _builder_version=&#8221;4.27.4&#8243; _module_preset=&#8221;_initial&#8221; header_4_font=&#8221;||||||||&#8221; header_4_font_size=&#8221;36px&#8221; header_4_line_height=&#8221;1.4em&#8221; text_orientation=&#8221;center&#8221; custom_margin=&#8221;||0px||false|false&#8221; header_4_font_size_tablet=&#8221;18px&#8221; header_4_font_size_phone=&#8221;15px&#8221; header_4_font_size_last_edited=&#8221;on|desktop&#8221; content_en_us=&#8221;<\/p>\n<h4>Date of birth<\/h4>\n<p>&#8221; content_pt_pt=&#8221;<\/p>\n<h4>Data de nascimento<\/h4>\n<p>&#8221; content_fr_fr=&#8221;<\/p>\n<h4>Date de naissance<\/h4>\n<p>&#8221; global_colors_info=&#8221;{}&#8221;]<\/p>\n<h4>Geburtsdatum<\/h4>\n<p>[\/et_pb_text][et_pb_text quote_border_color=&#8221;#000000&#8243; _builder_version=&#8221;4.27.4&#8243; _module_preset=&#8221;_initial&#8221; text_font=&#8221;||||||||&#8221; text_font_size=&#8221;16px&#8221; text_line_height=&#8221;1.65em&#8221; link_font=&#8221;||||on||||&#8221; link_text_color=&#8221;#000000&#8243; quote_text_color=&#8221;#000000&#8243; quote_font_size=&#8221;20px&#8221; text_orientation=&#8221;center&#8221; text_font_size_tablet=&#8221;15px&#8221; text_font_size_phone=&#8221;14px&#8221; text_font_size_last_edited=&#8221;on|desktop&#8221; quote_font_size_tablet=&#8221;16px&#8221; quote_font_size_phone=&#8221;14px&#8221; quote_font_size_last_edited=&#8221;on|desktop&#8221; global_colors_info=&#8221;{}&#8221;]<\/p>\n<p><span>30.04.2021<\/span><\/p>\n<p>[\/et_pb_text][et_pb_text _builder_version=&#8221;4.27.4&#8243; _module_preset=&#8221;_initial&#8221; header_4_font=&#8221;||||||||&#8221; header_4_font_size=&#8221;36px&#8221; header_4_line_height=&#8221;1.4em&#8221; text_orientation=&#8221;center&#8221; custom_margin=&#8221;||0px||false|false&#8221; header_4_font_size_tablet=&#8221;18px&#8221; header_4_font_size_phone=&#8221;15px&#8221; header_4_font_size_last_edited=&#8221;on|desktop&#8221; content_en_us=&#8221;<\/p>\n<h4>Color<\/h4>\n<p>&#8221; content_pt_pt=&#8221;<\/p>\n<h4>Cor<\/h4>\n<p>&#8221; content_fr_fr=&#8221;<\/p>\n<h4>Couleur<\/h4>\n<p>&#8221; global_colors_info=&#8221;{}&#8221;]<\/p>\n<h4>Farbe<\/h4>\n<p>[\/et_pb_text][et_pb_text quote_border_color=&#8221;#000000&#8243; _builder_version=&#8221;4.27.4&#8243; _module_preset=&#8221;_initial&#8221; text_font=&#8221;||||||||&#8221; text_font_size=&#8221;16px&#8221; text_line_height=&#8221;1.65em&#8221; link_font=&#8221;||||on||||&#8221; link_text_color=&#8221;#000000&#8243; quote_text_color=&#8221;#000000&#8243; quote_font_size=&#8221;20px&#8221; text_orientation=&#8221;center&#8221; text_font_size_tablet=&#8221;15px&#8221; text_font_size_phone=&#8221;14px&#8221; text_font_size_last_edited=&#8221;on|desktop&#8221; quote_font_size_tablet=&#8221;16px&#8221; quote_font_size_phone=&#8221;14px&#8221; quote_font_size_last_edited=&#8221;on|desktop&#8221; global_colors_info=&#8221;{}&#8221;]<\/p>\n<div>NFO ns 09<\/div>\n<p>[\/et_pb_text][et_pb_text _builder_version=&#8221;4.27.4&#8243; _module_preset=&#8221;_initial&#8221; header_4_font=&#8221;||||||||&#8221; header_4_font_size=&#8221;36px&#8221; header_4_line_height=&#8221;1.4em&#8221; text_orientation=&#8221;center&#8221; custom_margin=&#8221;||0px||false|false&#8221; header_4_font_size_tablet=&#8221;18px&#8221; header_4_font_size_phone=&#8221;15px&#8221; header_4_font_size_last_edited=&#8221;on|desktop&#8221; content_en_us=&#8221;<\/p>\n<h4>Sex<\/h4>\n<p>&#8221; content_pt_pt=&#8221;<\/p>\n<h4>G\u00eanero<\/h4>\n<p>&#8221; content_fr_fr=&#8221;<\/p>\n<h4>Sexe<\/h4>\n<p>&#8221; global_colors_info=&#8221;{}&#8221;]<\/p>\n<h4>Geschlecht<\/h4>\n<p>[\/et_pb_text][et_pb_text quote_border_color=&#8221;#000000&#8243; _builder_version=&#8221;4.27.4&#8243; _module_preset=&#8221;_initial&#8221; text_font=&#8221;||||||||&#8221; text_font_size=&#8221;16px&#8221; text_line_height=&#8221;1.65em&#8221; link_font=&#8221;||||on||||&#8221; link_text_color=&#8221;#000000&#8243; quote_text_color=&#8221;#000000&#8243; quote_font_size=&#8221;20px&#8221; text_orientation=&#8221;center&#8221; text_font_size_tablet=&#8221;15px&#8221; text_font_size_phone=&#8221;14px&#8221; text_font_size_last_edited=&#8221;on|desktop&#8221; quote_font_size_tablet=&#8221;16px&#8221; quote_font_size_phone=&#8221;14px&#8221; quote_font_size_last_edited=&#8221;on|desktop&#8221; content_en_us=&#8221;<\/p>\n<p>Neuter male<\/p>\n<p>&#8221; content_pt_pt=&#8221;<\/p>\n<p>Macho neutro<\/p>\n<p>&#8221; content_fr_fr=&#8221;<\/p>\n<p>M\u00e2le neutre<\/p>\n<p>&#8221; locked=&#8221;off&#8221; global_colors_info=&#8221;{}&#8221;]<\/p>\n<p>Kastraten mannlich<\/p>\n<p>[\/et_pb_text][et_pb_text _builder_version=&#8221;4.27.4&#8243; _module_preset=&#8221;_initial&#8221; header_4_font=&#8221;||||||||&#8221; header_4_font_size=&#8221;36px&#8221; header_4_line_height=&#8221;1.4em&#8221; text_orientation=&#8221;center&#8221; custom_margin=&#8221;||0px||false|false&#8221; header_4_font_size_tablet=&#8221;18px&#8221; header_4_font_size_phone=&#8221;15px&#8221; header_4_font_size_last_edited=&#8221;on|desktop&#8221; content_en_us=&#8221;<\/p>\n<h4>Pedigree<\/h4>\n<p>&#8221; content_pt_pt=&#8221;<\/p>\n<h4>Genealogia<\/h4>\n<p>&#8221; content_fr_fr=&#8221;<\/p>\n<h4>P\u00e9digr\u00e9e<\/h4>\n<p>&#8221; global_colors_info=&#8221;{}&#8221;]<\/p>\n<h4>Stammbaum<\/h4>\n<p>[\/et_pb_text][et_pb_text quote_border_color=&#8221;#000000&#8243; _builder_version=&#8221;4.27.4&#8243; _dynamic_attributes=&#8221;link_option_url&#8221; _module_preset=&#8221;_initial&#8221; text_font=&#8221;||||||||&#8221; text_font_size=&#8221;16px&#8221; text_line_height=&#8221;1.65em&#8221; link_font=&#8221;||||on||||&#8221; link_text_color=&#8221;#000000&#8243; quote_text_color=&#8221;#000000&#8243; quote_font_size=&#8221;20px&#8221; text_orientation=&#8221;center&#8221; link_option_url=&#8221;@ET-DC@eyJkeW5hbWljIjp0cnVlLCJjb250ZW50IjoicG9zdF9saW5rX3VybF9hdHRhY2htZW50Iiwic2V0dGluZ3MiOnsicG9zdF9pZCI6IjI0NzUzIn19@&#8221; link_option_url_new_window=&#8221;on&#8221; text_font_size_tablet=&#8221;15px&#8221; text_font_size_phone=&#8221;14px&#8221; text_font_size_last_edited=&#8221;on|desktop&#8221; quote_font_size_tablet=&#8221;16px&#8221; quote_font_size_phone=&#8221;14px&#8221; quote_font_size_last_edited=&#8221;on|desktop&#8221; content_en_us=&#8221;see the pedigree&#8221; content_pt_pt=&#8221;ver o pedigree<br \/>\n&#8221; content_fr_fr=&#8221;Voir son p\u00e9digr\u00e9e&#8221; global_colors_info=&#8221;{}&#8221;]<\/p>\n<p>Stammbaum ansehen<\/p>\n<p>[\/et_pb_text][et_pb_text quote_border_color=&#8221;#000000&#8243; _builder_version=&#8221;4.27.4&#8243; _module_preset=&#8221;_initial&#8221; text_font=&#8221;||||||||&#8221; text_font_size=&#8221;16px&#8221; text_line_height=&#8221;1.65em&#8221; link_font=&#8221;||||on||||&#8221; link_text_color=&#8221;#000000&#8243; quote_text_color=&#8221;#000000&#8243; quote_font_size=&#8221;20px&#8221; text_orientation=&#8221;center&#8221; hover_enabled=&#8221;0&#8243; text_font_size_tablet=&#8221;15px&#8221; text_font_size_phone=&#8221;14px&#8221; text_font_size_last_edited=&#8221;on|desktop&#8221; quote_font_size_tablet=&#8221;16px&#8221; quote_font_size_phone=&#8221;14px&#8221; quote_font_size_last_edited=&#8221;on|desktop&#8221; content_en_us=&#8221;<\/p>\n<p>see the pedigree on Pawpeds<\/p>\n<p>&#8221; content_pt_pt=&#8221;<\/p>\n<p>ver o pedigree no Pawpeds<\/p>\n<p>&#8221; content_fr_fr=&#8221;<\/p>\n<p>Voir son p\u00e9digr\u00e9e sur Pawpeds<\/p>\n<p>&#8221; global_colors_info=&#8221;{}&#8221; link_option_url=&#8221;https:\/\/www.pawpeds.com\/db\/?a=p&#038;id=1657482&#038;g=4&#038;p=nfo&#038;o=elastic&#8221; link_option_url_new_window=&#8221;on&#8221; sticky_enabled=&#8221;0&#8243; locked=&#8221;off&#8221;]<\/p>\n<p>Stammbaum auf Pawpeds<\/p>\n<p>[\/et_pb_text][et_pb_text _builder_version=&#8221;4.27.4&#8243; _module_preset=&#8221;_initial&#8221; header_4_font=&#8221;||||||||&#8221; header_4_font_size=&#8221;36px&#8221; header_4_line_height=&#8221;1.4em&#8221; text_orientation=&#8221;center&#8221; custom_margin=&#8221;||0px||false|false&#8221; header_4_font_size_tablet=&#8221;18px&#8221; header_4_font_size_phone=&#8221;15px&#8221; header_4_font_size_last_edited=&#8221;on|desktop&#8221; content_en_us=&#8221;<\/p>\n<h4>Medical tests<\/h4>\n<p>&#8221; content_pt_pt=&#8221;<\/p>\n<h4>Testes m\u00e9dicos<\/h4>\n<p>&#8221; content_fr_fr=&#8221;<\/p>\n<h4>Tests m\u00e9dicaux<\/h4>\n<p>&#8221; global_colors_info=&#8221;{}&#8221;]<\/p>\n<h4>Medizinische Tests<\/h4>\n<p>[\/et_pb_text][et_pb_text quote_border_color=&#8221;#000000&#8243; _builder_version=&#8221;4.27.4&#8243; _module_preset=&#8221;_initial&#8221; text_font=&#8221;||||||||&#8221; text_font_size=&#8221;16px&#8221; text_line_height=&#8221;1.65em&#8221; link_font=&#8221;||||on||||&#8221; link_text_color=&#8221;#000000&#8243; quote_text_color=&#8221;#000000&#8243; quote_font_size=&#8221;20px&#8221; text_orientation=&#8221;center&#8221; text_font_size_tablet=&#8221;15px&#8221; text_font_size_phone=&#8221;14px&#8221; text_font_size_last_edited=&#8221;on|desktop&#8221; quote_font_size_tablet=&#8221;16px&#8221; quote_font_size_phone=&#8221;14px&#8221; quote_font_size_last_edited=&#8221;on|desktop&#8221; global_colors_info=&#8221;{}&#8221;]<\/p>\n<div>GSD IV, (Glykogenspeicherkrankeit) : Genotyp N\/N,\u00a0<\/div>\n<div><span> <\/span>PKD (Pyruvatkinase-Defizienz: Genotyp N\/N,\u00a0<\/div>\n<div><span> <\/span>Amber: EE (kein Ambertr\u00e4ger)<\/div>\n<div><span> <\/span>HCM Screening 12. 01.2023 : Normal<\/div>\n<p>[\/et_pb_text][\/et_pb_column][et_pb_column type=&#8221;1_2&#8243; _builder_version=&#8221;4.27.4&#8243; _module_preset=&#8221;default&#8221; background_enable_image=&#8221;off&#8221; parallax=&#8221;on&#8221; global_colors_info=&#8221;{}&#8221;][et_pb_image src=&#8221;https:\/\/blue-dreams-nfo.com\/wp-content\/uploads\/2025\/01\/IMG_7782-rotated.jpeg&#8221; title_text=&#8221;IMG_7782&#8243; align=&#8221;center&#8221; force_fullwidth=&#8221;on&#8221; _builder_version=&#8221;4.27.4&#8243; _module_preset=&#8221;default&#8221; border_radii=&#8221;on|20px|20px|20px|20px&#8221; box_shadow_style=&#8221;preset2&#8243; global_colors_info=&#8221;{}&#8221;][\/et_pb_image][\/et_pb_column][\/et_pb_row][\/et_pb_section][et_pb_section fb_built=&#8221;1&#8243; admin_label=&#8221;Contact Form&#8221; _builder_version=&#8221;4.24.2&#8243; _module_preset=&#8221;default&#8221; locked=&#8221;off&#8221; collapsed=&#8221;on&#8221; global_colors_info=&#8221;{}&#8221;][et_pb_row _builder_version=&#8221;4.24.1&#8243; _module_preset=&#8221;default&#8221; max_width=&#8221;900px&#8221; global_colors_info=&#8221;{}&#8221;][et_pb_column type=&#8221;4_4&#8243; _builder_version=&#8221;4.24.1&#8243; _module_preset=&#8221;default&#8221; global_colors_info=&#8221;{}&#8221;][et_pb_text _builder_version=&#8221;4.27.4&#8243; _module_preset=&#8221;_initial&#8221; header_2_font=&#8221;||||||||&#8221; header_2_font_size=&#8221;62px&#8221; header_2_line_height=&#8221;1.3em&#8221; text_orientation=&#8221;center&#8221; header_2_font_size_tablet=&#8221;32px&#8221; header_2_font_size_phone=&#8221;20px&#8221; header_2_font_size_last_edited=&#8221;on|desktop&#8221; content_en_us=&#8221;<\/p>\n<h2>Presentation<\/h2>\n<p>&#8221; content_pt_pt=&#8221;<\/p>\n<h2>Apresenta\u00e7\u00e3o<\/h2>\n<p>&#8221; content_fr_fr=&#8221;<\/p>\n<h2>Pr\u00e9sentation<\/h2>\n<p>&#8221; global_colors_info=&#8221;{}&#8221;]<\/p>\n<h2>Vorstellung<\/h2>\n<p>[\/et_pb_text][et_pb_text quote_border_color=&#8221;#000000&#8243; _builder_version=&#8221;4.27.4&#8243; _module_preset=&#8221;_initial&#8221; text_font=&#8221;||||||||&#8221; text_font_size=&#8221;16px&#8221; text_line_height=&#8221;1.65em&#8221; link_font=&#8221;||||on||||&#8221; link_text_color=&#8221;#000000&#8243; quote_text_color=&#8221;#000000&#8243; quote_font_size=&#8221;20px&#8221; text_orientation=&#8221;center&#8221; text_font_size_tablet=&#8221;15px&#8221; text_font_size_phone=&#8221;14px&#8221; text_font_size_last_edited=&#8221;on|desktop&#8221; quote_font_size_tablet=&#8221;16px&#8221; quote_font_size_phone=&#8221;14px&#8221; quote_font_size_last_edited=&#8221;on|desktop&#8221; content_en_us=&#8221;<\/p>\n<p>Neutered since October 2024, he is the father of 5 great litters and is now enjoying his retirement<\/p>\n<p>&#8221; content_pt_pt=&#8221;<\/p>\n<p>Castrado desde outubro de 2024, \u00e9 pai de 5 grandes ninhadas e est\u00e1 agora a gozar a sua reforma<\/p>\n<p>&#8221; content_fr_fr=&#8221;<\/p>\n<p>St\u00e9rilis\u00e9 depuis octobre 2024, il est le p\u00e8re de 5 superbes port\u00e9es et profite maintenant de sa retraite.<\/p>\n<p>&#8221; global_colors_info=&#8221;{}&#8221;]<\/p>\n<p><span>Kastriert seit Oktober 2024, er ist der Vater von 5 tollen W\u00fcrfen und geniesst nun seinen Ruhestand<\/span><\/p>\n<p>[\/et_pb_text][\/et_pb_column][\/et_pb_row][\/et_pb_section][et_pb_section fb_built=&#8221;1&#8243; admin_label=&#8221;Contact Form&#8221; _builder_version=&#8221;4.24.2&#8243; _module_preset=&#8221;default&#8221; locked=&#8221;off&#8221; collapsed=&#8221;on&#8221; global_colors_info=&#8221;{}&#8221;][et_pb_row _builder_version=&#8221;4.27.4&#8243; _module_preset=&#8221;default&#8221; max_width=&#8221;900px&#8221; global_colors_info=&#8221;{}&#8221;][et_pb_column type=&#8221;4_4&#8243; _builder_version=&#8221;4.24.1&#8243; _module_preset=&#8221;default&#8221; global_colors_info=&#8221;{}&#8221;][et_pb_text _builder_version=&#8221;4.27.4&#8243; _module_preset=&#8221;_initial&#8221; header_2_font=&#8221;||||||||&#8221; header_2_font_size=&#8221;62px&#8221; header_2_line_height=&#8221;1.3em&#8221; text_orientation=&#8221;center&#8221; header_2_font_size_tablet=&#8221;32px&#8221; header_2_font_size_phone=&#8221;20px&#8221; header_2_font_size_last_edited=&#8221;on|desktop&#8221; content_en_us=&#8221;<\/p>\n<h2>Gallery<\/h2>\n<p>&#8221; content_pt_pt=&#8221;<\/p>\n<h2>Galeria de fotos<\/h2>\n<p>&#8221; content_fr_fr=&#8221;<\/p>\n<h2>Galerie photo<\/h2>\n<p>&#8221; global_colors_info=&#8221;{}&#8221;]<\/p>\n<h2>Fotogalerie<\/h2>\n<p>[\/et_pb_text][et_pb_gallery gallery_ids=&#8221;24713,24714,24715,24716,24717,24718,24719,24720,24721&#8243; posts_number=&#8221;20&#8243; show_title_and_caption=&#8221;off&#8221; _builder_version=&#8221;4.27.4&#8243; _module_preset=&#8221;default&#8221; border_radii_image=&#8221;on|10px|10px|10px|10px&#8221; box_shadow_style_image=&#8221;preset2&#8243; global_colors_info=&#8221;{}&#8221;][\/et_pb_gallery][\/et_pb_column][\/et_pb_row][\/et_pb_section][et_pb_section fb_built=&#8221;1&#8243; admin_label=&#8221;Contact Form&#8221; _builder_version=&#8221;4.24.2&#8243; _module_preset=&#8221;default&#8221; locked=&#8221;off&#8221; collapsed=&#8221;on&#8221; global_colors_info=&#8221;{}&#8221;][et_pb_row _builder_version=&#8221;4.24.1&#8243; _module_preset=&#8221;default&#8221; max_width=&#8221;900px&#8221; global_colors_info=&#8221;{}&#8221;][et_pb_column type=&#8221;4_4&#8243; _builder_version=&#8221;4.24.1&#8243; _module_preset=&#8221;default&#8221; global_colors_info=&#8221;{}&#8221;][et_pb_text _builder_version=&#8221;4.27.4&#8243; _module_preset=&#8221;_initial&#8221; header_2_font=&#8221;||||||||&#8221; header_2_font_size=&#8221;62px&#8221; header_2_line_height=&#8221;1.3em&#8221; text_orientation=&#8221;center&#8221; header_2_font_size_tablet=&#8221;32px&#8221; header_2_font_size_phone=&#8221;20px&#8221; header_2_font_size_last_edited=&#8221;on|desktop&#8221; content_en_us=&#8221;<\/p>\n<h2>Show results<\/h2>\n<p>&#8221; content_pt_pt=&#8221;<\/p>\n<h2>resultados da exposi\u00e7\u00e3o<\/h2>\n<p>&#8221; content_fr_fr=&#8221;<\/p>\n<h2>R\u00e9sultats d&#8217;expositions<\/h2>\n<p>&#8221; global_colors_info=&#8221;{}&#8221;]<\/p>\n<h2>Ausstellungsresultate<\/h2>\n<p>[\/et_pb_text][et_pb_text _builder_version=&#8221;4.27.4&#8243; _module_preset=&#8221;default&#8221; global_colors_info=&#8221;{}&#8221;]<\/p>\n<div style=\"text-align: center;\">Champion 2022,<\/div>\n<div style=\"text-align: center;\">Internationaler Champion 2023<\/div>\n<div class=\"yj6qo\"><\/div>\n<div class=\"adL\"><\/div>\n<p>[\/et_pb_text][et_pb_text quote_border_color=&#8221;#000000&#8243; _builder_version=&#8221;4.27.4&#8243; _module_preset=&#8221;_initial&#8221; text_font=&#8221;||||||||&#8221; text_font_size=&#8221;16px&#8221; text_line_height=&#8221;1.65em&#8221; link_font=&#8221;||||on||||&#8221; link_text_color=&#8221;#000000&#8243; quote_text_color=&#8221;#000000&#8243; quote_font_size=&#8221;20px&#8221; text_orientation=&#8221;center&#8221; text_font_size_tablet=&#8221;15px&#8221; text_font_size_phone=&#8221;14px&#8221; text_font_size_last_edited=&#8221;on|desktop&#8221; quote_font_size_tablet=&#8221;16px&#8221; quote_font_size_phone=&#8221;14px&#8221; quote_font_size_last_edited=&#8221;on|desktop&#8221; global_colors_info=&#8221;{}&#8221;]<\/p>\n<table border=\"0\" style=\"width: 100%; border-collapse: collapse; float: left;\">\n<tbody>\n<tr style=\"height: 24px;\">\n<td style=\"width: 25%; height: 24px;\"><strong>Datum<\/strong><\/td>\n<td style=\"width: 25%; height: 24px;\"><strong>Ort<\/strong><\/td>\n<td style=\"width: 25%; height: 24px;\"><strong>Richter<\/strong><\/td>\n<td style=\"width: 25%; height: 24px;\"><strong>Reslultat<\/strong><\/td>\n<\/tr>\n<tr style=\"height: 24px;\">\n<td style=\"width: 25%; height: 24px;\">&#8230;<\/td>\n<td style=\"width: 25%; height: 24px;\">&#8230;<\/td>\n<td style=\"width: 25%; height: 24px;\">&#8230;<\/td>\n<td style=\"width: 25%; height: 24px;\">&#8230;<\/td>\n<\/tr>\n<\/tbody>\n<\/table>\n<p>[\/et_pb_text][\/et_pb_column][\/et_pb_row][\/et_pb_section]<\/p>\n","protected":false},"excerpt":{"rendered":"<p>IC Gin von Blue Dreams *CHGeburtsdatum30.04.2021FarbeNFO ns 09GeschlechtKastraten mannlichStammbaumStammbaum ansehenStammbaum auf PawpedsMedizinische TestsGSD IV, (Glykogenspeicherkrankeit) : Genotyp N\/N,\u00a0 PKD (Pyruvatkinase-Defizienz: Genotyp N\/N,\u00a0 Amber: EE (kein Ambertr\u00e4ger) HCM Screening 12. 01.2023 : NormalVorstellungKastriert seit Oktober 2024, er ist der Vater von 5 tollen W\u00fcrfen und geniesst nun seinen RuhestandFotogalerieAusstellungsresultateChampion 2022, Internationaler Champion 2023 Datum Ort Richter [&hellip;]<\/p>\n","protected":false},"author":1,"featured_media":0,"parent":24628,"menu_order":0,"comment_status":"closed","ping_status":"closed","template":"","meta":{"_et_pb_use_builder":"on","_et_pb_old_content":"","_et_gb_content_width":"","footnotes":""},"class_list":["post-24707","page","type-page","status-publish","hentry"],"_links":{"self":[{"href":"https:\/\/blue-dreams-nfo.com\/en\/wp-json\/wp\/v2\/pages\/24707","targetHints":{"allow":["GET"]}}],"collection":[{"href":"https:\/\/blue-dreams-nfo.com\/en\/wp-json\/wp\/v2\/pages"}],"about":[{"href":"https:\/\/blue-dreams-nfo.com\/en\/wp-json\/wp\/v2\/types\/page"}],"author":[{"embeddable":true,"href":"https:\/\/blue-dreams-nfo.com\/en\/wp-json\/wp\/v2\/users\/1"}],"replies":[{"embeddable":true,"href":"https:\/\/blue-dreams-nfo.com\/en\/wp-json\/wp\/v2\/comments?post=24707"}],"version-history":[{"count":9,"href":"https:\/\/blue-dreams-nfo.com\/en\/wp-json\/wp\/v2\/pages\/24707\/revisions"}],"predecessor-version":[{"id":25244,"href":"https:\/\/blue-dreams-nfo.com\/en\/wp-json\/wp\/v2\/pages\/24707\/revisions\/25244"}],"up":[{"embeddable":true,"href":"https:\/\/blue-dreams-nfo.com\/en\/wp-json\/wp\/v2\/pages\/24628"}],"wp:attachment":[{"href":"https:\/\/blue-dreams-nfo.com\/en\/wp-json\/wp\/v2\/media?parent=24707"}],"curies":[{"name":"wp","href":"https:\/\/api.w.org\/{rel}","templated":true}]}}