{"id":24787,"date":"2025-01-21T14:38:00","date_gmt":"2025-01-21T13:38:00","guid":{"rendered":"https:\/\/blue-dreams-nfo.com\/?page_id=24787"},"modified":"2025-12-04T12:45:50","modified_gmt":"2025-12-04T11:45:50","slug":"lua-av-skara-braech","status":"publish","type":"page","link":"https:\/\/blue-dreams-nfo.com\/en\/unsere-kastraten\/lua-av-skara-braech\/","title":{"rendered":"Lua av Skara Brae*CH"},"content":{"rendered":"<p>[et_pb_section fb_built=&#8221;1&#8243; admin_label=&#8221;Header&#8221; _builder_version=&#8221;4.24.1&#8243; _module_preset=&#8221;default&#8221; custom_padding=&#8221;||0px||false|false&#8221; locked=&#8221;off&#8221; collapsed=&#8221;on&#8221; global_colors_info=&#8221;{}&#8221;][et_pb_row _builder_version=&#8221;4.24.1&#8243; _module_preset=&#8221;default&#8221; global_colors_info=&#8221;{}&#8221;][et_pb_column type=&#8221;4_4&#8243; _builder_version=&#8221;4.24.1&#8243; _module_preset=&#8221;default&#8221; global_colors_info=&#8221;{}&#8221;][et_pb_text _builder_version=&#8221;4.27.4&#8243; _module_preset=&#8221;_initial&#8221; header_font=&#8221;|||on|||||&#8221; header_font_size=&#8221;80px&#8221; header_line_height=&#8221;1.3em&#8221; text_orientation=&#8221;center&#8221; header_font_size_tablet=&#8221;40px&#8221; header_font_size_phone=&#8221;24px&#8221; header_font_size_last_edited=&#8221;on|desktop&#8221; global_colors_info=&#8221;{}&#8221;]<\/p>\n<h1>Lua av Skara Brae*CH<\/h1>\n<p>[\/et_pb_text][\/et_pb_column][\/et_pb_row][\/et_pb_section][et_pb_section fb_built=&#8221;1&#8243; admin_label=&#8221;Contact Info&#8221; _builder_version=&#8221;4.24.2&#8243; _module_preset=&#8221;default&#8221; locked=&#8221;off&#8221; collapsed=&#8221;on&#8221; global_colors_info=&#8221;{}&#8221;][et_pb_row column_structure=&#8221;1_2,1_2&#8243; make_equal=&#8221;on&#8221; _builder_version=&#8221;4.27.4&#8243; _module_preset=&#8221;default&#8221; width=&#8221;90%&#8221; max_width=&#8221;2000px&#8221; global_colors_info=&#8221;{}&#8221;][et_pb_column type=&#8221;1_2&#8243; _builder_version=&#8221;4.27.4&#8243; _module_preset=&#8221;default&#8221; custom_padding=&#8221;||||false|false&#8221; custom_padding_tablet=&#8221;0px||0px||true|false&#8221; custom_padding_phone=&#8221;0px||0px||true|false&#8221; custom_padding_last_edited=&#8221;on|desktop&#8221; global_colors_info=&#8221;{}&#8221;][et_pb_text _builder_version=&#8221;4.27.4&#8243; _module_preset=&#8221;_initial&#8221; header_4_font=&#8221;||||||||&#8221; header_4_font_size=&#8221;36px&#8221; header_4_line_height=&#8221;1.4em&#8221; text_orientation=&#8221;center&#8221; custom_margin=&#8221;||0px||false|false&#8221; header_4_font_size_tablet=&#8221;18px&#8221; header_4_font_size_phone=&#8221;15px&#8221; header_4_font_size_last_edited=&#8221;on|desktop&#8221; content_en_us=&#8221;<\/p>\n<h4>Date of birth<\/h4>\n<p>&#8221; content_pt_pt=&#8221;<\/p>\n<h4>Data de nascimento<\/h4>\n<p>&#8221; content_fr_fr=&#8221;<\/p>\n<h4>Date de naissance<\/h4>\n<p>&#8221; global_colors_info=&#8221;{}&#8221;]<\/p>\n<h4>Geburtsdatum<\/h4>\n<p>[\/et_pb_text][et_pb_text quote_border_color=&#8221;#000000&#8243; _builder_version=&#8221;4.27.4&#8243; _module_preset=&#8221;_initial&#8221; text_font=&#8221;||||||||&#8221; text_font_size=&#8221;16px&#8221; text_line_height=&#8221;1.65em&#8221; link_font=&#8221;||||on||||&#8221; link_text_color=&#8221;#000000&#8243; quote_text_color=&#8221;#000000&#8243; quote_font_size=&#8221;20px&#8221; text_orientation=&#8221;center&#8221; text_font_size_tablet=&#8221;15px&#8221; text_font_size_phone=&#8221;14px&#8221; text_font_size_last_edited=&#8221;on|desktop&#8221; quote_font_size_tablet=&#8221;16px&#8221; quote_font_size_phone=&#8221;14px&#8221; quote_font_size_last_edited=&#8221;on|desktop&#8221; global_colors_info=&#8221;{}&#8221;]03.04.2024[\/et_pb_text][et_pb_text _builder_version=&#8221;4.27.4&#8243; _module_preset=&#8221;_initial&#8221; header_4_font=&#8221;||||||||&#8221; header_4_font_size=&#8221;36px&#8221; header_4_line_height=&#8221;1.4em&#8221; text_orientation=&#8221;center&#8221; custom_margin=&#8221;||0px||false|false&#8221; header_4_font_size_tablet=&#8221;18px&#8221; header_4_font_size_phone=&#8221;15px&#8221; header_4_font_size_last_edited=&#8221;on|desktop&#8221; content_en_us=&#8221;<\/p>\n<h4>Color<\/h4>\n<p>&#8221; content_pt_pt=&#8221;<\/p>\n<h4>Cor<\/h4>\n<p>&#8221; content_fr_fr=&#8221;<\/p>\n<h4>Couleur<\/h4>\n<p>&#8221; global_colors_info=&#8221;{}&#8221;]<\/p>\n<h4>Farbe<\/h4>\n<p>[\/et_pb_text][et_pb_text quote_border_color=&#8221;#000000&#8243; _builder_version=&#8221;4.27.4&#8243; _module_preset=&#8221;_initial&#8221; text_font=&#8221;||||||||&#8221; text_font_size=&#8221;16px&#8221; text_line_height=&#8221;1.65em&#8221; link_font=&#8221;||||on||||&#8221; link_text_color=&#8221;#000000&#8243; quote_text_color=&#8221;#000000&#8243; quote_font_size=&#8221;20px&#8221; text_orientation=&#8221;center&#8221; text_font_size_tablet=&#8221;15px&#8221; text_font_size_phone=&#8221;14px&#8221; text_font_size_last_edited=&#8221;on|desktop&#8221; quote_font_size_tablet=&#8221;16px&#8221; quote_font_size_phone=&#8221;14px&#8221; quote_font_size_last_edited=&#8221;on|desktop&#8221; content_en_us=&#8221;<\/p>\n<p>NFO fs 24<\/p>\n<p>black tortie silver spotted<\/p>\n<p>&#8221; content_pt_pt=&#8221;<\/p>\n<p>NFO fs 24<\/p>\n<p>black tortie silver spotted<\/p>\n<p>&#8221; content_fr_fr=&#8221;<\/p>\n<p>NFO fs 24<\/p>\n<p>black tortie silver spotted<\/p>\n<p>&#8221; global_colors_info=&#8221;{}&#8221;]<\/p>\n<p>NFO fs 24<\/p>\n<p>schwarz Schildpatt silber getupft<\/p>\n<p>[\/et_pb_text][et_pb_text _builder_version=&#8221;4.27.4&#8243; _module_preset=&#8221;_initial&#8221; header_4_font=&#8221;||||||||&#8221; header_4_font_size=&#8221;36px&#8221; header_4_line_height=&#8221;1.4em&#8221; text_orientation=&#8221;center&#8221; custom_margin=&#8221;||0px||false|false&#8221; header_4_font_size_tablet=&#8221;18px&#8221; header_4_font_size_phone=&#8221;15px&#8221; header_4_font_size_last_edited=&#8221;on|desktop&#8221; content_en_us=&#8221;<\/p>\n<h4>Sex<\/h4>\n<p>&#8221; content_pt_pt=&#8221;<\/p>\n<h4>G\u00eanero<\/h4>\n<p>&#8221; content_fr_fr=&#8221;<\/p>\n<h4>Sexe<\/h4>\n<p>&#8221; global_colors_info=&#8221;{}&#8221;]<\/p>\n<h4>Geschlecht<\/h4>\n<p>[\/et_pb_text][et_pb_text quote_border_color=&#8221;#000000&#8243; _builder_version=&#8221;4.27.4&#8243; _module_preset=&#8221;_initial&#8221; text_font=&#8221;||||||||&#8221; text_font_size=&#8221;16px&#8221; text_line_height=&#8221;1.65em&#8221; link_font=&#8221;||||on||||&#8221; link_text_color=&#8221;#000000&#8243; quote_text_color=&#8221;#000000&#8243; quote_font_size=&#8221;20px&#8221; text_orientation=&#8221;center&#8221; text_font_size_tablet=&#8221;15px&#8221; text_font_size_phone=&#8221;14px&#8221; text_font_size_last_edited=&#8221;on|desktop&#8221; quote_font_size_tablet=&#8221;16px&#8221; quote_font_size_phone=&#8221;14px&#8221; quote_font_size_last_edited=&#8221;on|desktop&#8221; content_en_us=&#8221;<\/p>\n<p>Neuter female<\/p>\n<p>&#8221; content_pt_pt=&#8221;<\/p>\n<p>F\u00eamea neutra<\/p>\n<p>&#8221; content_fr_fr=&#8221;<\/p>\n<p>Femelle neutre<\/p>\n<p>&#8221; global_colors_info=&#8221;{}&#8221; locked=&#8221;off&#8221;]<\/p>\n<p>Kastraten weiblich<\/p>\n<p>[\/et_pb_text][et_pb_text _builder_version=&#8221;4.27.4&#8243; _module_preset=&#8221;_initial&#8221; header_4_font=&#8221;||||||||&#8221; header_4_font_size=&#8221;36px&#8221; header_4_line_height=&#8221;1.4em&#8221; text_orientation=&#8221;center&#8221; custom_margin=&#8221;||0px||false|false&#8221; header_4_font_size_tablet=&#8221;18px&#8221; header_4_font_size_phone=&#8221;15px&#8221; header_4_font_size_last_edited=&#8221;on|desktop&#8221; content_en_us=&#8221;<\/p>\n<h4>Pedigree<\/h4>\n<p>&#8221; content_pt_pt=&#8221;<\/p>\n<h4>Genealogia<\/h4>\n<p>&#8221; content_fr_fr=&#8221;<\/p>\n<h4>P\u00e9digr\u00e9e<\/h4>\n<p>&#8221; global_colors_info=&#8221;{}&#8221;]<\/p>\n<h4>Stammbaum<\/h4>\n<p>[\/et_pb_text][et_pb_text quote_border_color=&#8221;#000000&#8243; _builder_version=&#8221;4.27.4&#8243; _dynamic_attributes=&#8221;link_option_url&#8221; _module_preset=&#8221;_initial&#8221; text_font=&#8221;||||||||&#8221; text_font_size=&#8221;16px&#8221; text_line_height=&#8221;1.65em&#8221; link_font=&#8221;||||on||||&#8221; link_text_color=&#8221;#000000&#8243; quote_text_color=&#8221;#000000&#8243; quote_font_size=&#8221;20px&#8221; text_orientation=&#8221;center&#8221; link_option_url=&#8221;@ET-DC@eyJkeW5hbWljIjp0cnVlLCJjb250ZW50IjoicG9zdF9saW5rX3VybF9hdHRhY2htZW50Iiwic2V0dGluZ3MiOnsicG9zdF9pZCI6IjI0Nzg5In19@&#8221; link_option_url_new_window=&#8221;on&#8221; text_font_size_tablet=&#8221;15px&#8221; text_font_size_phone=&#8221;14px&#8221; text_font_size_last_edited=&#8221;on|desktop&#8221; quote_font_size_tablet=&#8221;16px&#8221; quote_font_size_phone=&#8221;14px&#8221; quote_font_size_last_edited=&#8221;on|desktop&#8221; content_en_us=&#8221;see the pedigree&#8221; content_pt_pt=&#8221;ver o pedigree<br \/>\n&#8221; content_fr_fr=&#8221;Voir son p\u00e9digr\u00e9e&#8221; global_colors_info=&#8221;{}&#8221;]<\/p>\n<p>Stammbaum ansehen<\/p>\n<p>[\/et_pb_text][et_pb_text quote_border_color=&#8221;#000000&#8243; _builder_version=&#8221;4.27.4&#8243; _module_preset=&#8221;_initial&#8221; text_font=&#8221;||||||||&#8221; text_font_size=&#8221;16px&#8221; text_line_height=&#8221;1.65em&#8221; link_font=&#8221;||||on||||&#8221; link_text_color=&#8221;#000000&#8243; quote_text_color=&#8221;#000000&#8243; quote_font_size=&#8221;20px&#8221; text_orientation=&#8221;center&#8221; link_option_url=&#8221;https:\/\/www.pawpeds.com\/db\/?a=p&#038;id=1782269&#038;g=4&#038;p=nfo&#038;o=elastic&#8221; link_option_url_new_window=&#8221;on&#8221; text_font_size_tablet=&#8221;15px&#8221; text_font_size_phone=&#8221;14px&#8221; text_font_size_last_edited=&#8221;on|desktop&#8221; quote_font_size_tablet=&#8221;16px&#8221; quote_font_size_phone=&#8221;14px&#8221; quote_font_size_last_edited=&#8221;on|desktop&#8221; content_en_us=&#8221;<\/p>\n<p>see the pedigree on Pawpeds<\/p>\n<p>&#8221; content_pt_pt=&#8221;<\/p>\n<p>ver o pedigree no Pawpeds<\/p>\n<p>&#8221; content_fr_fr=&#8221;<\/p>\n<p>Voir son p\u00e9digr\u00e9e sur Pawpeds<\/p>\n<p>&#8221; locked=&#8221;off&#8221; global_colors_info=&#8221;{}&#8221;]<\/p>\n<p>Stammbaum auf Pawpeds<\/p>\n<p>[\/et_pb_text][et_pb_text _builder_version=&#8221;4.27.4&#8243; _module_preset=&#8221;_initial&#8221; header_4_font=&#8221;||||||||&#8221; header_4_font_size=&#8221;36px&#8221; header_4_line_height=&#8221;1.4em&#8221; text_orientation=&#8221;center&#8221; custom_margin=&#8221;||0px||false|false&#8221; header_4_font_size_tablet=&#8221;18px&#8221; header_4_font_size_phone=&#8221;15px&#8221; header_4_font_size_last_edited=&#8221;on|desktop&#8221; content_en_us=&#8221;<\/p>\n<h4>Medical tests<\/h4>\n<p>&#8221; content_pt_pt=&#8221;<\/p>\n<h4>Testes m\u00e9dicos<\/h4>\n<p>&#8221; content_fr_fr=&#8221;<\/p>\n<h4>Tests m\u00e9dicaux<\/h4>\n<p>&#8221; global_colors_info=&#8221;{}&#8221;]<\/p>\n<h4>Medizinische Tests<\/h4>\n<p>[\/et_pb_text][et_pb_text quote_border_color=&#8221;#000000&#8243; _builder_version=&#8221;4.27.4&#8243; _module_preset=&#8221;_initial&#8221; text_font=&#8221;||||||||&#8221; text_font_size=&#8221;16px&#8221; text_line_height=&#8221;1.65em&#8221; link_font=&#8221;||||on||||&#8221; link_text_color=&#8221;#000000&#8243; quote_text_color=&#8221;#000000&#8243; quote_font_size=&#8221;20px&#8221; text_orientation=&#8221;center&#8221; text_font_size_tablet=&#8221;15px&#8221; text_font_size_phone=&#8221;14px&#8221; text_font_size_last_edited=&#8221;on|desktop&#8221; quote_font_size_tablet=&#8221;16px&#8221; quote_font_size_phone=&#8221;14px&#8221; quote_font_size_last_edited=&#8221;on|desktop&#8221; global_colors_info=&#8221;{}&#8221;]GSD IV, (Glykogenspeicherkrankeit) : Genotyp N\/N,<br \/>\nPKD (Pyruvatkinase-Defizienz: Genotyp N\/N,<br \/>\nAmber: Genotyp E\/E (kein Ambertr\u00e4ger)<br \/>\nHCM Screening : folgt, beide Eltern HCM Normal[\/et_pb_text][\/et_pb_column][et_pb_column type=&#8221;1_2&#8243; _builder_version=&#8221;4.27.4&#8243; _module_preset=&#8221;default&#8221; background_enable_image=&#8221;off&#8221; parallax=&#8221;on&#8221; global_colors_info=&#8221;{}&#8221;][et_pb_image src=&#8221;https:\/\/blue-dreams-nfo.com\/wp-content\/uploads\/2025\/01\/DSC_0021-1.jpeg&#8221; title_text=&#8221;DSC_0021 (1)&#8221; align=&#8221;center&#8221; force_fullwidth=&#8221;on&#8221; _builder_version=&#8221;4.27.4&#8243; _module_preset=&#8221;default&#8221; border_radii=&#8221;on|20px|20px|20px|20px&#8221; box_shadow_style=&#8221;preset2&#8243; global_colors_info=&#8221;{}&#8221;][\/et_pb_image][\/et_pb_column][\/et_pb_row][\/et_pb_section][et_pb_section fb_built=&#8221;1&#8243; disabled_on=&#8221;on|on|on&#8221; admin_label=&#8221;Contact Form&#8221; _builder_version=&#8221;4.24.2&#8243; _module_preset=&#8221;default&#8221; disabled=&#8221;on&#8221; locked=&#8221;off&#8221; collapsed=&#8221;on&#8221; global_colors_info=&#8221;{}&#8221;][et_pb_row _builder_version=&#8221;4.24.1&#8243; _module_preset=&#8221;default&#8221; max_width=&#8221;900px&#8221; global_colors_info=&#8221;{}&#8221;][et_pb_column type=&#8221;4_4&#8243; _builder_version=&#8221;4.24.1&#8243; _module_preset=&#8221;default&#8221; global_colors_info=&#8221;{}&#8221;][et_pb_text _builder_version=&#8221;4.27.4&#8243; _module_preset=&#8221;_initial&#8221; header_2_font=&#8221;||||||||&#8221; header_2_font_size=&#8221;62px&#8221; header_2_line_height=&#8221;1.3em&#8221; text_orientation=&#8221;center&#8221; header_2_font_size_tablet=&#8221;32px&#8221; header_2_font_size_phone=&#8221;20px&#8221; header_2_font_size_last_edited=&#8221;on|desktop&#8221; content_en_us=&#8221;<\/p>\n<h2>Presentation<\/h2>\n<p>&#8221; content_pt_pt=&#8221;<\/p>\n<h2>Apresenta\u00e7\u00e3o<\/h2>\n<p>&#8221; content_fr_fr=&#8221;<\/p>\n<h2>Pr\u00e9sentation<\/h2>\n<p>&#8221; global_colors_info=&#8221;{}&#8221;]<\/p>\n<h2>Vorstellung<\/h2>\n<p>[\/et_pb_text][et_pb_text quote_border_color=&#8221;#000000&#8243; _builder_version=&#8221;4.27.4&#8243; _module_preset=&#8221;_initial&#8221; text_font=&#8221;||||||||&#8221; text_font_size=&#8221;16px&#8221; text_line_height=&#8221;1.65em&#8221; link_font=&#8221;||||on||||&#8221; link_text_color=&#8221;#000000&#8243; quote_text_color=&#8221;#000000&#8243; quote_font_size=&#8221;20px&#8221; text_orientation=&#8221;center&#8221; text_font_size_tablet=&#8221;15px&#8221; text_font_size_phone=&#8221;14px&#8221; text_font_size_last_edited=&#8221;on|desktop&#8221; quote_font_size_tablet=&#8221;16px&#8221; quote_font_size_phone=&#8221;14px&#8221; quote_font_size_last_edited=&#8221;on|desktop&#8221; content_en_us=&#8221;<\/p>\n<p>Nala had 4 litters and gave us a total of 24 healthy kittens. Nala has been spayed since spring 2024 and is now enjoying the sweet idleness.<\/p>\n<p>&#8221; content_pt_pt=&#8221;<\/p>\n<p>A Nala teve 4 ninhadas e deu-nos um total de 24 gatinhos saud\u00e1veis. A Nala foi esterilizada desde a primavera de 2024 e est\u00e1 agora a desfrutar do doce \u00f3cio.<\/p>\n<p>&#8221; content_fr_fr=&#8221;<\/p>\n<p>Nala a eu 4 port\u00e9es et nous a donn\u00e9 un total de 24 chatons en bonne sant\u00e9. Nala est castr\u00e9e depuis le printemps 2024 et profite d\u00e9sormais de la douceur de ne rien faire.<\/p>\n<p>&#8221; global_colors_info=&#8221;{}&#8221;][\/et_pb_text][\/et_pb_column][\/et_pb_row][\/et_pb_section][et_pb_section fb_built=&#8221;1&#8243; admin_label=&#8221;Contact Form&#8221; _builder_version=&#8221;4.24.2&#8243; _module_preset=&#8221;default&#8221; locked=&#8221;off&#8221; collapsed=&#8221;on&#8221; global_colors_info=&#8221;{}&#8221;][et_pb_row _builder_version=&#8221;4.27.4&#8243; _module_preset=&#8221;default&#8221; max_width=&#8221;900px&#8221; global_colors_info=&#8221;{}&#8221;][et_pb_column type=&#8221;4_4&#8243; _builder_version=&#8221;4.24.1&#8243; _module_preset=&#8221;default&#8221; global_colors_info=&#8221;{}&#8221;][et_pb_text _builder_version=&#8221;4.27.4&#8243; _module_preset=&#8221;_initial&#8221; header_2_font=&#8221;||||||||&#8221; header_2_font_size=&#8221;62px&#8221; header_2_line_height=&#8221;1.3em&#8221; text_orientation=&#8221;center&#8221; header_2_font_size_tablet=&#8221;32px&#8221; header_2_font_size_phone=&#8221;20px&#8221; header_2_font_size_last_edited=&#8221;on|desktop&#8221; content_en_us=&#8221;<\/p>\n<h2>Gallery<\/h2>\n<p>&#8221; content_pt_pt=&#8221;<\/p>\n<h2>Galeria de fotos<\/h2>\n<p>&#8221; content_fr_fr=&#8221;<\/p>\n<h2>Galerie photo<\/h2>\n<p>&#8221; global_colors_info=&#8221;{}&#8221;]<\/p>\n<h2>Fotogalerie<\/h2>\n<p>[\/et_pb_text][et_pb_gallery gallery_ids=&#8221;24803,24801,24802,24800,24799,24798,24797,24796,24795,24794,24793,24792,24791,24790,24788,24805,24968,24969,24970,24971,24976,24977,25108,25109&#8243; posts_number=&#8221;30&#8243; show_title_and_caption=&#8221;off&#8221; _builder_version=&#8221;4.27.4&#8243; _module_preset=&#8221;default&#8221; border_radii_image=&#8221;on|10px|10px|10px|10px&#8221; box_shadow_style_image=&#8221;preset2&#8243; global_colors_info=&#8221;{}&#8221;][\/et_pb_gallery][\/et_pb_column][\/et_pb_row][\/et_pb_section][et_pb_section fb_built=&#8221;1&#8243; admin_label=&#8221;Contact Form&#8221; _builder_version=&#8221;4.24.2&#8243; _module_preset=&#8221;default&#8221; locked=&#8221;off&#8221; collapsed=&#8221;on&#8221; global_colors_info=&#8221;{}&#8221;][et_pb_row _builder_version=&#8221;4.24.1&#8243; _module_preset=&#8221;default&#8221; max_width=&#8221;900px&#8221; global_colors_info=&#8221;{}&#8221;][et_pb_column type=&#8221;4_4&#8243; _builder_version=&#8221;4.24.1&#8243; _module_preset=&#8221;default&#8221; global_colors_info=&#8221;{}&#8221;][et_pb_text _builder_version=&#8221;4.27.4&#8243; _module_preset=&#8221;_initial&#8221; header_2_font=&#8221;||||||||&#8221; header_2_font_size=&#8221;62px&#8221; header_2_line_height=&#8221;1.3em&#8221; text_orientation=&#8221;center&#8221; header_2_font_size_tablet=&#8221;32px&#8221; header_2_font_size_phone=&#8221;20px&#8221; header_2_font_size_last_edited=&#8221;on|desktop&#8221; content_en_us=&#8221;<\/p>\n<h2>Show results<\/h2>\n<p>&#8221; content_pt_pt=&#8221;<\/p>\n<h2>resultados da exposi\u00e7\u00e3o<\/h2>\n<p>&#8221; content_fr_fr=&#8221;<\/p>\n<h2>R\u00e9sultats d&#8217;expositions<\/h2>\n<p>&#8221; global_colors_info=&#8221;{}&#8221;]<\/p>\n<h2>Ausstellungsresultate<\/h2>\n<p>[\/et_pb_text][et_pb_text _builder_version=&#8221;4.27.4&#8243; _module_preset=&#8221;default&#8221; locked=&#8221;off&#8221; global_colors_info=&#8221;{}&#8221;]<\/p>\n<p style=\"text-align: center;\">Junior Champion 2022<br \/>Champion 2023<\/p>\n<p>[\/et_pb_text][et_pb_text quote_border_color=&#8221;#000000&#8243; _builder_version=&#8221;4.27.4&#8243; _module_preset=&#8221;_initial&#8221; text_font=&#8221;||||||||&#8221; text_font_size=&#8221;16px&#8221; text_line_height=&#8221;1.65em&#8221; link_font=&#8221;||||on||||&#8221; link_text_color=&#8221;#000000&#8243; quote_text_color=&#8221;#000000&#8243; quote_font_size=&#8221;20px&#8221; text_orientation=&#8221;center&#8221; text_font_size_tablet=&#8221;15px&#8221; text_font_size_phone=&#8221;14px&#8221; text_font_size_last_edited=&#8221;on|desktop&#8221; quote_font_size_tablet=&#8221;16px&#8221; quote_font_size_phone=&#8221;14px&#8221; quote_font_size_last_edited=&#8221;on|desktop&#8221; global_colors_info=&#8221;{}&#8221;]<\/p>\n<table border=\"0\" style=\"width: 100%; border-collapse: collapse; float: left; height: 168px;\">\n<tbody>\n<tr style=\"height: 24px;\">\n<td style=\"width: 25%; height: 24px;\"><strong>Datum<\/strong><\/td>\n<td style=\"width: 25%; height: 24px;\"><strong>Ort<\/strong><\/td>\n<td style=\"width: 25%; height: 24px;\"><strong>Richter<\/strong><\/td>\n<td style=\"width: 25%; height: 24px;\"><strong>Reslultat<\/strong><\/td>\n<\/tr>\n<tr style=\"height: 24px;\">\n<td style=\"width: 25%; height: 24px;\"><span>31.08.2024<\/span><\/td>\n<td style=\"width: 25%; height: 24px;\"><span>Sargans<\/span><\/td>\n<td style=\"width: 25%; height: 24px;\"><span>Lucie P\u00e1nkov\u00e1<\/span><\/td>\n<td style=\"width: 25%; height: 24px;\">Ex 2<\/td>\n<\/tr>\n<tr style=\"height: 24px;\">\n<td style=\"width: 25%; height: 24px;\">22.09.2024<\/td>\n<td style=\"width: 25%; height: 24px;\">Cortaillod<\/td>\n<td style=\"width: 25%; height: 24px;\"><span>Gerardo Fraga y Guzman<\/span><\/td>\n<td style=\"width: 25%; height: 24px;\">Ex 1, CACC<\/td>\n<\/tr>\n<tr style=\"height: 24px;\">\n<td style=\"width: 25%; height: 24px;\"><span>12.10.2024<\/span><\/td>\n<td style=\"width: 25%; height: 24px;\"><span>Burgdorf<\/span><\/td>\n<td style=\"width: 25%; height: 24px;\"><span>Vladimir Isakov<\/span><\/td>\n<td style=\"width: 25%; height: 24px;\">Ex 2<\/td>\n<\/tr>\n<tr style=\"height: 24px;\">\n<td style=\"width: 25%; height: 24px;\"><span>13.10.2024<\/span><span><br \/><\/span><\/td>\n<td style=\"width: 25%; height: 24px;\"><span>Burgdorf<\/span><\/td>\n<td style=\"width: 25%; height: 24px;\"><span>Linda Riekstina<\/span><\/td>\n<td style=\"width: 25%; height: 24px;\">Ex 2<\/td>\n<\/tr>\n<tr style=\"height: 24px;\">\n<td style=\"width: 25%; height: 24px;\"><span>02.11.2024<\/span><span><br \/><\/span><\/td>\n<td style=\"width: 25%; height: 24px;\"><span>Baar<\/span><\/td>\n<td style=\"width: 25%; height: 24px;\"><span>Alexy Shchukin<\/span><\/td>\n<td style=\"width: 25%; height: 24px;\">Ex 2<\/td>\n<\/tr>\n<tr style=\"height: 24px;\">\n<td style=\"width: 25%; height: 24px;\"><span>03.11.2024<\/span><span><br \/><\/span><\/td>\n<td style=\"width: 25%; height: 24px;\"><span>Baar<\/span><\/td>\n<td style=\"width: 25%; height: 24px;\"><span>Marcin Biernaczyk<\/span><\/td>\n<td style=\"width: 25%; height: 24px;\">Ex 2<\/td>\n<\/tr>\n<tr>\n<td style=\"width: 25%;\"><span>11.01.2025<\/span><span><br \/><\/span><\/td>\n<td style=\"width: 25%;\"><span>Gen\u00e8ve<\/span><\/td>\n<td style=\"width: 25%;\"><span>Gianfranco Mantovani<\/span><\/td>\n<td style=\"width: 25%;\">Ex 2<\/td>\n<\/tr>\n<tr>\n<td style=\"width: 25%;\"><span>12.01.2025<\/span><span><br \/><\/span><\/td>\n<td style=\"width: 25%;\"><span>Gen\u00e8ve<\/span><\/td>\n<td style=\"width: 25%;\"><span>Henry Hornell <\/span><\/td>\n<td style=\"width: 25%;\">Ex 1, <span>CACJ, NOM<\/span><\/td>\n<\/tr>\n<\/tbody>\n<\/table>\n<p>[\/et_pb_text][\/et_pb_column][\/et_pb_row][\/et_pb_section]<\/p>\n","protected":false},"excerpt":{"rendered":"<p>Lua av Skara Brae*CHGeburtsdatum03.04.2024FarbeNFO fs 24 schwarz Schildpatt silber getupftGeschlechtKastraten weiblichStammbaumStammbaum ansehenStammbaum auf PawpedsMedizinische TestsGSD IV, (Glykogenspeicherkrankeit) : Genotyp N\/N, PKD (Pyruvatkinase-Defizienz: Genotyp N\/N, Amber: Genotyp E\/E (kein Ambertr\u00e4ger) HCM Screening : folgt, beide Eltern HCM NormalVorstellungFotogalerieAusstellungsresultateJunior Champion 2022Champion 2023 Datum Ort Richter Reslultat 31.08.2024 Sargans Lucie P\u00e1nkov\u00e1 Ex 2 22.09.2024 Cortaillod Gerardo Fraga y [&hellip;]<\/p>\n","protected":false},"author":1,"featured_media":0,"parent":24628,"menu_order":0,"comment_status":"closed","ping_status":"closed","template":"","meta":{"_et_pb_use_builder":"on","_et_pb_old_content":"","_et_gb_content_width":"","footnotes":""},"class_list":["post-24787","page","type-page","status-publish","hentry"],"_links":{"self":[{"href":"https:\/\/blue-dreams-nfo.com\/en\/wp-json\/wp\/v2\/pages\/24787","targetHints":{"allow":["GET"]}}],"collection":[{"href":"https:\/\/blue-dreams-nfo.com\/en\/wp-json\/wp\/v2\/pages"}],"about":[{"href":"https:\/\/blue-dreams-nfo.com\/en\/wp-json\/wp\/v2\/types\/page"}],"author":[{"embeddable":true,"href":"https:\/\/blue-dreams-nfo.com\/en\/wp-json\/wp\/v2\/users\/1"}],"replies":[{"embeddable":true,"href":"https:\/\/blue-dreams-nfo.com\/en\/wp-json\/wp\/v2\/comments?post=24787"}],"version-history":[{"count":10,"href":"https:\/\/blue-dreams-nfo.com\/en\/wp-json\/wp\/v2\/pages\/24787\/revisions"}],"predecessor-version":[{"id":26414,"href":"https:\/\/blue-dreams-nfo.com\/en\/wp-json\/wp\/v2\/pages\/24787\/revisions\/26414"}],"up":[{"embeddable":true,"href":"https:\/\/blue-dreams-nfo.com\/en\/wp-json\/wp\/v2\/pages\/24628"}],"wp:attachment":[{"href":"https:\/\/blue-dreams-nfo.com\/en\/wp-json\/wp\/v2\/media?parent=24787"}],"curies":[{"name":"wp","href":"https:\/\/api.w.org\/{rel}","templated":true}]}}