{"id":1300,"date":"2025-01-02T16:57:00","date_gmt":"2025-01-02T15:57:00","guid":{"rendered":"https:\/\/blue-dreams-nfo.com\/?page_id=1300"},"modified":"2026-03-18T00:23:46","modified_gmt":"2026-03-17T23:23:46","slug":"willkommen","status":"publish","type":"page","link":"https:\/\/blue-dreams-nfo.com\/fr\/","title":{"rendered":"Willkommen"},"content":{"rendered":"<p>[et_pb_section fb_built=\u00a0\u00bb1&Prime; admin_label=\u00a0\u00bbHeader\u00a0\u00bb _builder_version=\u00a0\u00bb4.27.4&Prime; _module_preset=\u00a0\u00bbdefault\u00a0\u00bb background_color=\u00a0\u00bbrgba(226,242,254,0.5)\u00a0\u00bb locked=\u00a0\u00bboff\u00a0\u00bb collapsed=\u00a0\u00bbon\u00a0\u00bb global_colors_info=\u00a0\u00bb{}\u00a0\u00bb][et_pb_row _builder_version=\u00a0\u00bb4.23.1&Prime; _module_preset=\u00a0\u00bbdefault\u00a0\u00bb global_colors_info=\u00a0\u00bb{}\u00a0\u00bb][et_pb_column type=\u00a0\u00bb4_4&Prime; _builder_version=\u00a0\u00bb4.23.1&Prime; _module_preset=\u00a0\u00bbdefault\u00a0\u00bb global_colors_info=\u00a0\u00bb{}\u00a0\u00bb][et_pb_text _builder_version=\u00a0\u00bb4.27.4&Prime; _module_preset=\u00a0\u00bb_initial\u00a0\u00bb header_font=\u00a0\u00bb|700|||||||\u00a0\u00bb header_font_size=\u00a0\u00bb72px\u00a0\u00bb header_line_height=\u00a0\u00bb1.2em\u00a0\u00bb header_2_font_size=\u00a0\u00bb40px\u00a0\u00bb text_orientation=\u00a0\u00bbcenter\u00a0\u00bb header_font_size_tablet=\u00a0\u00bb40px\u00a0\u00bb header_font_size_phone=\u00a0\u00bb24px\u00a0\u00bb header_font_size_last_edited=\u00a0\u00bbon|desktop\u00a0\u00bb content_en_us=\u00a0\u00bb<\/p>\n<h2>Welcome to Blue Dreams<\/h2>\n<p>\u00a0\u00bb content_pt_pt=\u00a0\u00bb<\/p>\n<h2>Bem-vindo \u00e0 Blue Dreams<\/h2>\n<p>\u00a0\u00bb content_fr_fr=\u00a0\u00bb<\/p>\n<h2>Bienvenue chez Blue Dreams<\/h2>\n<p>\u00a0\u00bb global_colors_info=\u00a0\u00bb{}\u00a0\u00bb]<\/p>\n<h2>Willkommen bei Blue Dreams<\/h2>\n<p>[\/et_pb_text][et_pb_text _builder_version=\u00a0\u00bb4.27.4&Prime; _module_preset=\u00a0\u00bb_initial\u00a0\u00bb text_font_size=\u00a0\u00bb20px\u00a0\u00bb header_font=\u00a0\u00bb|700|||||||\u00a0\u00bb header_font_size=\u00a0\u00bb72px\u00a0\u00bb header_line_height=\u00a0\u00bb1.2em\u00a0\u00bb text_orientation=\u00a0\u00bbcenter\u00a0\u00bb header_font_size_tablet=\u00a0\u00bb40px\u00a0\u00bb header_font_size_phone=\u00a0\u00bb24px\u00a0\u00bb header_font_size_last_edited=\u00a0\u00bbon|desktop\u00a0\u00bb content_en_us=\u00a0\u00bb<\/p>\n<p><span data-tt=%22{%22 paragraphstyle=%22%22 :=%22%22 alignment=%22%22 :4=%22%22>Norwegian Forest Cat Breeding<\/span><\/p>\n<p>\u00a0\u00bb content_pt_pt=\u00a0\u00bb<\/p>\n<p><span data-tt=%22{%22 paragraphstyle=%22%22 :=%22%22 alignment=%22%22 :4=%22%22>Cria\u00e7\u00e3o de Gatos Bosque da Noruega <\/span><\/p>\n<p>\u00a0\u00bb content_fr_fr=\u00a0\u00bb<\/p>\n<p><span data-tt=%22{%22 paragraphstyle=%22%22 :=%22%22 alignment=%22%22 :4=%22%22>\u00c9levage de Chats des For\u00eats Norv\u00e9giennes<\/span><\/p>\n<p>\u00a0\u00bb global_colors_info=\u00a0\u00bb{}\u00a0\u00bb]<\/p>\n<p>Zucht f\u00fcr Norwegische Waldkatzen<\/p>\n<p>[\/et_pb_text][et_pb_image src=\u00a0\u00bbhttps:\/\/blue-dreams-nfo.com\/wp-content\/uploads\/2026\/01\/DSC_0043-1-scaled.jpeg\u00a0\u00bb title_text=\u00a0\u00bbDSC_0043&Prime; _builder_version=\u00a0\u00bb4.27.4&Prime; _module_preset=\u00a0\u00bbdefault\u00a0\u00bb hover_enabled=\u00a0\u00bb0&Prime; border_radii=\u00a0\u00bbon|20px|20px|20px|20px\u00a0\u00bb global_colors_info=\u00a0\u00bb{}\u00a0\u00bb sticky_enabled=\u00a0\u00bb0&Prime;][\/et_pb_image][\/et_pb_column][\/et_pb_row][\/et_pb_section][et_pb_section fb_built=\u00a0\u00bb1&Prime; admin_label=\u00a0\u00bbAbout\u00a0\u00bb _builder_version=\u00a0\u00bb4.27.4&Prime; _module_preset=\u00a0\u00bbdefault\u00a0\u00bb background_color=\u00a0\u00bbrgba(226,242,254,0.5)\u00a0\u00bb locked=\u00a0\u00bboff\u00a0\u00bb collapsed=\u00a0\u00bbon\u00a0\u00bb global_colors_info=\u00a0\u00bb{}\u00a0\u00bb][et_pb_row column_structure=\u00a0\u00bb1_2,1_2&Prime; _builder_version=\u00a0\u00bb4.23.1&Prime; _module_preset=\u00a0\u00bbdefault\u00a0\u00bb global_colors_info=\u00a0\u00bb{}\u00a0\u00bb][et_pb_column type=\u00a0\u00bb1_2&Prime; _builder_version=\u00a0\u00bb4.23.1&Prime; _module_preset=\u00a0\u00bbdefault\u00a0\u00bb global_colors_info=\u00a0\u00bb{}\u00a0\u00bb][et_pb_image src=\u00a0\u00bbhttps:\/\/blue-dreams-nfo.com\/wp-content\/uploads\/2026\/03\/IMG_1505-scaled.jpeg\u00a0\u00bb title_text=\u00a0\u00bbIMG_1505&Prime; _builder_version=\u00a0\u00bb4.27.4&Prime; _module_preset=\u00a0\u00bbdefault\u00a0\u00bb hover_enabled=\u00a0\u00bb0&Prime; border_radii=\u00a0\u00bbon|20px|20px|20px|20px\u00a0\u00bb global_colors_info=\u00a0\u00bb{}\u00a0\u00bb sticky_enabled=\u00a0\u00bb0&Prime;][\/et_pb_image][\/et_pb_column][et_pb_column type=\u00a0\u00bb1_2&Prime; _builder_version=\u00a0\u00bb4.23.1&Prime; _module_preset=\u00a0\u00bbdefault\u00a0\u00bb global_colors_info=\u00a0\u00bb{}\u00a0\u00bb][et_pb_text _builder_version=\u00a0\u00bb4.27.4&Prime; _module_preset=\u00a0\u00bb_initial\u00a0\u00bb header_2_font=\u00a0\u00bb|700|||||||\u00a0\u00bb header_2_font_size=\u00a0\u00bb40px\u00a0\u00bb header_2_line_height=\u00a0\u00bb1.2em\u00a0\u00bb custom_margin=\u00a0\u00bb||10px||false|false\u00a0\u00bb header_2_font_size_tablet=\u00a0\u00bb32px\u00a0\u00bb header_2_font_size_phone=\u00a0\u00bb20px\u00a0\u00bb header_2_font_size_last_edited=\u00a0\u00bbon|desktop\u00a0\u00bb content_en_us=\u00a0\u00bb<\/p>\n<p>Our History<\/p>\n<p>\u00a0\u00bb content_pt_pt=\u00a0\u00bb<\/p>\n<p>A nossa hist\u00f3ria<\/p>\n<p>\u00a0\u00bb content_fr_fr=\u00a0\u00bb<\/p>\n<p>Notre histoire<\/p>\n<p>\u00a0\u00bb global_colors_info=\u00a0\u00bb{}\u00a0\u00bb]<\/p>\n<h2>Unsere Geschichte<\/h2>\n<p>[\/et_pb_text][et_pb_text _builder_version=\u00a0\u00bb4.27.4&Prime; _module_preset=\u00a0\u00bb_initial\u00a0\u00bb text_font_size=\u00a0\u00bb16px\u00a0\u00bb text_line_height=\u00a0\u00bb1.8em\u00a0\u00bb text_font_size_tablet=\u00a0\u00bb15px\u00a0\u00bb text_font_size_phone=\u00a0\u00bb14px\u00a0\u00bb text_font_size_last_edited=\u00a0\u00bbon|desktop\u00a0\u00bb content_en_us=\u00a0\u00bb<\/p>\n<p style=%22text-align: justify;%22><span data-tt=%22{%22 paragraphstyle=%22%22 :=%22%22 alignment=%22%22 :4=%22%22>Since 2015, I have been passionately breeding Norwegian Forest Cats under the name Blue Dreams. This unique breed fascinates me with its beauty, charming personality, and loving nature. Cats have been a part of my life since childhood, and they are indispensable to me. <\/span><\/p>\n<p style=%22text-align: justify;%22><span data-tt=%22{%22 paragraphstyle=%22%22 :=%22%22 alignment=%22%22 :4=%22%22> <\/span><\/p>\n<p style=%22text-align: justify;%22><span data-tt=%22{%22 paragraphstyle=%22%22 :=%22%22 alignment=%22%22 :4=%22%22>In my breeding, I place great importance on health, temperament, and the well-being of my cats. Each cat is raised in a loving environment to ensure optimal socialization, growing into friendly and confident companions. I strive to promote the typical traits of this breed. <\/span><\/p>\n<p style=%22text-align: justify;%22><span data-tt=%22{%22 paragraphstyle=%22%22 :=%22%22 alignment=%22%22 :4=%22%22> <\/span><\/p>\n<p style=%22text-align: justify;%22><span data-tt=%22{%22 paragraphstyle=%22%22 :=%22%22 alignment=%22%22 :4=%22%22>I am excited to share my passion with other cat lovers and offer future cat owners the opportunity to adopt a loyal companion from my breeding. If you have any questions or are interested in my kittens, please feel free to reach out. <\/span><\/p>\n<p style=%22text-align: justify;%22><span data-tt=%22{%22 paragraphstyle=%22%22 :=%22%22 alignment=%22%22 :4=%22%22> <\/span><\/p>\n<p style=%22text-align: justify;%22><span data-tt=%22{%22 paragraphstyle=%22%22 :=%22%22 alignment=%22%22 :4=%22%22>Discover the world of Norwegian Forest Cats and let their unique nature enchant you!<\/span><\/p>\n<p>\u00a0\u00bb content_pt_pt=\u00a0\u00bb<\/p>\n<p>Desde 2015, crio com grande paix\u00e3o gatos da ra\u00e7a Bosque da Noruega com o nome de gatil %22 Blue Dreams%22.<br \/>Esta ra\u00e7a \u00fanica fascina-me pela sua beleza, charme e sua natureza afetuosa. Os gatos fazem parte da minha vida desde a minha inf\u00e2ncia, o que faz com que eles sejam seres indispens\u00e1veis para mim.<\/p>\n<p>Na minha cria\u00e7\u00e3o eu considero de grande import\u00e2ncia a sa\u00fade, temperamento e bem-estar dos meus gatos. Cada gato \u00e9 criado num ambiente de muito afeto e tranquilidade para garantir uma \u00f3tima socializa\u00e7\u00e3o tornando-se assim companheiros amigos e confiantes. Esfor\u00e7o-me por promover as caracter\u00edsticas t\u00edpicas desta bela ra\u00e7a.<\/p>\n<p>Entusiasmada por poder partilhar a minha paix\u00e3o com outros amantes de gatos e de oferecer aos futuros propriet\u00e1rios a oportunidade de adotar um companheiro fiel do meu gatil. Se estiver interessado nos meus gatinhos ou tiver alguma d\u00favida n\u00e3o hesite em contatar-me.<\/p>\n<p>Descubra o mundo dos gatos Bosque da Noruega e deixe-se encantar pela sua natureza \u00fanica.<\/p>\n<p>\u00a0\u00bb content_fr_fr=\u00a0\u00bb<\/p>\n<p style=%22text-align: justify;%22><span data-tt=%22{%22 paragraphstyle=%22%22 :=%22%22 alignment=%22%22 :4=%22%22>Depuis 2015, j&rsquo;\u00e9l\u00e8ve passionn\u00e9ment des Chats des For\u00eats Norv\u00e9giennes sous le nom de Blue Dreams. Cette race unique me fascine par sa beaut\u00e9, son charme et sa nature affectueuse. Les chats font partie de ma vie depuis mon enfance, et ils sont indispensables pour moi. <\/span><\/p>\n<p style=%22text-align: justify;%22><span data-tt=%22{%22 paragraphstyle=%22%22 :=%22%22 alignment=%22%22 :4=%22%22> <\/span><\/p>\n<p style=%22text-align: justify;%22><span data-tt=%22{%22 paragraphstyle=%22%22 :=%22%22 alignment=%22%22 :4=%22%22>Dans mon \u00e9levage, j&rsquo;accorde une grande importance \u00e0 la sant\u00e9, au temp\u00e9rament et au bien-\u00eatre de mes chats. Chaque chat est \u00e9lev\u00e9 dans un environnement aimant pour garantir une socialisation optimale, devenant ainsi des compagnons amicaux et confiants. Je m&rsquo;efforce de promouvoir les caract\u00e9ristiques typiques de cette race. <\/span><\/p>\n<p style=%22text-align: justify;%22><span data-tt=%22{%22 paragraphstyle=%22%22 :=%22%22 alignment=%22%22 :4=%22%22> <\/span><\/p>\n<p style=%22text-align: justify;%22><span data-tt=%22{%22 paragraphstyle=%22%22 :=%22%22 alignment=%22%22 :4=%22%22>Je suis ravie de partager ma passion avec d&rsquo;autres amoureux des chats et d&rsquo;offrir aux futurs propri\u00e9taires la possibilit\u00e9 d&rsquo;adopter un compagnon fid\u00e8le de mon \u00e9levage. Si vous avez des questions ou si vous \u00eates int\u00e9ress\u00e9 par mes chatons, n&rsquo;h\u00e9sitez pas \u00e0 me contacter. <\/span><\/p>\n<p style=%22text-align: justify;%22><span data-tt=%22{%22 paragraphstyle=%22%22 :=%22%22 alignment=%22%22 :4=%22%22> <\/span><\/p>\n<p style=%22text-align: justify;%22><span data-tt=%22{%22 paragraphstyle=%22%22 :=%22%22 alignment=%22%22 :4=%22%22>D\u00e9couvrez le monde des Chats des For\u00eats Norv\u00e9giennes et laissez-vous envo\u00fbter par leur nature unique !<\/span><\/p>\n<p>\u00a0\u00bb global_colors_info=\u00a0\u00bb{}\u00a0\u00bb]<\/p>\n<p style=\"text-align: justify;\">Seit 2015 z\u00fcchte ich unter dem Zuchtnamen Blue Dreams mit gro\u00dfer Leidenschaft Norwegische Waldkatzen. Diese einzigartige Rasse fasziniert mich durch ihre Sch\u00f6nheit, ihren charakterlichen Charme und ihre liebevolle Natur. Katzen begleiten mich seit meiner Kindheit, und sie sind aus meinem Leben nicht wegzudenken.<\/p>\n<p style=\"text-align: justify;\">In meiner Zucht lege ich gro\u00dfen Wert auf Gesundheit, Wesen und das Wohlbefinden meiner Katzen. Jede Katze wird in einer liebevollen Umgebung aufgezogen, damit sie optimal sozialisiert wird und sich zu einem freundlichen, selbstbewussten Gef\u00e4hrten entwickelt. Ich strebe danach, die typischen Merkmale dieser Rasse zu f\u00f6rdern:<\/p>\n<p style=\"text-align: justify;\">Ich freue mich, meine Leidenschaft mit anderen Katzenliebhabern zu teilen und biete zuk\u00fcnftigen Katzenbesitzern die M\u00f6glichkeit, einen treuen Begleiter aus meiner Zucht zu adoptieren. Bei Fragen oder Interesse an meinen K\u00e4tzchen stehe ich gerne zur Verf\u00fcgung.<\/p>\n<p style=\"text-align: justify;\">Entdecke die Welt der Norwegischen Waldkatzen und lass dich von ihrem einzigartigen Wesen verzaubern!<\/p>\n<p>[\/et_pb_text][\/et_pb_column][\/et_pb_row][\/et_pb_section][et_pb_section fb_built=\u00a0\u00bb1&Prime; disabled_on=\u00a0\u00bbon|on|on\u00a0\u00bb admin_label=\u00a0\u00bbCall to Action\u00a0\u00bb _builder_version=\u00a0\u00bb4.27.4&Prime; _module_preset=\u00a0\u00bbdefault\u00a0\u00bb background_color=\u00a0\u00bb#E2F2FE\u00a0\u00bb disabled=\u00a0\u00bbon\u00a0\u00bb locked=\u00a0\u00bboff\u00a0\u00bb collapsed=\u00a0\u00bboff\u00a0\u00bb global_colors_info=\u00a0\u00bb{}\u00a0\u00bb][et_pb_row custom_padding_last_edited=\u00a0\u00bbon|desktop\u00a0\u00bb _builder_version=\u00a0\u00bb4.27.4&Prime; _module_preset=\u00a0\u00bbdefault\u00a0\u00bb background_color=\u00a0\u00bb#A1CEF1&Prime; custom_padding=\u00a0\u00bb60px|120px|60px|120px|true|true\u00a0\u00bb custom_padding_tablet=\u00a0\u00bb30px|30px|30px|30px|true|true\u00a0\u00bb custom_padding_phone=\u00a0\u00bb20px|20px|20px|20px|true|true\u00a0\u00bb border_radii=\u00a0\u00bbon|20px|20px|20px|20px\u00a0\u00bb global_colors_info=\u00a0\u00bb{}\u00a0\u00bb][et_pb_column type=\u00a0\u00bb4_4&Prime; _builder_version=\u00a0\u00bb4.23.1&Prime; _module_preset=\u00a0\u00bbdefault\u00a0\u00bb global_colors_info=\u00a0\u00bb{}\u00a0\u00bb][et_pb_text _builder_version=\u00a0\u00bb4.27.4&Prime; _module_preset=\u00a0\u00bb_initial\u00a0\u00bb header_5_font=\u00a0\u00bb|700|||||||\u00a0\u00bb header_5_font_size=\u00a0\u00bb20px\u00a0\u00bb header_5_line_height=\u00a0\u00bb1.4em\u00a0\u00bb text_orientation=\u00a0\u00bbcenter\u00a0\u00bb custom_margin=\u00a0\u00bb||10px||false|false\u00a0\u00bb header_5_font_size_tablet=\u00a0\u00bb16px\u00a0\u00bb header_5_font_size_phone=\u00a0\u00bb14px\u00a0\u00bb header_5_font_size_last_edited=\u00a0\u00bbon|desktop\u00a0\u00bb content_en_us=\u00a0\u00bb<\/p>\n<h5>We have kittens<\/h5>\n<p>\u00a0\u00bb content_pt_pt=\u00a0\u00bb<\/p>\n<h5>Temos gatinhos<\/h5>\n<p>\u00a0\u00bb content_fr_fr=\u00a0\u00bb<\/p>\n<h5>Nous avons des chatons<\/h5>\n<p>\u00a0\u00bb global_colors_info=\u00a0\u00bb{}\u00a0\u00bb]<\/p>\n<h5>Wir haben K\u00e4tzchen<\/h5>\n<p>[\/et_pb_text][et_pb_text _builder_version=\u00a0\u00bb4.27.4&Prime; _module_preset=\u00a0\u00bb_initial\u00a0\u00bb text_text_color=\u00a0\u00bb#000000&Prime; text_font_size=\u00a0\u00bb16px\u00a0\u00bb text_line_height=\u00a0\u00bb1.8em\u00a0\u00bb text_orientation=\u00a0\u00bbcenter\u00a0\u00bb text_font_size_tablet=\u00a0\u00bb15px\u00a0\u00bb text_font_size_phone=\u00a0\u00bb14px\u00a0\u00bb text_font_size_last_edited=\u00a0\u00bbon|desktop\u00a0\u00bb content_en_us=\u00a0\u00bb<\/p>\n<p style=%22text-align: center;%22>A litter was born on&#8230; find all the information on the kittens page<\/p>\n<p>\u00a0\u00bb content_pt_pt=\u00a0\u00bb<\/p>\n<p style=%22text-align: center;%22>Nasceu uma ninhada em&#8230; encontrar todas as informa\u00e7\u00f5es na p\u00e1gina dos gatinhos<\/p>\n<p>\u00a0\u00bb content_fr_fr=\u00a0\u00bb<\/p>\n<p style=%22text-align: center;%22>Une port\u00e9e est n\u00e9e le&#8230; retrouvez toutes les informations sur la pages des chatons<\/p>\n<p>\u00a0\u00bb global_colors_info=\u00a0\u00bb{}\u00a0\u00bb]<\/p>\n<p style=\"text-align: center;\">Ein Wurf wurde am geboren&#8230; Finden Sie alle Informationen auf den Seiten der K\u00e4tzchen.<\/p>\n<p>[\/et_pb_text][et_pb_button button_url=\u00a0\u00bb@ET-DC@eyJkeW5hbWljIjp0cnVlLCJjb250ZW50IjoicG9zdF9saW5rX3VybF9wYWdlIiwic2V0dGluZ3MiOnsicG9zdF9pZCI6IjI0ODg2In19@\u00a0\u00bb button_text=\u00a0\u00bbMehr lesen\u00a0\u00bb button_alignment=\u00a0\u00bbcenter\u00a0\u00bb _builder_version=\u00a0\u00bb4.27.4&Prime; _dynamic_attributes=\u00a0\u00bbbutton_url\u00a0\u00bb _module_preset=\u00a0\u00bb_initial\u00a0\u00bb custom_button=\u00a0\u00bbon\u00a0\u00bb button_text_size=\u00a0\u00bb14px\u00a0\u00bb button_text_color=\u00a0\u00bb#FFFFFF\u00a0\u00bb button_bg_color=\u00a0\u00bb#26476c\u00a0\u00bb button_border_width=\u00a0\u00bb0px\u00a0\u00bb button_border_radius=\u00a0\u00bb100px\u00a0\u00bb button_letter_spacing=\u00a0\u00bb0.16em\u00a0\u00bb button_font=\u00a0\u00bb|700||on|||||\u00a0\u00bb custom_padding=\u00a0\u00bb16px|24px|16px|24px|true|true\u00a0\u00bb button_text_en_us=\u00a0\u00bbLearn more\u00a0\u00bb button_text_pt_pt=\u00a0\u00bbMais informa\u00e7\u00f5es\u00a0\u00bb button_text_fr_fr=\u00a0\u00bbEn savoir plus\u00a0\u00bb global_colors_info=\u00a0\u00bb{}\u00a0\u00bb][\/et_pb_button][\/et_pb_column][\/et_pb_row][\/et_pb_section]<\/p>\n","protected":false},"excerpt":{"rendered":"<p>Willkommen bei Blue DreamsZucht f\u00fcr Norwegische WaldkatzenUnsere GeschichteSeit 2015 z\u00fcchte ich unter dem Zuchtnamen Blue Dreams mit gro\u00dfer Leidenschaft Norwegische Waldkatzen. Diese einzigartige Rasse fasziniert mich durch ihre Sch\u00f6nheit, ihren charakterlichen Charme und ihre liebevolle Natur. Katzen begleiten mich seit meiner Kindheit, und sie sind aus meinem Leben nicht wegzudenken. In meiner Zucht lege ich [&hellip;]<\/p>\n","protected":false},"author":1,"featured_media":0,"parent":0,"menu_order":0,"comment_status":"closed","ping_status":"closed","template":"","meta":{"_et_pb_use_builder":"on","_et_pb_old_content":"","_et_gb_content_width":"","footnotes":""},"class_list":["post-1300","page","type-page","status-publish","hentry"],"_links":{"self":[{"href":"https:\/\/blue-dreams-nfo.com\/fr\/wp-json\/wp\/v2\/pages\/1300","targetHints":{"allow":["GET"]}}],"collection":[{"href":"https:\/\/blue-dreams-nfo.com\/fr\/wp-json\/wp\/v2\/pages"}],"about":[{"href":"https:\/\/blue-dreams-nfo.com\/fr\/wp-json\/wp\/v2\/types\/page"}],"author":[{"embeddable":true,"href":"https:\/\/blue-dreams-nfo.com\/fr\/wp-json\/wp\/v2\/users\/1"}],"replies":[{"embeddable":true,"href":"https:\/\/blue-dreams-nfo.com\/fr\/wp-json\/wp\/v2\/comments?post=1300"}],"version-history":[{"count":17,"href":"https:\/\/blue-dreams-nfo.com\/fr\/wp-json\/wp\/v2\/pages\/1300\/revisions"}],"predecessor-version":[{"id":26820,"href":"https:\/\/blue-dreams-nfo.com\/fr\/wp-json\/wp\/v2\/pages\/1300\/revisions\/26820"}],"wp:attachment":[{"href":"https:\/\/blue-dreams-nfo.com\/fr\/wp-json\/wp\/v2\/media?parent=1300"}],"curies":[{"name":"wp","href":"https:\/\/api.w.org\/{rel}","templated":true}]}}