{"id":24589,"date":"2025-01-21T12:19:37","date_gmt":"2025-01-21T11:19:37","guid":{"rendered":"https:\/\/blue-dreams-nfo.com\/?page_id=24589"},"modified":"2025-04-13T09:38:42","modified_gmt":"2025-04-13T07:38:42","slug":"topas-von-der-alten-schaefereide","status":"publish","type":"page","link":"https:\/\/blue-dreams-nfo.com\/fr\/unsere-kastraten\/topas-von-der-alten-schaefereide\/","title":{"rendered":"Topas von der Alten Sch\u00e4ferei*DE"},"content":{"rendered":"<p>[et_pb_section fb_built=\u00a0\u00bb1&Prime; admin_label=\u00a0\u00bbHeader\u00a0\u00bb _builder_version=\u00a0\u00bb4.24.1&Prime; _module_preset=\u00a0\u00bbdefault\u00a0\u00bb custom_padding=\u00a0\u00bb||0px||false|false\u00a0\u00bb locked=\u00a0\u00bboff\u00a0\u00bb collapsed=\u00a0\u00bbon\u00a0\u00bb global_colors_info=\u00a0\u00bb{}\u00a0\u00bb][et_pb_row _builder_version=\u00a0\u00bb4.24.1&Prime; _module_preset=\u00a0\u00bbdefault\u00a0\u00bb global_colors_info=\u00a0\u00bb{}\u00a0\u00bb][et_pb_column type=\u00a0\u00bb4_4&Prime; _builder_version=\u00a0\u00bb4.24.1&Prime; _module_preset=\u00a0\u00bbdefault\u00a0\u00bb global_colors_info=\u00a0\u00bb{}\u00a0\u00bb][et_pb_text _builder_version=\u00a0\u00bb4.27.4&Prime; _module_preset=\u00a0\u00bb_initial\u00a0\u00bb header_font=\u00a0\u00bb|||on|||||\u00a0\u00bb header_font_size=\u00a0\u00bb80px\u00a0\u00bb header_line_height=\u00a0\u00bb1.3em\u00a0\u00bb text_orientation=\u00a0\u00bbcenter\u00a0\u00bb header_font_size_tablet=\u00a0\u00bb40px\u00a0\u00bb header_font_size_phone=\u00a0\u00bb24px\u00a0\u00bb header_font_size_last_edited=\u00a0\u00bbon|desktop\u00a0\u00bb global_colors_info=\u00a0\u00bb{}\u00a0\u00bb]<\/p>\n<h1>Topas von der Alten Sch\u00e4ferei*DE<\/h1>\n<p>[\/et_pb_text][\/et_pb_column][\/et_pb_row][\/et_pb_section][et_pb_section fb_built=\u00a0\u00bb1&Prime; admin_label=\u00a0\u00bbContact Info\u00a0\u00bb _builder_version=\u00a0\u00bb4.24.2&Prime; _module_preset=\u00a0\u00bbdefault\u00a0\u00bb locked=\u00a0\u00bboff\u00a0\u00bb collapsed=\u00a0\u00bbon\u00a0\u00bb global_colors_info=\u00a0\u00bb{}\u00a0\u00bb][et_pb_row column_structure=\u00a0\u00bb1_2,1_2&Prime; make_equal=\u00a0\u00bbon\u00a0\u00bb _builder_version=\u00a0\u00bb4.27.4&Prime; _module_preset=\u00a0\u00bbdefault\u00a0\u00bb width=\u00a0\u00bb90%\u00a0\u00bb max_width=\u00a0\u00bb2000px\u00a0\u00bb global_colors_info=\u00a0\u00bb{}\u00a0\u00bb][et_pb_column type=\u00a0\u00bb1_2&Prime; _builder_version=\u00a0\u00bb4.24.2&Prime; _module_preset=\u00a0\u00bbdefault\u00a0\u00bb custom_padding=\u00a0\u00bb10%||14%||false|false\u00a0\u00bb custom_padding_tablet=\u00a0\u00bb0px||0px||true|false\u00a0\u00bb custom_padding_phone=\u00a0\u00bb0px||0px||true|false\u00a0\u00bb custom_padding_last_edited=\u00a0\u00bbon|desktop\u00a0\u00bb global_colors_info=\u00a0\u00bb{}\u00a0\u00bb][et_pb_text _builder_version=\u00a0\u00bb4.27.4&Prime; _module_preset=\u00a0\u00bb_initial\u00a0\u00bb header_4_font=\u00a0\u00bb||||||||\u00a0\u00bb header_4_font_size=\u00a0\u00bb36px\u00a0\u00bb header_4_line_height=\u00a0\u00bb1.4em\u00a0\u00bb text_orientation=\u00a0\u00bbcenter\u00a0\u00bb custom_margin=\u00a0\u00bb||0px||false|false\u00a0\u00bb header_4_font_size_tablet=\u00a0\u00bb18px\u00a0\u00bb header_4_font_size_phone=\u00a0\u00bb15px\u00a0\u00bb header_4_font_size_last_edited=\u00a0\u00bbon|desktop\u00a0\u00bb content_en_us=\u00a0\u00bb<\/p>\n<h4>Date of birth<\/h4>\n<p>\u00a0\u00bb content_pt_pt=\u00a0\u00bb<\/p>\n<h4>Data de nascimento<\/h4>\n<p>\u00a0\u00bb content_fr_fr=\u00a0\u00bb<\/p>\n<h4>Date de naissance<\/h4>\n<p>\u00a0\u00bb global_colors_info=\u00a0\u00bb{}\u00a0\u00bb]<\/p>\n<h4>Geburtsdatum<\/h4>\n<p>[\/et_pb_text][et_pb_text quote_border_color=\u00a0\u00bb#000000&Prime; _builder_version=\u00a0\u00bb4.27.4&Prime; _module_preset=\u00a0\u00bb_initial\u00a0\u00bb text_font=\u00a0\u00bb||||||||\u00a0\u00bb text_font_size=\u00a0\u00bb16px\u00a0\u00bb text_line_height=\u00a0\u00bb1.65em\u00a0\u00bb link_font=\u00a0\u00bb||||on||||\u00a0\u00bb link_text_color=\u00a0\u00bb#000000&Prime; quote_text_color=\u00a0\u00bb#000000&Prime; quote_font_size=\u00a0\u00bb20px\u00a0\u00bb text_orientation=\u00a0\u00bbcenter\u00a0\u00bb text_font_size_tablet=\u00a0\u00bb15px\u00a0\u00bb text_font_size_phone=\u00a0\u00bb14px\u00a0\u00bb text_font_size_last_edited=\u00a0\u00bbon|desktop\u00a0\u00bb quote_font_size_tablet=\u00a0\u00bb16px\u00a0\u00bb quote_font_size_phone=\u00a0\u00bb14px\u00a0\u00bb quote_font_size_last_edited=\u00a0\u00bbon|desktop\u00a0\u00bb global_colors_info=\u00a0\u00bb{}\u00a0\u00bb]<\/p>\n<p><span>19.03.2012<\/span><\/p>\n<p>[\/et_pb_text][et_pb_text _builder_version=\u00a0\u00bb4.27.4&Prime; _module_preset=\u00a0\u00bb_initial\u00a0\u00bb header_4_font=\u00a0\u00bb||||||||\u00a0\u00bb header_4_font_size=\u00a0\u00bb36px\u00a0\u00bb header_4_line_height=\u00a0\u00bb1.4em\u00a0\u00bb text_orientation=\u00a0\u00bbcenter\u00a0\u00bb custom_margin=\u00a0\u00bb||0px||false|false\u00a0\u00bb header_4_font_size_tablet=\u00a0\u00bb18px\u00a0\u00bb header_4_font_size_phone=\u00a0\u00bb15px\u00a0\u00bb header_4_font_size_last_edited=\u00a0\u00bbon|desktop\u00a0\u00bb content_en_us=\u00a0\u00bb<\/p>\n<h4>Color<\/h4>\n<p>\u00a0\u00bb content_pt_pt=\u00a0\u00bb<\/p>\n<h4>Cor<\/h4>\n<p>\u00a0\u00bb content_fr_fr=\u00a0\u00bb<\/p>\n<h4>Couleur<\/h4>\n<p>\u00a0\u00bb global_colors_info=\u00a0\u00bb{}\u00a0\u00bb]<\/p>\n<h4>Farbe<\/h4>\n<p>[\/et_pb_text][et_pb_text quote_border_color=\u00a0\u00bb#000000&Prime; _builder_version=\u00a0\u00bb4.27.4&Prime; _module_preset=\u00a0\u00bb_initial\u00a0\u00bb text_font=\u00a0\u00bb||||||||\u00a0\u00bb text_font_size=\u00a0\u00bb16px\u00a0\u00bb text_line_height=\u00a0\u00bb1.65em\u00a0\u00bb link_font=\u00a0\u00bb||||on||||\u00a0\u00bb link_text_color=\u00a0\u00bb#000000&Prime; quote_text_color=\u00a0\u00bb#000000&Prime; quote_font_size=\u00a0\u00bb20px\u00a0\u00bb text_orientation=\u00a0\u00bbcenter\u00a0\u00bb text_font_size_tablet=\u00a0\u00bb15px\u00a0\u00bb text_font_size_phone=\u00a0\u00bb14px\u00a0\u00bb text_font_size_last_edited=\u00a0\u00bbon|desktop\u00a0\u00bb quote_font_size_tablet=\u00a0\u00bb16px\u00a0\u00bb quote_font_size_phone=\u00a0\u00bb14px\u00a0\u00bb quote_font_size_last_edited=\u00a0\u00bbon|desktop\u00a0\u00bb global_colors_info=\u00a0\u00bb{}\u00a0\u00bb]<\/p>\n<div>NFO a 22<\/div>\n<p>[\/et_pb_text][et_pb_text _builder_version=\u00a0\u00bb4.27.4&Prime; _module_preset=\u00a0\u00bb_initial\u00a0\u00bb header_4_font=\u00a0\u00bb||||||||\u00a0\u00bb header_4_font_size=\u00a0\u00bb36px\u00a0\u00bb header_4_line_height=\u00a0\u00bb1.4em\u00a0\u00bb text_orientation=\u00a0\u00bbcenter\u00a0\u00bb custom_margin=\u00a0\u00bb||0px||false|false\u00a0\u00bb header_4_font_size_tablet=\u00a0\u00bb18px\u00a0\u00bb header_4_font_size_phone=\u00a0\u00bb15px\u00a0\u00bb header_4_font_size_last_edited=\u00a0\u00bbon|desktop\u00a0\u00bb content_en_us=\u00a0\u00bb<\/p>\n<h4>Sex<\/h4>\n<p>\u00a0\u00bb content_pt_pt=\u00a0\u00bb<\/p>\n<h4>G\u00eanero<\/h4>\n<p>\u00a0\u00bb content_fr_fr=\u00a0\u00bb<\/p>\n<h4>Sexe<\/h4>\n<p>\u00a0\u00bb global_colors_info=\u00a0\u00bb{}\u00a0\u00bb]<\/p>\n<h4>Geschlecht<\/h4>\n<p>[\/et_pb_text][et_pb_text quote_border_color=\u00a0\u00bb#000000&Prime; _builder_version=\u00a0\u00bb4.27.4&Prime; _module_preset=\u00a0\u00bb_initial\u00a0\u00bb text_font=\u00a0\u00bb||||||||\u00a0\u00bb text_font_size=\u00a0\u00bb16px\u00a0\u00bb text_line_height=\u00a0\u00bb1.65em\u00a0\u00bb link_font=\u00a0\u00bb||||on||||\u00a0\u00bb link_text_color=\u00a0\u00bb#000000&Prime; quote_text_color=\u00a0\u00bb#000000&Prime; quote_font_size=\u00a0\u00bb20px\u00a0\u00bb text_orientation=\u00a0\u00bbcenter\u00a0\u00bb hover_enabled=\u00a0\u00bb0&Prime; text_font_size_tablet=\u00a0\u00bb15px\u00a0\u00bb text_font_size_phone=\u00a0\u00bb14px\u00a0\u00bb text_font_size_last_edited=\u00a0\u00bbon|desktop\u00a0\u00bb quote_font_size_tablet=\u00a0\u00bb16px\u00a0\u00bb quote_font_size_phone=\u00a0\u00bb14px\u00a0\u00bb quote_font_size_last_edited=\u00a0\u00bbon|desktop\u00a0\u00bb content_en_us=\u00a0\u00bb<\/p>\n<p>Neuter male<\/p>\n<p>\u00a0\u00bb content_pt_pt=\u00a0\u00bb<\/p>\n<p>Macho neutro<\/p>\n<p>\u00a0\u00bb content_fr_fr=\u00a0\u00bb<\/p>\n<p>M\u00e2le neutre<\/p>\n<p>\u00a0\u00bb global_colors_info=\u00a0\u00bb{}\u00a0\u00bb sticky_enabled=\u00a0\u00bb0&Prime;]<\/p>\n<p>m\u00e4nnlich, kastriert<\/p>\n<p>[\/et_pb_text][et_pb_text _builder_version=\u00a0\u00bb4.27.4&Prime; _module_preset=\u00a0\u00bb_initial\u00a0\u00bb header_4_font=\u00a0\u00bb||||||||\u00a0\u00bb header_4_font_size=\u00a0\u00bb36px\u00a0\u00bb header_4_line_height=\u00a0\u00bb1.4em\u00a0\u00bb text_orientation=\u00a0\u00bbcenter\u00a0\u00bb custom_margin=\u00a0\u00bb||0px||false|false\u00a0\u00bb header_4_font_size_tablet=\u00a0\u00bb18px\u00a0\u00bb header_4_font_size_phone=\u00a0\u00bb15px\u00a0\u00bb header_4_font_size_last_edited=\u00a0\u00bbon|desktop\u00a0\u00bb content_en_us=\u00a0\u00bb<\/p>\n<h4>Pedigree<\/h4>\n<p>\u00a0\u00bb content_pt_pt=\u00a0\u00bb<\/p>\n<h4>Genealogia<\/h4>\n<p>\u00a0\u00bb content_fr_fr=\u00a0\u00bb<\/p>\n<h4>P\u00e9digr\u00e9e<\/h4>\n<p>\u00a0\u00bb global_colors_info=\u00a0\u00bb{}\u00a0\u00bb]<\/p>\n<h4>Stammbaum<\/h4>\n<p>[\/et_pb_text][et_pb_text quote_border_color=\u00a0\u00bb#000000&Prime; _builder_version=\u00a0\u00bb4.27.4&Prime; _module_preset=\u00a0\u00bb_initial\u00a0\u00bb text_font=\u00a0\u00bb||||||||\u00a0\u00bb text_font_size=\u00a0\u00bb16px\u00a0\u00bb text_line_height=\u00a0\u00bb1.65em\u00a0\u00bb link_font=\u00a0\u00bb||||on||||\u00a0\u00bb link_text_color=\u00a0\u00bb#000000&Prime; quote_text_color=\u00a0\u00bb#000000&Prime; quote_font_size=\u00a0\u00bb20px\u00a0\u00bb text_orientation=\u00a0\u00bbcenter\u00a0\u00bb text_font_size_tablet=\u00a0\u00bb15px\u00a0\u00bb text_font_size_phone=\u00a0\u00bb14px\u00a0\u00bb text_font_size_last_edited=\u00a0\u00bbon|desktop\u00a0\u00bb quote_font_size_tablet=\u00a0\u00bb16px\u00a0\u00bb quote_font_size_phone=\u00a0\u00bb14px\u00a0\u00bb quote_font_size_last_edited=\u00a0\u00bbon|desktop\u00a0\u00bb content_en_us=\u00a0\u00bbsee the pedigree\u00a0\u00bb content_pt_pt=\u00a0\u00bbver o pedigree<br \/>\n\u00a0\u00bb content_fr_fr=\u00a0\u00bbVoir son p\u00e9digr\u00e9e\u00a0\u00bb global_colors_info=\u00a0\u00bb{}\u00a0\u00bb]<\/p>\n<p>Stammbaum ansehen<\/p>\n<p>[\/et_pb_text][et_pb_text _builder_version=\u00a0\u00bb4.27.4&Prime; _module_preset=\u00a0\u00bb_initial\u00a0\u00bb header_4_font=\u00a0\u00bb||||||||\u00a0\u00bb header_4_font_size=\u00a0\u00bb36px\u00a0\u00bb header_4_line_height=\u00a0\u00bb1.4em\u00a0\u00bb text_orientation=\u00a0\u00bbcenter\u00a0\u00bb custom_margin=\u00a0\u00bb||0px||false|false\u00a0\u00bb header_4_font_size_tablet=\u00a0\u00bb18px\u00a0\u00bb header_4_font_size_phone=\u00a0\u00bb15px\u00a0\u00bb header_4_font_size_last_edited=\u00a0\u00bbon|desktop\u00a0\u00bb content_en_us=\u00a0\u00bb<\/p>\n<h4>Medical tests<\/h4>\n<p>\u00a0\u00bb content_pt_pt=\u00a0\u00bb<\/p>\n<h4>Testes m\u00e9dicos<\/h4>\n<p>\u00a0\u00bb content_fr_fr=\u00a0\u00bb<\/p>\n<h4>Tests m\u00e9dicaux<\/h4>\n<p>\u00a0\u00bb global_colors_info=\u00a0\u00bb{}\u00a0\u00bb]<\/p>\n<h4>Medizinische Tests<\/h4>\n<p>[\/et_pb_text][et_pb_text quote_border_color=\u00a0\u00bb#000000&Prime; _builder_version=\u00a0\u00bb4.27.4&Prime; _module_preset=\u00a0\u00bb_initial\u00a0\u00bb text_font=\u00a0\u00bb||||||||\u00a0\u00bb text_font_size=\u00a0\u00bb16px\u00a0\u00bb text_line_height=\u00a0\u00bb1.65em\u00a0\u00bb link_font=\u00a0\u00bb||||on||||\u00a0\u00bb link_text_color=\u00a0\u00bb#000000&Prime; quote_text_color=\u00a0\u00bb#000000&Prime; quote_font_size=\u00a0\u00bb20px\u00a0\u00bb text_orientation=\u00a0\u00bbcenter\u00a0\u00bb text_font_size_tablet=\u00a0\u00bb15px\u00a0\u00bb text_font_size_phone=\u00a0\u00bb14px\u00a0\u00bb text_font_size_last_edited=\u00a0\u00bbon|desktop\u00a0\u00bb quote_font_size_tablet=\u00a0\u00bb16px\u00a0\u00bb quote_font_size_phone=\u00a0\u00bb14px\u00a0\u00bb quote_font_size_last_edited=\u00a0\u00bbon|desktop\u00a0\u00bb global_colors_info=\u00a0\u00bb{}\u00a0\u00bb]<\/p>\n<p>&#8230;<\/p>\n<p>[\/et_pb_text][\/et_pb_column][et_pb_column type=\u00a0\u00bb1_2&Prime; _builder_version=\u00a0\u00bb4.27.4&Prime; _module_preset=\u00a0\u00bbdefault\u00a0\u00bb background_enable_image=\u00a0\u00bboff\u00a0\u00bb parallax=\u00a0\u00bbon\u00a0\u00bb global_colors_info=\u00a0\u00bb{}\u00a0\u00bb][et_pb_image src=\u00a0\u00bbhttps:\/\/blue-dreams-nfo.com\/wp-content\/uploads\/2025\/01\/IMG_4103.png\u00a0\u00bb title_text=\u00a0\u00bbIMG_4103&Prime; align=\u00a0\u00bbcenter\u00a0\u00bb force_fullwidth=\u00a0\u00bbon\u00a0\u00bb _builder_version=\u00a0\u00bb4.27.4&Prime; _module_preset=\u00a0\u00bbdefault\u00a0\u00bb border_radii=\u00a0\u00bbon|20px|20px|20px|20px\u00a0\u00bb box_shadow_style=\u00a0\u00bbpreset2&Prime; global_colors_info=\u00a0\u00bb{}\u00a0\u00bb][\/et_pb_image][\/et_pb_column][\/et_pb_row][\/et_pb_section][et_pb_section fb_built=\u00a0\u00bb1&Prime; admin_label=\u00a0\u00bbContact Form\u00a0\u00bb _builder_version=\u00a0\u00bb4.24.2&Prime; _module_preset=\u00a0\u00bbdefault\u00a0\u00bb locked=\u00a0\u00bboff\u00a0\u00bb collapsed=\u00a0\u00bbon\u00a0\u00bb global_colors_info=\u00a0\u00bb{}\u00a0\u00bb][et_pb_row _builder_version=\u00a0\u00bb4.24.1&Prime; _module_preset=\u00a0\u00bbdefault\u00a0\u00bb max_width=\u00a0\u00bb900px\u00a0\u00bb global_colors_info=\u00a0\u00bb{}\u00a0\u00bb][et_pb_column type=\u00a0\u00bb4_4&Prime; _builder_version=\u00a0\u00bb4.24.1&Prime; _module_preset=\u00a0\u00bbdefault\u00a0\u00bb global_colors_info=\u00a0\u00bb{}\u00a0\u00bb][et_pb_text _builder_version=\u00a0\u00bb4.27.4&Prime; _module_preset=\u00a0\u00bb_initial\u00a0\u00bb header_2_font=\u00a0\u00bb||||||||\u00a0\u00bb header_2_font_size=\u00a0\u00bb62px\u00a0\u00bb header_2_line_height=\u00a0\u00bb1.3em\u00a0\u00bb text_orientation=\u00a0\u00bbcenter\u00a0\u00bb header_2_font_size_tablet=\u00a0\u00bb32px\u00a0\u00bb header_2_font_size_phone=\u00a0\u00bb20px\u00a0\u00bb header_2_font_size_last_edited=\u00a0\u00bbon|desktop\u00a0\u00bb content_en_us=\u00a0\u00bb<\/p>\n<h2>Presentation<\/h2>\n<p>\u00a0\u00bb content_pt_pt=\u00a0\u00bb<\/p>\n<h2>Apresenta\u00e7\u00e3o<\/h2>\n<p>\u00a0\u00bb content_fr_fr=\u00a0\u00bb<\/p>\n<h2>Pr\u00e9sentation<\/h2>\n<p>\u00a0\u00bb global_colors_info=\u00a0\u00bb{}\u00a0\u00bb]<\/p>\n<h2>Vorstellung<\/h2>\n<p>[\/et_pb_text][et_pb_text quote_border_color=\u00a0\u00bb#000000&Prime; _builder_version=\u00a0\u00bb4.27.4&Prime; _module_preset=\u00a0\u00bb_initial\u00a0\u00bb text_font=\u00a0\u00bb||||||||\u00a0\u00bb text_font_size=\u00a0\u00bb16px\u00a0\u00bb text_line_height=\u00a0\u00bb1.65em\u00a0\u00bb link_font=\u00a0\u00bb||||on||||\u00a0\u00bb link_text_color=\u00a0\u00bb#000000&Prime; quote_text_color=\u00a0\u00bb#000000&Prime; quote_font_size=\u00a0\u00bb20px\u00a0\u00bb text_orientation=\u00a0\u00bbcenter\u00a0\u00bb hover_enabled=\u00a0\u00bb0&Prime; text_font_size_tablet=\u00a0\u00bb15px\u00a0\u00bb text_font_size_phone=\u00a0\u00bb14px\u00a0\u00bb text_font_size_last_edited=\u00a0\u00bbon|desktop\u00a0\u00bb quote_font_size_tablet=\u00a0\u00bb16px\u00a0\u00bb quote_font_size_phone=\u00a0\u00bb14px\u00a0\u00bb quote_font_size_last_edited=\u00a0\u00bbon|desktop\u00a0\u00bb content_en_us=\u00a0\u00bb<\/p>\n<p>Topas was my first Norwegian. Through him I got to know and love this<br \/>and love this people-oriented cat breed. Topas travels everywhere with us. Whether by car or <br \/>airplane, anything is fine with him, as long as he is with us. <br \/>He has lived with us in France, Zanzibar and, since 2015, in Switzerland. <br \/>My senior has a strong character and is my only outdoor dog.<\/p>\n<p>\u00a0\u00bb content_pt_pt=\u00a0\u00bb<\/p>\n<p>Topas foi o meu primeiro noruegu\u00eas. Atrav\u00e9s dele fiquei a conhecer e a amar esta<br \/>ra\u00e7a de gatos. O Topas viajava connosco para todo o lado. Seja de carro ou de avi\u00e3o <br \/>avi\u00e3o, tudo \u00e9 bom para ele, desde que esteja connosco. <br \/>Viveu connosco em Fran\u00e7a, Zanzibar e, desde 2015, na Su\u00ed\u00e7a. <br \/>O meu s\u00e9nior tem um car\u00e1cter forte e \u00e9 o meu \u00fanico c\u00e3o de exterior.<\/p>\n<p>\u00a0\u00bb content_fr_fr=\u00a0\u00bb<\/p>\n<p>Topas a \u00e9t\u00e9 mon premier Norv\u00e9gien. C&rsquo;est gr\u00e2ce \u00e0 lui que j&rsquo;ai appris \u00e0 conna\u00eetre et \u00e0 aimer cette<br \/>race de chat et je l&rsquo;aime. Topas voyage avec nous partout. Que ce soit en voiture ou <br \/>En avion, tout lui convient, pourvu qu&rsquo;il soit avec nous. <br \/>Il a v\u00e9cu avec nous en France, \u00e0 Zanzibar et, depuis 2015, en Suisse. <br \/>Mon senior a un caract\u00e8re bien tremp\u00e9 et c&rsquo;est mon seul animal en libert\u00e9.<\/p>\n<p>\u00a0\u00bb global_colors_info=\u00a0\u00bb{}\u00a0\u00bb sticky_enabled=\u00a0\u00bb0&Prime;]<\/p>\n<div>Topas war meine erste Norwegische Waldkatze. Ein Artikel, den ich \u00fcber diese Katzenrasse gelesen hatte hat mein Interesse an dieser wunderbaren Spezie geweckt. Wir lebten damals in Chantilly, in der N\u00e4he von Paris und ich suchte fast ein Jahr bis ich in der N\u00e4he von Leipzig (DE) von Christina endlich die heissersehnte Zusage f\u00fcr Topas erhielt. Durch Topas lernte ich diese menschenbezogene, kommunikative, \u00fcberaus liebenswerte und wundersch\u00f6ne Katzenrasse kennen und lieben. Topas reist mit uns \u00fcberall hin. Ob Auto oder Flugzeug, ihm ist alles recht, Hauptsache er ist mit dabei. Er lebte mit uns in Frankreich, Zanzibar und seit 2015 in der Schweiz.<\/div>\n<div>Mein Senior hat einen \u00fcberaus starken Charakter, ist der Chef in der Katzengruppe und liebt es, mir uns und den Hunden kleine Spazierg\u00e4nge zu unternehmen.<\/div>\n<p>[\/et_pb_text][\/et_pb_column][\/et_pb_row][\/et_pb_section][et_pb_section fb_built=\u00a0\u00bb1&Prime; admin_label=\u00a0\u00bbContact Form\u00a0\u00bb _builder_version=\u00a0\u00bb4.24.2&Prime; _module_preset=\u00a0\u00bbdefault\u00a0\u00bb locked=\u00a0\u00bboff\u00a0\u00bb collapsed=\u00a0\u00bbon\u00a0\u00bb global_colors_info=\u00a0\u00bb{}\u00a0\u00bb][et_pb_row _builder_version=\u00a0\u00bb4.27.4&Prime; _module_preset=\u00a0\u00bbdefault\u00a0\u00bb max_width=\u00a0\u00bb900px\u00a0\u00bb global_colors_info=\u00a0\u00bb{}\u00a0\u00bb][et_pb_column type=\u00a0\u00bb4_4&Prime; _builder_version=\u00a0\u00bb4.24.1&Prime; _module_preset=\u00a0\u00bbdefault\u00a0\u00bb global_colors_info=\u00a0\u00bb{}\u00a0\u00bb][et_pb_text _builder_version=\u00a0\u00bb4.27.4&Prime; _module_preset=\u00a0\u00bb_initial\u00a0\u00bb header_2_font=\u00a0\u00bb||||||||\u00a0\u00bb header_2_font_size=\u00a0\u00bb62px\u00a0\u00bb header_2_line_height=\u00a0\u00bb1.3em\u00a0\u00bb text_orientation=\u00a0\u00bbcenter\u00a0\u00bb hover_enabled=\u00a0\u00bb0&Prime; header_2_font_size_tablet=\u00a0\u00bb32px\u00a0\u00bb header_2_font_size_phone=\u00a0\u00bb20px\u00a0\u00bb header_2_font_size_last_edited=\u00a0\u00bbon|desktop\u00a0\u00bb content_en_us=\u00a0\u00bb<\/p>\n<h2>Gallery<\/h2>\n<p>\u00a0\u00bb content_pt_pt=\u00a0\u00bb<\/p>\n<h2>Galeria de fotos<\/h2>\n<p>\u00a0\u00bb content_fr_fr=\u00a0\u00bb<\/p>\n<h2>Galerie photo<\/h2>\n<p>\u00a0\u00bb global_colors_info=\u00a0\u00bb{}\u00a0\u00bb sticky_enabled=\u00a0\u00bb0&Prime;]<\/p>\n<h2>Fotogalerie<\/h2>\n<p>[\/et_pb_text][et_pb_gallery gallery_ids=\u00a0\u00bb24574,24573,24572,24571,25507,25508,25509&Prime; posts_number=\u00a0\u00bb20&Prime; show_title_and_caption=\u00a0\u00bboff\u00a0\u00bb _builder_version=\u00a0\u00bb4.27.4&Prime; _module_preset=\u00a0\u00bbdefault\u00a0\u00bb hover_enabled=\u00a0\u00bb0&Prime; border_radii_image=\u00a0\u00bbon|10px|10px|10px|10px\u00a0\u00bb box_shadow_style_image=\u00a0\u00bbpreset2&Prime; global_colors_info=\u00a0\u00bb{}\u00a0\u00bb sticky_enabled=\u00a0\u00bb0&Prime;][\/et_pb_gallery][\/et_pb_column][\/et_pb_row][\/et_pb_section][et_pb_section fb_built=\u00a0\u00bb1&Prime; admin_label=\u00a0\u00bbContact Form\u00a0\u00bb _builder_version=\u00a0\u00bb4.24.2&Prime; _module_preset=\u00a0\u00bbdefault\u00a0\u00bb locked=\u00a0\u00bboff\u00a0\u00bb collapsed=\u00a0\u00bbon\u00a0\u00bb global_colors_info=\u00a0\u00bb{}\u00a0\u00bb][et_pb_row _builder_version=\u00a0\u00bb4.24.1&Prime; _module_preset=\u00a0\u00bbdefault\u00a0\u00bb max_width=\u00a0\u00bb900px\u00a0\u00bb global_colors_info=\u00a0\u00bb{}\u00a0\u00bb][et_pb_column type=\u00a0\u00bb4_4&Prime; _builder_version=\u00a0\u00bb4.24.1&Prime; _module_preset=\u00a0\u00bbdefault\u00a0\u00bb global_colors_info=\u00a0\u00bb{}\u00a0\u00bb][et_pb_text _builder_version=\u00a0\u00bb4.27.4&Prime; _module_preset=\u00a0\u00bb_initial\u00a0\u00bb header_2_font=\u00a0\u00bb||||||||\u00a0\u00bb header_2_font_size=\u00a0\u00bb62px\u00a0\u00bb header_2_line_height=\u00a0\u00bb1.3em\u00a0\u00bb text_orientation=\u00a0\u00bbcenter\u00a0\u00bb header_2_font_size_tablet=\u00a0\u00bb32px\u00a0\u00bb header_2_font_size_phone=\u00a0\u00bb20px\u00a0\u00bb header_2_font_size_last_edited=\u00a0\u00bbon|desktop\u00a0\u00bb content_en_us=\u00a0\u00bb<\/p>\n<h2>Show results<\/h2>\n<p>\u00a0\u00bb content_pt_pt=\u00a0\u00bb<\/p>\n<h2>resultados da exposi\u00e7\u00e3o<\/h2>\n<p>\u00a0\u00bb content_fr_fr=\u00a0\u00bb<\/p>\n<h2>R\u00e9sultats d&rsquo;expositions<\/h2>\n<p>\u00a0\u00bb global_colors_info=\u00a0\u00bb{}\u00a0\u00bb]<\/p>\n<h2>Ausstellungsresultate<\/h2>\n<p>[\/et_pb_text][et_pb_text quote_border_color=\u00a0\u00bb#000000&Prime; _builder_version=\u00a0\u00bb4.27.4&Prime; _module_preset=\u00a0\u00bb_initial\u00a0\u00bb text_font=\u00a0\u00bb||||||||\u00a0\u00bb text_font_size=\u00a0\u00bb16px\u00a0\u00bb text_line_height=\u00a0\u00bb1.65em\u00a0\u00bb link_font=\u00a0\u00bb||||on||||\u00a0\u00bb link_text_color=\u00a0\u00bb#000000&Prime; quote_text_color=\u00a0\u00bb#000000&Prime; quote_font_size=\u00a0\u00bb20px\u00a0\u00bb text_orientation=\u00a0\u00bbcenter\u00a0\u00bb text_font_size_tablet=\u00a0\u00bb15px\u00a0\u00bb text_font_size_phone=\u00a0\u00bb14px\u00a0\u00bb text_font_size_last_edited=\u00a0\u00bbon|desktop\u00a0\u00bb quote_font_size_tablet=\u00a0\u00bb16px\u00a0\u00bb quote_font_size_phone=\u00a0\u00bb14px\u00a0\u00bb quote_font_size_last_edited=\u00a0\u00bbon|desktop\u00a0\u00bb global_colors_info=\u00a0\u00bb{}\u00a0\u00bb]<\/p>\n<table border=\"0\" style=\"width: 100%; border-collapse: collapse; float: left;\">\n<tbody>\n<tr style=\"height: 24px;\">\n<td style=\"width: 25%; height: 24px;\"><strong>Datum<\/strong><\/td>\n<td style=\"width: 25%; height: 24px;\"><strong>Ort<\/strong><\/td>\n<td style=\"width: 25%; height: 24px;\"><strong>Richter<\/strong><\/td>\n<td style=\"width: 25%; height: 24px;\"><strong>Reslultat<\/strong><\/td>\n<\/tr>\n<tr style=\"height: 24px;\">\n<td style=\"width: 25%; height: 24px;\">&#8230;<\/td>\n<td style=\"width: 25%; height: 24px;\">&#8230;<\/td>\n<td style=\"width: 25%; height: 24px;\">&#8230;<\/td>\n<td style=\"width: 25%; height: 24px;\">&#8230;<\/td>\n<\/tr>\n<\/tbody>\n<\/table>\n<p>[\/et_pb_text][\/et_pb_column][\/et_pb_row][\/et_pb_section]<\/p>\n","protected":false},"excerpt":{"rendered":"<p>Topas von der Alten Sch\u00e4ferei*DEGeburtsdatum19.03.2012FarbeNFO a 22Geschlechtm\u00e4nnlich, kastriertStammbaumStammbaum ansehenMedizinische Tests&#8230;VorstellungTopas war meine erste Norwegische Waldkatze. Ein Artikel, den ich \u00fcber diese Katzenrasse gelesen hatte hat mein Interesse an dieser wunderbaren Spezie geweckt. Wir lebten damals in Chantilly, in der N\u00e4he von Paris und ich suchte fast ein Jahr bis ich in der N\u00e4he von Leipzig [&hellip;]<\/p>\n","protected":false},"author":1,"featured_media":0,"parent":24628,"menu_order":0,"comment_status":"closed","ping_status":"closed","template":"","meta":{"_et_pb_use_builder":"on","_et_pb_old_content":"","_et_gb_content_width":"","footnotes":""},"class_list":["post-24589","page","type-page","status-publish","hentry"],"_links":{"self":[{"href":"https:\/\/blue-dreams-nfo.com\/fr\/wp-json\/wp\/v2\/pages\/24589","targetHints":{"allow":["GET"]}}],"collection":[{"href":"https:\/\/blue-dreams-nfo.com\/fr\/wp-json\/wp\/v2\/pages"}],"about":[{"href":"https:\/\/blue-dreams-nfo.com\/fr\/wp-json\/wp\/v2\/types\/page"}],"author":[{"embeddable":true,"href":"https:\/\/blue-dreams-nfo.com\/fr\/wp-json\/wp\/v2\/users\/1"}],"replies":[{"embeddable":true,"href":"https:\/\/blue-dreams-nfo.com\/fr\/wp-json\/wp\/v2\/comments?post=24589"}],"version-history":[{"count":9,"href":"https:\/\/blue-dreams-nfo.com\/fr\/wp-json\/wp\/v2\/pages\/24589\/revisions"}],"predecessor-version":[{"id":25512,"href":"https:\/\/blue-dreams-nfo.com\/fr\/wp-json\/wp\/v2\/pages\/24589\/revisions\/25512"}],"up":[{"embeddable":true,"href":"https:\/\/blue-dreams-nfo.com\/fr\/wp-json\/wp\/v2\/pages\/24628"}],"wp:attachment":[{"href":"https:\/\/blue-dreams-nfo.com\/fr\/wp-json\/wp\/v2\/media?parent=24589"}],"curies":[{"name":"wp","href":"https:\/\/api.w.org\/{rel}","templated":true}]}}