{"id":24787,"date":"2025-01-21T14:38:00","date_gmt":"2025-01-21T13:38:00","guid":{"rendered":"https:\/\/blue-dreams-nfo.com\/?page_id=24787"},"modified":"2025-12-04T12:45:50","modified_gmt":"2025-12-04T11:45:50","slug":"lua-av-skara-braech","status":"publish","type":"page","link":"https:\/\/blue-dreams-nfo.com\/fr\/unsere-kastraten\/lua-av-skara-braech\/","title":{"rendered":"Lua av Skara Brae*CH"},"content":{"rendered":"<p>[et_pb_section fb_built=\u00a0\u00bb1&Prime; admin_label=\u00a0\u00bbHeader\u00a0\u00bb _builder_version=\u00a0\u00bb4.24.1&Prime; _module_preset=\u00a0\u00bbdefault\u00a0\u00bb custom_padding=\u00a0\u00bb||0px||false|false\u00a0\u00bb locked=\u00a0\u00bboff\u00a0\u00bb collapsed=\u00a0\u00bbon\u00a0\u00bb global_colors_info=\u00a0\u00bb{}\u00a0\u00bb][et_pb_row _builder_version=\u00a0\u00bb4.24.1&Prime; _module_preset=\u00a0\u00bbdefault\u00a0\u00bb global_colors_info=\u00a0\u00bb{}\u00a0\u00bb][et_pb_column type=\u00a0\u00bb4_4&Prime; _builder_version=\u00a0\u00bb4.24.1&Prime; _module_preset=\u00a0\u00bbdefault\u00a0\u00bb global_colors_info=\u00a0\u00bb{}\u00a0\u00bb][et_pb_text _builder_version=\u00a0\u00bb4.27.4&Prime; _module_preset=\u00a0\u00bb_initial\u00a0\u00bb header_font=\u00a0\u00bb|||on|||||\u00a0\u00bb header_font_size=\u00a0\u00bb80px\u00a0\u00bb header_line_height=\u00a0\u00bb1.3em\u00a0\u00bb text_orientation=\u00a0\u00bbcenter\u00a0\u00bb header_font_size_tablet=\u00a0\u00bb40px\u00a0\u00bb header_font_size_phone=\u00a0\u00bb24px\u00a0\u00bb header_font_size_last_edited=\u00a0\u00bbon|desktop\u00a0\u00bb global_colors_info=\u00a0\u00bb{}\u00a0\u00bb]<\/p>\n<h1>Lua av Skara Brae*CH<\/h1>\n<p>[\/et_pb_text][\/et_pb_column][\/et_pb_row][\/et_pb_section][et_pb_section fb_built=\u00a0\u00bb1&Prime; admin_label=\u00a0\u00bbContact Info\u00a0\u00bb _builder_version=\u00a0\u00bb4.24.2&Prime; _module_preset=\u00a0\u00bbdefault\u00a0\u00bb locked=\u00a0\u00bboff\u00a0\u00bb collapsed=\u00a0\u00bbon\u00a0\u00bb global_colors_info=\u00a0\u00bb{}\u00a0\u00bb][et_pb_row column_structure=\u00a0\u00bb1_2,1_2&Prime; make_equal=\u00a0\u00bbon\u00a0\u00bb _builder_version=\u00a0\u00bb4.27.4&Prime; _module_preset=\u00a0\u00bbdefault\u00a0\u00bb width=\u00a0\u00bb90%\u00a0\u00bb max_width=\u00a0\u00bb2000px\u00a0\u00bb global_colors_info=\u00a0\u00bb{}\u00a0\u00bb][et_pb_column type=\u00a0\u00bb1_2&Prime; _builder_version=\u00a0\u00bb4.27.4&Prime; _module_preset=\u00a0\u00bbdefault\u00a0\u00bb custom_padding=\u00a0\u00bb||||false|false\u00a0\u00bb custom_padding_tablet=\u00a0\u00bb0px||0px||true|false\u00a0\u00bb custom_padding_phone=\u00a0\u00bb0px||0px||true|false\u00a0\u00bb custom_padding_last_edited=\u00a0\u00bbon|desktop\u00a0\u00bb global_colors_info=\u00a0\u00bb{}\u00a0\u00bb][et_pb_text _builder_version=\u00a0\u00bb4.27.4&Prime; _module_preset=\u00a0\u00bb_initial\u00a0\u00bb header_4_font=\u00a0\u00bb||||||||\u00a0\u00bb header_4_font_size=\u00a0\u00bb36px\u00a0\u00bb header_4_line_height=\u00a0\u00bb1.4em\u00a0\u00bb text_orientation=\u00a0\u00bbcenter\u00a0\u00bb custom_margin=\u00a0\u00bb||0px||false|false\u00a0\u00bb header_4_font_size_tablet=\u00a0\u00bb18px\u00a0\u00bb header_4_font_size_phone=\u00a0\u00bb15px\u00a0\u00bb header_4_font_size_last_edited=\u00a0\u00bbon|desktop\u00a0\u00bb content_en_us=\u00a0\u00bb<\/p>\n<h4>Date of birth<\/h4>\n<p>\u00a0\u00bb content_pt_pt=\u00a0\u00bb<\/p>\n<h4>Data de nascimento<\/h4>\n<p>\u00a0\u00bb content_fr_fr=\u00a0\u00bb<\/p>\n<h4>Date de naissance<\/h4>\n<p>\u00a0\u00bb global_colors_info=\u00a0\u00bb{}\u00a0\u00bb]<\/p>\n<h4>Geburtsdatum<\/h4>\n<p>[\/et_pb_text][et_pb_text quote_border_color=\u00a0\u00bb#000000&Prime; _builder_version=\u00a0\u00bb4.27.4&Prime; _module_preset=\u00a0\u00bb_initial\u00a0\u00bb text_font=\u00a0\u00bb||||||||\u00a0\u00bb text_font_size=\u00a0\u00bb16px\u00a0\u00bb text_line_height=\u00a0\u00bb1.65em\u00a0\u00bb link_font=\u00a0\u00bb||||on||||\u00a0\u00bb link_text_color=\u00a0\u00bb#000000&Prime; quote_text_color=\u00a0\u00bb#000000&Prime; quote_font_size=\u00a0\u00bb20px\u00a0\u00bb text_orientation=\u00a0\u00bbcenter\u00a0\u00bb text_font_size_tablet=\u00a0\u00bb15px\u00a0\u00bb text_font_size_phone=\u00a0\u00bb14px\u00a0\u00bb text_font_size_last_edited=\u00a0\u00bbon|desktop\u00a0\u00bb quote_font_size_tablet=\u00a0\u00bb16px\u00a0\u00bb quote_font_size_phone=\u00a0\u00bb14px\u00a0\u00bb quote_font_size_last_edited=\u00a0\u00bbon|desktop\u00a0\u00bb global_colors_info=\u00a0\u00bb{}\u00a0\u00bb]03.04.2024[\/et_pb_text][et_pb_text _builder_version=\u00a0\u00bb4.27.4&Prime; _module_preset=\u00a0\u00bb_initial\u00a0\u00bb header_4_font=\u00a0\u00bb||||||||\u00a0\u00bb header_4_font_size=\u00a0\u00bb36px\u00a0\u00bb header_4_line_height=\u00a0\u00bb1.4em\u00a0\u00bb text_orientation=\u00a0\u00bbcenter\u00a0\u00bb custom_margin=\u00a0\u00bb||0px||false|false\u00a0\u00bb header_4_font_size_tablet=\u00a0\u00bb18px\u00a0\u00bb header_4_font_size_phone=\u00a0\u00bb15px\u00a0\u00bb header_4_font_size_last_edited=\u00a0\u00bbon|desktop\u00a0\u00bb content_en_us=\u00a0\u00bb<\/p>\n<h4>Color<\/h4>\n<p>\u00a0\u00bb content_pt_pt=\u00a0\u00bb<\/p>\n<h4>Cor<\/h4>\n<p>\u00a0\u00bb content_fr_fr=\u00a0\u00bb<\/p>\n<h4>Couleur<\/h4>\n<p>\u00a0\u00bb global_colors_info=\u00a0\u00bb{}\u00a0\u00bb]<\/p>\n<h4>Farbe<\/h4>\n<p>[\/et_pb_text][et_pb_text quote_border_color=\u00a0\u00bb#000000&Prime; _builder_version=\u00a0\u00bb4.27.4&Prime; _module_preset=\u00a0\u00bb_initial\u00a0\u00bb text_font=\u00a0\u00bb||||||||\u00a0\u00bb text_font_size=\u00a0\u00bb16px\u00a0\u00bb text_line_height=\u00a0\u00bb1.65em\u00a0\u00bb link_font=\u00a0\u00bb||||on||||\u00a0\u00bb link_text_color=\u00a0\u00bb#000000&Prime; quote_text_color=\u00a0\u00bb#000000&Prime; quote_font_size=\u00a0\u00bb20px\u00a0\u00bb text_orientation=\u00a0\u00bbcenter\u00a0\u00bb text_font_size_tablet=\u00a0\u00bb15px\u00a0\u00bb text_font_size_phone=\u00a0\u00bb14px\u00a0\u00bb text_font_size_last_edited=\u00a0\u00bbon|desktop\u00a0\u00bb quote_font_size_tablet=\u00a0\u00bb16px\u00a0\u00bb quote_font_size_phone=\u00a0\u00bb14px\u00a0\u00bb quote_font_size_last_edited=\u00a0\u00bbon|desktop\u00a0\u00bb content_en_us=\u00a0\u00bb<\/p>\n<p>NFO fs 24<\/p>\n<p>black tortie silver spotted<\/p>\n<p>\u00a0\u00bb content_pt_pt=\u00a0\u00bb<\/p>\n<p>NFO fs 24<\/p>\n<p>black tortie silver spotted<\/p>\n<p>\u00a0\u00bb content_fr_fr=\u00a0\u00bb<\/p>\n<p>NFO fs 24<\/p>\n<p>black tortie silver spotted<\/p>\n<p>\u00a0\u00bb global_colors_info=\u00a0\u00bb{}\u00a0\u00bb]<\/p>\n<p>NFO fs 24<\/p>\n<p>schwarz Schildpatt silber getupft<\/p>\n<p>[\/et_pb_text][et_pb_text _builder_version=\u00a0\u00bb4.27.4&Prime; _module_preset=\u00a0\u00bb_initial\u00a0\u00bb header_4_font=\u00a0\u00bb||||||||\u00a0\u00bb header_4_font_size=\u00a0\u00bb36px\u00a0\u00bb header_4_line_height=\u00a0\u00bb1.4em\u00a0\u00bb text_orientation=\u00a0\u00bbcenter\u00a0\u00bb custom_margin=\u00a0\u00bb||0px||false|false\u00a0\u00bb header_4_font_size_tablet=\u00a0\u00bb18px\u00a0\u00bb header_4_font_size_phone=\u00a0\u00bb15px\u00a0\u00bb header_4_font_size_last_edited=\u00a0\u00bbon|desktop\u00a0\u00bb content_en_us=\u00a0\u00bb<\/p>\n<h4>Sex<\/h4>\n<p>\u00a0\u00bb content_pt_pt=\u00a0\u00bb<\/p>\n<h4>G\u00eanero<\/h4>\n<p>\u00a0\u00bb content_fr_fr=\u00a0\u00bb<\/p>\n<h4>Sexe<\/h4>\n<p>\u00a0\u00bb global_colors_info=\u00a0\u00bb{}\u00a0\u00bb]<\/p>\n<h4>Geschlecht<\/h4>\n<p>[\/et_pb_text][et_pb_text quote_border_color=\u00a0\u00bb#000000&Prime; _builder_version=\u00a0\u00bb4.27.4&Prime; _module_preset=\u00a0\u00bb_initial\u00a0\u00bb text_font=\u00a0\u00bb||||||||\u00a0\u00bb text_font_size=\u00a0\u00bb16px\u00a0\u00bb text_line_height=\u00a0\u00bb1.65em\u00a0\u00bb link_font=\u00a0\u00bb||||on||||\u00a0\u00bb link_text_color=\u00a0\u00bb#000000&Prime; quote_text_color=\u00a0\u00bb#000000&Prime; quote_font_size=\u00a0\u00bb20px\u00a0\u00bb text_orientation=\u00a0\u00bbcenter\u00a0\u00bb text_font_size_tablet=\u00a0\u00bb15px\u00a0\u00bb text_font_size_phone=\u00a0\u00bb14px\u00a0\u00bb text_font_size_last_edited=\u00a0\u00bbon|desktop\u00a0\u00bb quote_font_size_tablet=\u00a0\u00bb16px\u00a0\u00bb quote_font_size_phone=\u00a0\u00bb14px\u00a0\u00bb quote_font_size_last_edited=\u00a0\u00bbon|desktop\u00a0\u00bb content_en_us=\u00a0\u00bb<\/p>\n<p>Neuter female<\/p>\n<p>\u00a0\u00bb content_pt_pt=\u00a0\u00bb<\/p>\n<p>F\u00eamea neutra<\/p>\n<p>\u00a0\u00bb content_fr_fr=\u00a0\u00bb<\/p>\n<p>Femelle neutre<\/p>\n<p>\u00a0\u00bb global_colors_info=\u00a0\u00bb{}\u00a0\u00bb locked=\u00a0\u00bboff\u00a0\u00bb]<\/p>\n<p>Kastraten weiblich<\/p>\n<p>[\/et_pb_text][et_pb_text _builder_version=\u00a0\u00bb4.27.4&Prime; _module_preset=\u00a0\u00bb_initial\u00a0\u00bb header_4_font=\u00a0\u00bb||||||||\u00a0\u00bb header_4_font_size=\u00a0\u00bb36px\u00a0\u00bb header_4_line_height=\u00a0\u00bb1.4em\u00a0\u00bb text_orientation=\u00a0\u00bbcenter\u00a0\u00bb custom_margin=\u00a0\u00bb||0px||false|false\u00a0\u00bb header_4_font_size_tablet=\u00a0\u00bb18px\u00a0\u00bb header_4_font_size_phone=\u00a0\u00bb15px\u00a0\u00bb header_4_font_size_last_edited=\u00a0\u00bbon|desktop\u00a0\u00bb content_en_us=\u00a0\u00bb<\/p>\n<h4>Pedigree<\/h4>\n<p>\u00a0\u00bb content_pt_pt=\u00a0\u00bb<\/p>\n<h4>Genealogia<\/h4>\n<p>\u00a0\u00bb content_fr_fr=\u00a0\u00bb<\/p>\n<h4>P\u00e9digr\u00e9e<\/h4>\n<p>\u00a0\u00bb global_colors_info=\u00a0\u00bb{}\u00a0\u00bb]<\/p>\n<h4>Stammbaum<\/h4>\n<p>[\/et_pb_text][et_pb_text quote_border_color=\u00a0\u00bb#000000&Prime; _builder_version=\u00a0\u00bb4.27.4&Prime; _dynamic_attributes=\u00a0\u00bblink_option_url\u00a0\u00bb _module_preset=\u00a0\u00bb_initial\u00a0\u00bb text_font=\u00a0\u00bb||||||||\u00a0\u00bb text_font_size=\u00a0\u00bb16px\u00a0\u00bb text_line_height=\u00a0\u00bb1.65em\u00a0\u00bb link_font=\u00a0\u00bb||||on||||\u00a0\u00bb link_text_color=\u00a0\u00bb#000000&Prime; quote_text_color=\u00a0\u00bb#000000&Prime; quote_font_size=\u00a0\u00bb20px\u00a0\u00bb text_orientation=\u00a0\u00bbcenter\u00a0\u00bb link_option_url=\u00a0\u00bb@ET-DC@eyJkeW5hbWljIjp0cnVlLCJjb250ZW50IjoicG9zdF9saW5rX3VybF9hdHRhY2htZW50Iiwic2V0dGluZ3MiOnsicG9zdF9pZCI6IjI0Nzg5In19@\u00a0\u00bb link_option_url_new_window=\u00a0\u00bbon\u00a0\u00bb text_font_size_tablet=\u00a0\u00bb15px\u00a0\u00bb text_font_size_phone=\u00a0\u00bb14px\u00a0\u00bb text_font_size_last_edited=\u00a0\u00bbon|desktop\u00a0\u00bb quote_font_size_tablet=\u00a0\u00bb16px\u00a0\u00bb quote_font_size_phone=\u00a0\u00bb14px\u00a0\u00bb quote_font_size_last_edited=\u00a0\u00bbon|desktop\u00a0\u00bb content_en_us=\u00a0\u00bbsee the pedigree\u00a0\u00bb content_pt_pt=\u00a0\u00bbver o pedigree<br \/>\n\u00a0\u00bb content_fr_fr=\u00a0\u00bbVoir son p\u00e9digr\u00e9e\u00a0\u00bb global_colors_info=\u00a0\u00bb{}\u00a0\u00bb]<\/p>\n<p>Stammbaum ansehen<\/p>\n<p>[\/et_pb_text][et_pb_text quote_border_color=\u00a0\u00bb#000000&Prime; _builder_version=\u00a0\u00bb4.27.4&Prime; _module_preset=\u00a0\u00bb_initial\u00a0\u00bb text_font=\u00a0\u00bb||||||||\u00a0\u00bb text_font_size=\u00a0\u00bb16px\u00a0\u00bb text_line_height=\u00a0\u00bb1.65em\u00a0\u00bb link_font=\u00a0\u00bb||||on||||\u00a0\u00bb link_text_color=\u00a0\u00bb#000000&Prime; quote_text_color=\u00a0\u00bb#000000&Prime; quote_font_size=\u00a0\u00bb20px\u00a0\u00bb text_orientation=\u00a0\u00bbcenter\u00a0\u00bb link_option_url=\u00a0\u00bbhttps:\/\/www.pawpeds.com\/db\/?a=p&#038;id=1782269&#038;g=4&#038;p=nfo&#038;o=elastic\u00a0\u00bb link_option_url_new_window=\u00a0\u00bbon\u00a0\u00bb text_font_size_tablet=\u00a0\u00bb15px\u00a0\u00bb text_font_size_phone=\u00a0\u00bb14px\u00a0\u00bb text_font_size_last_edited=\u00a0\u00bbon|desktop\u00a0\u00bb quote_font_size_tablet=\u00a0\u00bb16px\u00a0\u00bb quote_font_size_phone=\u00a0\u00bb14px\u00a0\u00bb quote_font_size_last_edited=\u00a0\u00bbon|desktop\u00a0\u00bb content_en_us=\u00a0\u00bb<\/p>\n<p>see the pedigree on Pawpeds<\/p>\n<p>\u00a0\u00bb content_pt_pt=\u00a0\u00bb<\/p>\n<p>ver o pedigree no Pawpeds<\/p>\n<p>\u00a0\u00bb content_fr_fr=\u00a0\u00bb<\/p>\n<p>Voir son p\u00e9digr\u00e9e sur Pawpeds<\/p>\n<p>\u00a0\u00bb locked=\u00a0\u00bboff\u00a0\u00bb global_colors_info=\u00a0\u00bb{}\u00a0\u00bb]<\/p>\n<p>Stammbaum auf Pawpeds<\/p>\n<p>[\/et_pb_text][et_pb_text _builder_version=\u00a0\u00bb4.27.4&Prime; _module_preset=\u00a0\u00bb_initial\u00a0\u00bb header_4_font=\u00a0\u00bb||||||||\u00a0\u00bb header_4_font_size=\u00a0\u00bb36px\u00a0\u00bb header_4_line_height=\u00a0\u00bb1.4em\u00a0\u00bb text_orientation=\u00a0\u00bbcenter\u00a0\u00bb custom_margin=\u00a0\u00bb||0px||false|false\u00a0\u00bb header_4_font_size_tablet=\u00a0\u00bb18px\u00a0\u00bb header_4_font_size_phone=\u00a0\u00bb15px\u00a0\u00bb header_4_font_size_last_edited=\u00a0\u00bbon|desktop\u00a0\u00bb content_en_us=\u00a0\u00bb<\/p>\n<h4>Medical tests<\/h4>\n<p>\u00a0\u00bb content_pt_pt=\u00a0\u00bb<\/p>\n<h4>Testes m\u00e9dicos<\/h4>\n<p>\u00a0\u00bb content_fr_fr=\u00a0\u00bb<\/p>\n<h4>Tests m\u00e9dicaux<\/h4>\n<p>\u00a0\u00bb global_colors_info=\u00a0\u00bb{}\u00a0\u00bb]<\/p>\n<h4>Medizinische Tests<\/h4>\n<p>[\/et_pb_text][et_pb_text quote_border_color=\u00a0\u00bb#000000&Prime; _builder_version=\u00a0\u00bb4.27.4&Prime; _module_preset=\u00a0\u00bb_initial\u00a0\u00bb text_font=\u00a0\u00bb||||||||\u00a0\u00bb text_font_size=\u00a0\u00bb16px\u00a0\u00bb text_line_height=\u00a0\u00bb1.65em\u00a0\u00bb link_font=\u00a0\u00bb||||on||||\u00a0\u00bb link_text_color=\u00a0\u00bb#000000&Prime; quote_text_color=\u00a0\u00bb#000000&Prime; quote_font_size=\u00a0\u00bb20px\u00a0\u00bb text_orientation=\u00a0\u00bbcenter\u00a0\u00bb text_font_size_tablet=\u00a0\u00bb15px\u00a0\u00bb text_font_size_phone=\u00a0\u00bb14px\u00a0\u00bb text_font_size_last_edited=\u00a0\u00bbon|desktop\u00a0\u00bb quote_font_size_tablet=\u00a0\u00bb16px\u00a0\u00bb quote_font_size_phone=\u00a0\u00bb14px\u00a0\u00bb quote_font_size_last_edited=\u00a0\u00bbon|desktop\u00a0\u00bb global_colors_info=\u00a0\u00bb{}\u00a0\u00bb]GSD IV, (Glykogenspeicherkrankeit) : Genotyp N\/N,<br \/>\nPKD (Pyruvatkinase-Defizienz: Genotyp N\/N,<br \/>\nAmber: Genotyp E\/E (kein Ambertr\u00e4ger)<br \/>\nHCM Screening : folgt, beide Eltern HCM Normal[\/et_pb_text][\/et_pb_column][et_pb_column type=\u00a0\u00bb1_2&Prime; _builder_version=\u00a0\u00bb4.27.4&Prime; _module_preset=\u00a0\u00bbdefault\u00a0\u00bb background_enable_image=\u00a0\u00bboff\u00a0\u00bb parallax=\u00a0\u00bbon\u00a0\u00bb global_colors_info=\u00a0\u00bb{}\u00a0\u00bb][et_pb_image src=\u00a0\u00bbhttps:\/\/blue-dreams-nfo.com\/wp-content\/uploads\/2025\/01\/DSC_0021-1.jpeg\u00a0\u00bb title_text=\u00a0\u00bbDSC_0021 (1)\u00a0\u00bb align=\u00a0\u00bbcenter\u00a0\u00bb force_fullwidth=\u00a0\u00bbon\u00a0\u00bb _builder_version=\u00a0\u00bb4.27.4&Prime; _module_preset=\u00a0\u00bbdefault\u00a0\u00bb border_radii=\u00a0\u00bbon|20px|20px|20px|20px\u00a0\u00bb box_shadow_style=\u00a0\u00bbpreset2&Prime; global_colors_info=\u00a0\u00bb{}\u00a0\u00bb][\/et_pb_image][\/et_pb_column][\/et_pb_row][\/et_pb_section][et_pb_section fb_built=\u00a0\u00bb1&Prime; disabled_on=\u00a0\u00bbon|on|on\u00a0\u00bb admin_label=\u00a0\u00bbContact Form\u00a0\u00bb _builder_version=\u00a0\u00bb4.24.2&Prime; _module_preset=\u00a0\u00bbdefault\u00a0\u00bb disabled=\u00a0\u00bbon\u00a0\u00bb locked=\u00a0\u00bboff\u00a0\u00bb collapsed=\u00a0\u00bbon\u00a0\u00bb global_colors_info=\u00a0\u00bb{}\u00a0\u00bb][et_pb_row _builder_version=\u00a0\u00bb4.24.1&Prime; _module_preset=\u00a0\u00bbdefault\u00a0\u00bb max_width=\u00a0\u00bb900px\u00a0\u00bb global_colors_info=\u00a0\u00bb{}\u00a0\u00bb][et_pb_column type=\u00a0\u00bb4_4&Prime; _builder_version=\u00a0\u00bb4.24.1&Prime; _module_preset=\u00a0\u00bbdefault\u00a0\u00bb global_colors_info=\u00a0\u00bb{}\u00a0\u00bb][et_pb_text _builder_version=\u00a0\u00bb4.27.4&Prime; _module_preset=\u00a0\u00bb_initial\u00a0\u00bb header_2_font=\u00a0\u00bb||||||||\u00a0\u00bb header_2_font_size=\u00a0\u00bb62px\u00a0\u00bb header_2_line_height=\u00a0\u00bb1.3em\u00a0\u00bb text_orientation=\u00a0\u00bbcenter\u00a0\u00bb header_2_font_size_tablet=\u00a0\u00bb32px\u00a0\u00bb header_2_font_size_phone=\u00a0\u00bb20px\u00a0\u00bb header_2_font_size_last_edited=\u00a0\u00bbon|desktop\u00a0\u00bb content_en_us=\u00a0\u00bb<\/p>\n<h2>Presentation<\/h2>\n<p>\u00a0\u00bb content_pt_pt=\u00a0\u00bb<\/p>\n<h2>Apresenta\u00e7\u00e3o<\/h2>\n<p>\u00a0\u00bb content_fr_fr=\u00a0\u00bb<\/p>\n<h2>Pr\u00e9sentation<\/h2>\n<p>\u00a0\u00bb global_colors_info=\u00a0\u00bb{}\u00a0\u00bb]<\/p>\n<h2>Vorstellung<\/h2>\n<p>[\/et_pb_text][et_pb_text quote_border_color=\u00a0\u00bb#000000&Prime; _builder_version=\u00a0\u00bb4.27.4&Prime; _module_preset=\u00a0\u00bb_initial\u00a0\u00bb text_font=\u00a0\u00bb||||||||\u00a0\u00bb text_font_size=\u00a0\u00bb16px\u00a0\u00bb text_line_height=\u00a0\u00bb1.65em\u00a0\u00bb link_font=\u00a0\u00bb||||on||||\u00a0\u00bb link_text_color=\u00a0\u00bb#000000&Prime; quote_text_color=\u00a0\u00bb#000000&Prime; quote_font_size=\u00a0\u00bb20px\u00a0\u00bb text_orientation=\u00a0\u00bbcenter\u00a0\u00bb text_font_size_tablet=\u00a0\u00bb15px\u00a0\u00bb text_font_size_phone=\u00a0\u00bb14px\u00a0\u00bb text_font_size_last_edited=\u00a0\u00bbon|desktop\u00a0\u00bb quote_font_size_tablet=\u00a0\u00bb16px\u00a0\u00bb quote_font_size_phone=\u00a0\u00bb14px\u00a0\u00bb quote_font_size_last_edited=\u00a0\u00bbon|desktop\u00a0\u00bb content_en_us=\u00a0\u00bb<\/p>\n<p>Nala had 4 litters and gave us a total of 24 healthy kittens. Nala has been spayed since spring 2024 and is now enjoying the sweet idleness.<\/p>\n<p>\u00a0\u00bb content_pt_pt=\u00a0\u00bb<\/p>\n<p>A Nala teve 4 ninhadas e deu-nos um total de 24 gatinhos saud\u00e1veis. A Nala foi esterilizada desde a primavera de 2024 e est\u00e1 agora a desfrutar do doce \u00f3cio.<\/p>\n<p>\u00a0\u00bb content_fr_fr=\u00a0\u00bb<\/p>\n<p>Nala a eu 4 port\u00e9es et nous a donn\u00e9 un total de 24 chatons en bonne sant\u00e9. Nala est castr\u00e9e depuis le printemps 2024 et profite d\u00e9sormais de la douceur de ne rien faire.<\/p>\n<p>\u00a0\u00bb global_colors_info=\u00a0\u00bb{}\u00a0\u00bb][\/et_pb_text][\/et_pb_column][\/et_pb_row][\/et_pb_section][et_pb_section fb_built=\u00a0\u00bb1&Prime; admin_label=\u00a0\u00bbContact Form\u00a0\u00bb _builder_version=\u00a0\u00bb4.24.2&Prime; _module_preset=\u00a0\u00bbdefault\u00a0\u00bb locked=\u00a0\u00bboff\u00a0\u00bb collapsed=\u00a0\u00bbon\u00a0\u00bb global_colors_info=\u00a0\u00bb{}\u00a0\u00bb][et_pb_row _builder_version=\u00a0\u00bb4.27.4&Prime; _module_preset=\u00a0\u00bbdefault\u00a0\u00bb max_width=\u00a0\u00bb900px\u00a0\u00bb global_colors_info=\u00a0\u00bb{}\u00a0\u00bb][et_pb_column type=\u00a0\u00bb4_4&Prime; _builder_version=\u00a0\u00bb4.24.1&Prime; _module_preset=\u00a0\u00bbdefault\u00a0\u00bb global_colors_info=\u00a0\u00bb{}\u00a0\u00bb][et_pb_text _builder_version=\u00a0\u00bb4.27.4&Prime; _module_preset=\u00a0\u00bb_initial\u00a0\u00bb header_2_font=\u00a0\u00bb||||||||\u00a0\u00bb header_2_font_size=\u00a0\u00bb62px\u00a0\u00bb header_2_line_height=\u00a0\u00bb1.3em\u00a0\u00bb text_orientation=\u00a0\u00bbcenter\u00a0\u00bb header_2_font_size_tablet=\u00a0\u00bb32px\u00a0\u00bb header_2_font_size_phone=\u00a0\u00bb20px\u00a0\u00bb header_2_font_size_last_edited=\u00a0\u00bbon|desktop\u00a0\u00bb content_en_us=\u00a0\u00bb<\/p>\n<h2>Gallery<\/h2>\n<p>\u00a0\u00bb content_pt_pt=\u00a0\u00bb<\/p>\n<h2>Galeria de fotos<\/h2>\n<p>\u00a0\u00bb content_fr_fr=\u00a0\u00bb<\/p>\n<h2>Galerie photo<\/h2>\n<p>\u00a0\u00bb global_colors_info=\u00a0\u00bb{}\u00a0\u00bb]<\/p>\n<h2>Fotogalerie<\/h2>\n<p>[\/et_pb_text][et_pb_gallery gallery_ids=\u00a0\u00bb24803,24801,24802,24800,24799,24798,24797,24796,24795,24794,24793,24792,24791,24790,24788,24805,24968,24969,24970,24971,24976,24977,25108,25109&Prime; posts_number=\u00a0\u00bb30&Prime; show_title_and_caption=\u00a0\u00bboff\u00a0\u00bb _builder_version=\u00a0\u00bb4.27.4&Prime; _module_preset=\u00a0\u00bbdefault\u00a0\u00bb border_radii_image=\u00a0\u00bbon|10px|10px|10px|10px\u00a0\u00bb box_shadow_style_image=\u00a0\u00bbpreset2&Prime; global_colors_info=\u00a0\u00bb{}\u00a0\u00bb][\/et_pb_gallery][\/et_pb_column][\/et_pb_row][\/et_pb_section][et_pb_section fb_built=\u00a0\u00bb1&Prime; admin_label=\u00a0\u00bbContact Form\u00a0\u00bb _builder_version=\u00a0\u00bb4.24.2&Prime; _module_preset=\u00a0\u00bbdefault\u00a0\u00bb locked=\u00a0\u00bboff\u00a0\u00bb collapsed=\u00a0\u00bbon\u00a0\u00bb global_colors_info=\u00a0\u00bb{}\u00a0\u00bb][et_pb_row _builder_version=\u00a0\u00bb4.24.1&Prime; _module_preset=\u00a0\u00bbdefault\u00a0\u00bb max_width=\u00a0\u00bb900px\u00a0\u00bb global_colors_info=\u00a0\u00bb{}\u00a0\u00bb][et_pb_column type=\u00a0\u00bb4_4&Prime; _builder_version=\u00a0\u00bb4.24.1&Prime; _module_preset=\u00a0\u00bbdefault\u00a0\u00bb global_colors_info=\u00a0\u00bb{}\u00a0\u00bb][et_pb_text _builder_version=\u00a0\u00bb4.27.4&Prime; _module_preset=\u00a0\u00bb_initial\u00a0\u00bb header_2_font=\u00a0\u00bb||||||||\u00a0\u00bb header_2_font_size=\u00a0\u00bb62px\u00a0\u00bb header_2_line_height=\u00a0\u00bb1.3em\u00a0\u00bb text_orientation=\u00a0\u00bbcenter\u00a0\u00bb header_2_font_size_tablet=\u00a0\u00bb32px\u00a0\u00bb header_2_font_size_phone=\u00a0\u00bb20px\u00a0\u00bb header_2_font_size_last_edited=\u00a0\u00bbon|desktop\u00a0\u00bb content_en_us=\u00a0\u00bb<\/p>\n<h2>Show results<\/h2>\n<p>\u00a0\u00bb content_pt_pt=\u00a0\u00bb<\/p>\n<h2>resultados da exposi\u00e7\u00e3o<\/h2>\n<p>\u00a0\u00bb content_fr_fr=\u00a0\u00bb<\/p>\n<h2>R\u00e9sultats d&rsquo;expositions<\/h2>\n<p>\u00a0\u00bb global_colors_info=\u00a0\u00bb{}\u00a0\u00bb]<\/p>\n<h2>Ausstellungsresultate<\/h2>\n<p>[\/et_pb_text][et_pb_text _builder_version=\u00a0\u00bb4.27.4&Prime; _module_preset=\u00a0\u00bbdefault\u00a0\u00bb locked=\u00a0\u00bboff\u00a0\u00bb global_colors_info=\u00a0\u00bb{}\u00a0\u00bb]<\/p>\n<p style=\"text-align: center;\">Junior Champion 2022<br \/>Champion 2023<\/p>\n<p>[\/et_pb_text][et_pb_text quote_border_color=\u00a0\u00bb#000000&Prime; _builder_version=\u00a0\u00bb4.27.4&Prime; _module_preset=\u00a0\u00bb_initial\u00a0\u00bb text_font=\u00a0\u00bb||||||||\u00a0\u00bb text_font_size=\u00a0\u00bb16px\u00a0\u00bb text_line_height=\u00a0\u00bb1.65em\u00a0\u00bb link_font=\u00a0\u00bb||||on||||\u00a0\u00bb link_text_color=\u00a0\u00bb#000000&Prime; quote_text_color=\u00a0\u00bb#000000&Prime; quote_font_size=\u00a0\u00bb20px\u00a0\u00bb text_orientation=\u00a0\u00bbcenter\u00a0\u00bb text_font_size_tablet=\u00a0\u00bb15px\u00a0\u00bb text_font_size_phone=\u00a0\u00bb14px\u00a0\u00bb text_font_size_last_edited=\u00a0\u00bbon|desktop\u00a0\u00bb quote_font_size_tablet=\u00a0\u00bb16px\u00a0\u00bb quote_font_size_phone=\u00a0\u00bb14px\u00a0\u00bb quote_font_size_last_edited=\u00a0\u00bbon|desktop\u00a0\u00bb global_colors_info=\u00a0\u00bb{}\u00a0\u00bb]<\/p>\n<table border=\"0\" style=\"width: 100%; border-collapse: collapse; float: left; height: 168px;\">\n<tbody>\n<tr style=\"height: 24px;\">\n<td style=\"width: 25%; height: 24px;\"><strong>Datum<\/strong><\/td>\n<td style=\"width: 25%; height: 24px;\"><strong>Ort<\/strong><\/td>\n<td style=\"width: 25%; height: 24px;\"><strong>Richter<\/strong><\/td>\n<td style=\"width: 25%; height: 24px;\"><strong>Reslultat<\/strong><\/td>\n<\/tr>\n<tr style=\"height: 24px;\">\n<td style=\"width: 25%; height: 24px;\"><span>31.08.2024<\/span><\/td>\n<td style=\"width: 25%; height: 24px;\"><span>Sargans<\/span><\/td>\n<td style=\"width: 25%; height: 24px;\"><span>Lucie P\u00e1nkov\u00e1<\/span><\/td>\n<td style=\"width: 25%; height: 24px;\">Ex 2<\/td>\n<\/tr>\n<tr style=\"height: 24px;\">\n<td style=\"width: 25%; height: 24px;\">22.09.2024<\/td>\n<td style=\"width: 25%; height: 24px;\">Cortaillod<\/td>\n<td style=\"width: 25%; height: 24px;\"><span>Gerardo Fraga y Guzman<\/span><\/td>\n<td style=\"width: 25%; height: 24px;\">Ex 1, CACC<\/td>\n<\/tr>\n<tr style=\"height: 24px;\">\n<td style=\"width: 25%; height: 24px;\"><span>12.10.2024<\/span><\/td>\n<td style=\"width: 25%; height: 24px;\"><span>Burgdorf<\/span><\/td>\n<td style=\"width: 25%; height: 24px;\"><span>Vladimir Isakov<\/span><\/td>\n<td style=\"width: 25%; height: 24px;\">Ex 2<\/td>\n<\/tr>\n<tr style=\"height: 24px;\">\n<td style=\"width: 25%; height: 24px;\"><span>13.10.2024<\/span><span><br \/><\/span><\/td>\n<td style=\"width: 25%; height: 24px;\"><span>Burgdorf<\/span><\/td>\n<td style=\"width: 25%; height: 24px;\"><span>Linda Riekstina<\/span><\/td>\n<td style=\"width: 25%; height: 24px;\">Ex 2<\/td>\n<\/tr>\n<tr style=\"height: 24px;\">\n<td style=\"width: 25%; height: 24px;\"><span>02.11.2024<\/span><span><br \/><\/span><\/td>\n<td style=\"width: 25%; height: 24px;\"><span>Baar<\/span><\/td>\n<td style=\"width: 25%; height: 24px;\"><span>Alexy Shchukin<\/span><\/td>\n<td style=\"width: 25%; height: 24px;\">Ex 2<\/td>\n<\/tr>\n<tr style=\"height: 24px;\">\n<td style=\"width: 25%; height: 24px;\"><span>03.11.2024<\/span><span><br \/><\/span><\/td>\n<td style=\"width: 25%; height: 24px;\"><span>Baar<\/span><\/td>\n<td style=\"width: 25%; height: 24px;\"><span>Marcin Biernaczyk<\/span><\/td>\n<td style=\"width: 25%; height: 24px;\">Ex 2<\/td>\n<\/tr>\n<tr>\n<td style=\"width: 25%;\"><span>11.01.2025<\/span><span><br \/><\/span><\/td>\n<td style=\"width: 25%;\"><span>Gen\u00e8ve<\/span><\/td>\n<td style=\"width: 25%;\"><span>Gianfranco Mantovani<\/span><\/td>\n<td style=\"width: 25%;\">Ex 2<\/td>\n<\/tr>\n<tr>\n<td style=\"width: 25%;\"><span>12.01.2025<\/span><span><br \/><\/span><\/td>\n<td style=\"width: 25%;\"><span>Gen\u00e8ve<\/span><\/td>\n<td style=\"width: 25%;\"><span>Henry Hornell <\/span><\/td>\n<td style=\"width: 25%;\">Ex 1, <span>CACJ, NOM<\/span><\/td>\n<\/tr>\n<\/tbody>\n<\/table>\n<p>[\/et_pb_text][\/et_pb_column][\/et_pb_row][\/et_pb_section]<\/p>\n","protected":false},"excerpt":{"rendered":"<p>Lua av Skara Brae*CHGeburtsdatum03.04.2024FarbeNFO fs 24 schwarz Schildpatt silber getupftGeschlechtKastraten weiblichStammbaumStammbaum ansehenStammbaum auf PawpedsMedizinische TestsGSD IV, (Glykogenspeicherkrankeit) : Genotyp N\/N, PKD (Pyruvatkinase-Defizienz: Genotyp N\/N, Amber: Genotyp E\/E (kein Ambertr\u00e4ger) HCM Screening : folgt, beide Eltern HCM NormalVorstellungFotogalerieAusstellungsresultateJunior Champion 2022Champion 2023 Datum Ort Richter Reslultat 31.08.2024 Sargans Lucie P\u00e1nkov\u00e1 Ex 2 22.09.2024 Cortaillod Gerardo Fraga y [&hellip;]<\/p>\n","protected":false},"author":1,"featured_media":0,"parent":24628,"menu_order":0,"comment_status":"closed","ping_status":"closed","template":"","meta":{"_et_pb_use_builder":"on","_et_pb_old_content":"","_et_gb_content_width":"","footnotes":""},"class_list":["post-24787","page","type-page","status-publish","hentry"],"_links":{"self":[{"href":"https:\/\/blue-dreams-nfo.com\/fr\/wp-json\/wp\/v2\/pages\/24787","targetHints":{"allow":["GET"]}}],"collection":[{"href":"https:\/\/blue-dreams-nfo.com\/fr\/wp-json\/wp\/v2\/pages"}],"about":[{"href":"https:\/\/blue-dreams-nfo.com\/fr\/wp-json\/wp\/v2\/types\/page"}],"author":[{"embeddable":true,"href":"https:\/\/blue-dreams-nfo.com\/fr\/wp-json\/wp\/v2\/users\/1"}],"replies":[{"embeddable":true,"href":"https:\/\/blue-dreams-nfo.com\/fr\/wp-json\/wp\/v2\/comments?post=24787"}],"version-history":[{"count":10,"href":"https:\/\/blue-dreams-nfo.com\/fr\/wp-json\/wp\/v2\/pages\/24787\/revisions"}],"predecessor-version":[{"id":26414,"href":"https:\/\/blue-dreams-nfo.com\/fr\/wp-json\/wp\/v2\/pages\/24787\/revisions\/26414"}],"up":[{"embeddable":true,"href":"https:\/\/blue-dreams-nfo.com\/fr\/wp-json\/wp\/v2\/pages\/24628"}],"wp:attachment":[{"href":"https:\/\/blue-dreams-nfo.com\/fr\/wp-json\/wp\/v2\/media?parent=24787"}],"curies":[{"name":"wp","href":"https:\/\/api.w.org\/{rel}","templated":true}]}}